{"id":3483,"date":"2025-11-07T15:53:47","date_gmt":"2025-11-07T07:53:47","guid":{"rendered":"https:\/\/www.cnxiangfu.com\/?post_type=product&#038;p=3483"},"modified":"2025-11-07T16:02:12","modified_gmt":"2025-11-07T08:02:12","slug":"sac-de-plage-pour-femmes-sac-fourre-tout-de-plage-en-paille-avec-poignee-de-pompon-de-poche-doublure-impermeable-pour-cadeau-de-piscine-de-vacances-dete-%e5%a4%8d%e5%88%b6","status":"publish","type":"product","link":"https:\/\/www.cnxiangfu.com\/fr\/produit\/sac-de-plage-pour-femmes-sac-fourre-tout-de-plage-en-paille-avec-poignee-de-pompon-de-poche-doublure-impermeable-pour-cadeau-de-piscine-de-vacances-dete-%e5%a4%8d%e5%88%b6\/","title":{"rendered":"Paquet de 10 petits sacs cadeaux en toile de jute avec des rubans bleus pour c\u00e9libataire, demoiselle d\u2019honneur, mariage Bienvenue Fourre-tout en jute r\u00e9utilisable"},"content":{"rendered":"\t\t<div data-elementor-type=\"product-post\" data-elementor-id=\"3483\" class=\"elementor elementor-3483 elementor-3481\" data-elementor-post-type=\"product\">\n\t\t\t\t<div class=\"elementor-element elementor-element-31f5d34 e-flex e-con-boxed e-con e-parent\" data-id=\"31f5d34\" data-element_type=\"container\" data-e-type=\"container\">\n\t\t\t\t\t<div class=\"e-con-inner\">\n\t\t\t\t\t<\/div>\n\t\t\t\t<\/div>\n\t\t\t\t<\/div>\n\t\t","protected":false},"excerpt":{"rendered":"<p>Nom du produit&nbsp;: Sac de<\/p>\n<p>jute Taille du produit&nbsp;: Largeur 21cm x Hauteur 35cm x Largeur inf\u00e9rieure 8cm (unit\u00e9&nbsp;: centim\u00e8tres)<\/p>\n<p> Tissu du sac&nbsp;: Toile de jute<\/p>\n<p>Poign\u00e9e&nbsp;: Sangle de coton \u00e9paisse, avec une forte capacit\u00e9<\/p>\n<p>de charge Utilisation&nbsp;: Voyage, Shopping, Utilisation quotidienne<\/p>\n","protected":false},"featured_media":3001,"comment_status":"open","ping_status":"closed","template":"","meta":{"_acf_changed":false},"product_brand":[],"product_cat":[106],"product_tag":[],"class_list":{"0":"post-3483","1":"product","2":"type-product","3":"status-publish","4":"has-post-thumbnail","6":"product_cat-sac-en-jute-personnalise","8":"first","9":"instock","10":"shipping-taxable","11":"product-type-simple"},"acf":[],"_links":{"self":[{"href":"https:\/\/www.cnxiangfu.com\/fr\/wp-json\/wp\/v2\/product\/3483","targetHints":{"allow":["GET"]}}],"collection":[{"href":"https:\/\/www.cnxiangfu.com\/fr\/wp-json\/wp\/v2\/product"}],"about":[{"href":"https:\/\/www.cnxiangfu.com\/fr\/wp-json\/wp\/v2\/types\/product"}],"replies":[{"embeddable":true,"href":"https:\/\/www.cnxiangfu.com\/fr\/wp-json\/wp\/v2\/comments?post=3483"}],"version-history":[{"count":4,"href":"https:\/\/www.cnxiangfu.com\/fr\/wp-json\/wp\/v2\/product\/3483\/revisions"}],"predecessor-version":[{"id":3534,"href":"https:\/\/www.cnxiangfu.com\/fr\/wp-json\/wp\/v2\/product\/3483\/revisions\/3534"}],"wp:featuredmedia":[{"embeddable":true,"href":"https:\/\/www.cnxiangfu.com\/fr\/wp-json\/wp\/v2\/media\/3001"}],"wp:attachment":[{"href":"https:\/\/www.cnxiangfu.com\/fr\/wp-json\/wp\/v2\/media?parent=3483"}],"wp:term":[{"taxonomy":"product_brand","embeddable":true,"href":"https:\/\/www.cnxiangfu.com\/fr\/wp-json\/wp\/v2\/product_brand?post=3483"},{"taxonomy":"product_cat","embeddable":true,"href":"https:\/\/www.cnxiangfu.com\/fr\/wp-json\/wp\/v2\/product_cat?post=3483"},{"taxonomy":"product_tag","embeddable":true,"href":"https:\/\/www.cnxiangfu.com\/fr\/wp-json\/wp\/v2\/product_tag?post=3483"}],"curies":[{"name":"wp","href":"https:\/\/api.w.org\/{rel}","templated":true}]}}