{"id":3739,"date":"2025-11-07T16:34:53","date_gmt":"2025-11-07T08:34:53","guid":{"rendered":"https:\/\/www.cnxiangfu.com\/?post_type=product&#038;p=3739"},"modified":"2025-11-07T16:36:57","modified_gmt":"2025-11-07T08:36:57","slug":"paquet-de-10-petits-sacs-cadeaux-en-toile-de-jute-avec-des-rubans-bleus-pour-celibataire-demoiselle-dhonneur-mariage-bienvenue-fourre-tout-en-jute-reutilisable-%e5%a4%8d%e5%88%b6","status":"publish","type":"product","link":"https:\/\/www.cnxiangfu.com\/fr\/produit\/paquet-de-10-petits-sacs-cadeaux-en-toile-de-jute-avec-des-rubans-bleus-pour-celibataire-demoiselle-dhonneur-mariage-bienvenue-fourre-tout-en-jute-reutilisable-%e5%a4%8d%e5%88%b6\/","title":{"rendered":"Sacs fourre-tout en jute, 16,5 \u00ab&nbsp;x 13&nbsp;\u00bb x 7&nbsp;\u00bb grand sac fourre-tout en toile de jute avec poign\u00e9es, sac de plage pour femmes, sac de demoiselle d\u2019honneur d\u2019\u00e9picerie tissage de sacs fourre-tout pour la plage, le mariage, le shopping, le voyage"},"content":{"rendered":"\t\t<div data-elementor-type=\"product-post\" data-elementor-id=\"3739\" class=\"elementor elementor-3739 elementor-3737\" data-elementor-post-type=\"product\">\n\t\t\t\t<div class=\"elementor-element elementor-element-31f5d34 e-flex e-con-boxed e-con e-parent\" data-id=\"31f5d34\" data-element_type=\"container\" data-e-type=\"container\">\n\t\t\t\t\t<div class=\"e-con-inner\">\n\t\t\t\t\t<\/div>\n\t\t\t\t<\/div>\n\t\t\t\t<\/div>\n\t\t","protected":false},"excerpt":{"rendered":"<p>Nom du produit&nbsp;: Sac de<\/p>\n<p>jute Taille du produit&nbsp;: Largeur42cm x Hauteur 33cm x Largeur inf\u00e9rieure 18cm (unit\u00e9&nbsp;: centim\u00e8tres)<\/p>\n<p> Tissu du sac&nbsp;: Toile de jute<\/p>\n<p>Poign\u00e9e&nbsp;: Sangle de coton \u00e9paisse, avec une forte capacit\u00e9<\/p>\n<p>de charge Utilisation&nbsp;: Voyage, Shopping, Utilisation quotidienne<\/p>\n","protected":false},"featured_media":3001,"comment_status":"open","ping_status":"closed","template":"","meta":{"_acf_changed":false},"product_brand":[],"product_cat":[106],"product_tag":[],"class_list":{"0":"post-3739","1":"product","2":"type-product","3":"status-publish","4":"has-post-thumbnail","6":"product_cat-sac-en-jute-personnalise","8":"first","9":"instock","10":"shipping-taxable","11":"purchasable","12":"product-type-simple"},"acf":[],"_links":{"self":[{"href":"https:\/\/www.cnxiangfu.com\/fr\/wp-json\/wp\/v2\/product\/3739","targetHints":{"allow":["GET"]}}],"collection":[{"href":"https:\/\/www.cnxiangfu.com\/fr\/wp-json\/wp\/v2\/product"}],"about":[{"href":"https:\/\/www.cnxiangfu.com\/fr\/wp-json\/wp\/v2\/types\/product"}],"replies":[{"embeddable":true,"href":"https:\/\/www.cnxiangfu.com\/fr\/wp-json\/wp\/v2\/comments?post=3739"}],"version-history":[{"count":2,"href":"https:\/\/www.cnxiangfu.com\/fr\/wp-json\/wp\/v2\/product\/3739\/revisions"}],"predecessor-version":[{"id":3755,"href":"https:\/\/www.cnxiangfu.com\/fr\/wp-json\/wp\/v2\/product\/3739\/revisions\/3755"}],"wp:featuredmedia":[{"embeddable":true,"href":"https:\/\/www.cnxiangfu.com\/fr\/wp-json\/wp\/v2\/media\/3001"}],"wp:attachment":[{"href":"https:\/\/www.cnxiangfu.com\/fr\/wp-json\/wp\/v2\/media?parent=3739"}],"wp:term":[{"taxonomy":"product_brand","embeddable":true,"href":"https:\/\/www.cnxiangfu.com\/fr\/wp-json\/wp\/v2\/product_brand?post=3739"},{"taxonomy":"product_cat","embeddable":true,"href":"https:\/\/www.cnxiangfu.com\/fr\/wp-json\/wp\/v2\/product_cat?post=3739"},{"taxonomy":"product_tag","embeddable":true,"href":"https:\/\/www.cnxiangfu.com\/fr\/wp-json\/wp\/v2\/product_tag?post=3739"}],"curies":[{"name":"wp","href":"https:\/\/api.w.org\/{rel}","templated":true}]}}