{"id":3906,"date":"2025-11-08T10:06:30","date_gmt":"2025-11-08T02:06:30","guid":{"rendered":"https:\/\/www.cnxiangfu.com\/?post_type=product&#038;p=3906"},"modified":"2025-11-10T15:40:06","modified_gmt":"2025-11-10T07:40:06","slug":"sac-fourre-tout-en-toile-topdesign-avec-poche-exterieure-sac-depicerie-reutilisable-fermeture-a-glissiere-sur-le-dessus-essentiels-quotidiens-%e5%a4%8d%e5%88%b6-3","status":"publish","type":"product","link":"https:\/\/www.cnxiangfu.com\/fr\/produit\/sac-fourre-tout-en-toile-topdesign-avec-poche-exterieure-sac-depicerie-reutilisable-fermeture-a-glissiere-sur-le-dessus-essentiels-quotidiens-%e5%a4%8d%e5%88%b6-3\/","title":{"rendered":"Sac fourre-tout en laine pour femmes &#8211; sac de transport polyvalent pour le travail et l\u2019\u00e9cole, sac \u00e0 bandouli\u00e8re unique, sac \u00e0 bandouli\u00e8re de grande capacit\u00e9 de mode d\u2019exportation"},"content":{"rendered":"\t\t<div data-elementor-type=\"product-post\" data-elementor-id=\"3906\" class=\"elementor elementor-3906 elementor-3904\" data-elementor-post-type=\"product\">\n\t\t\t\t<div class=\"elementor-element elementor-element-31f5d34 e-flex e-con-boxed e-con e-parent\" data-id=\"31f5d34\" data-element_type=\"container\" data-e-type=\"container\">\n\t\t\t\t\t<div class=\"e-con-inner\">\n\t\t\t\t<div class=\"elementor-element elementor-element-c0ce038 elementor-widget elementor-widget-image\" data-id=\"c0ce038\" data-element_type=\"widget\" data-e-type=\"widget\" data-widget_type=\"image.default\">\n\t\t\t\t\t\t\t\t\t\t\t\t\t\t\t<img fetchpriority=\"high\" decoding=\"async\" width=\"1500\" height=\"1395\" src=\"https:\/\/www.cnxiangfu.com\/wp-content\/uploads\/2025\/11\/19_819aBzLeQ2L._AC_SL1500_.jpg\" class=\"attachment-full size-full wp-image-4876\" alt=\"\" srcset=\"https:\/\/www.cnxiangfu.com\/wp-content\/uploads\/2025\/11\/19_819aBzLeQ2L._AC_SL1500_.jpg 1500w, https:\/\/www.cnxiangfu.com\/wp-content\/uploads\/2025\/11\/19_819aBzLeQ2L._AC_SL1500_-300x279.jpg 300w, https:\/\/www.cnxiangfu.com\/wp-content\/uploads\/2025\/11\/19_819aBzLeQ2L._AC_SL1500_-1024x952.jpg 1024w, https:\/\/www.cnxiangfu.com\/wp-content\/uploads\/2025\/11\/19_819aBzLeQ2L._AC_SL1500_-768x714.jpg 768w, https:\/\/www.cnxiangfu.com\/wp-content\/uploads\/2025\/11\/19_819aBzLeQ2L._AC_SL1500_-600x558.jpg 600w\" sizes=\"(max-width: 1500px) 100vw, 1500px\" title=\"\">\t\t\t\t\t\t\t\t\t\t\t\t\t\t\t<\/div>\n\t\t\t\t<div class=\"elementor-element elementor-element-94d938f elementor-widget elementor-widget-image\" data-id=\"94d938f\" data-element_type=\"widget\" data-e-type=\"widget\" data-widget_type=\"image.default\">\n\t\t\t\t\t\t\t\t\t\t\t\t\t\t\t<img decoding=\"async\" width=\"1438\" height=\"1494\" src=\"https:\/\/www.cnxiangfu.com\/wp-content\/uploads\/2025\/11\/33_71VIUOR8tKL._AC_SL1500_.jpg\" class=\"attachment-full size-full wp-image-4877\" alt=\"\" srcset=\"https:\/\/www.cnxiangfu.com\/wp-content\/uploads\/2025\/11\/33_71VIUOR8tKL._AC_SL1500_.jpg 1438w, https:\/\/www.cnxiangfu.com\/wp-content\/uploads\/2025\/11\/33_71VIUOR8tKL._AC_SL1500_-289x300.jpg 289w, https:\/\/www.cnxiangfu.com\/wp-content\/uploads\/2025\/11\/33_71VIUOR8tKL._AC_SL1500_-986x1024.jpg 986w, https:\/\/www.cnxiangfu.com\/wp-content\/uploads\/2025\/11\/33_71VIUOR8tKL._AC_SL1500_-768x798.jpg 768w, https:\/\/www.cnxiangfu.com\/wp-content\/uploads\/2025\/11\/33_71VIUOR8tKL._AC_SL1500_-600x623.jpg 600w\" sizes=\"(max-width: 1438px) 100vw, 1438px\" title=\"\">\t\t\t\t\t\t\t\t\t\t\t\t\t\t\t<\/div>\n\t\t\t\t<div class=\"elementor-element elementor-element-ca76c3a elementor-widget elementor-widget-image\" data-id=\"ca76c3a\" data-element_type=\"widget\" data-e-type=\"widget\" data-widget_type=\"image.default\">\n\t\t\t\t\t\t\t\t\t\t\t\t\t\t\t<img decoding=\"async\" width=\"1500\" height=\"1171\" src=\"https:\/\/www.cnxiangfu.com\/wp-content\/uploads\/2025\/11\/51_71GL4bj-EYL._AC_SL1500_.jpg\" class=\"attachment-full size-full wp-image-4878\" alt=\"\" srcset=\"https:\/\/www.cnxiangfu.com\/wp-content\/uploads\/2025\/11\/51_71GL4bj-EYL._AC_SL1500_.jpg 1500w, https:\/\/www.cnxiangfu.com\/wp-content\/uploads\/2025\/11\/51_71GL4bj-EYL._AC_SL1500_-300x234.jpg 300w, https:\/\/www.cnxiangfu.com\/wp-content\/uploads\/2025\/11\/51_71GL4bj-EYL._AC_SL1500_-1024x799.jpg 1024w, https:\/\/www.cnxiangfu.com\/wp-content\/uploads\/2025\/11\/51_71GL4bj-EYL._AC_SL1500_-768x600.jpg 768w, https:\/\/www.cnxiangfu.com\/wp-content\/uploads\/2025\/11\/51_71GL4bj-EYL._AC_SL1500_-600x468.jpg 600w\" sizes=\"(max-width: 1500px) 100vw, 1500px\" title=\"\">\t\t\t\t\t\t\t\t\t\t\t\t\t\t\t<\/div>\n\t\t\t\t\t<\/div>\n\t\t\t\t<\/div>\n\t\t\t\t<\/div>\n\t\t","protected":false},"excerpt":{"rendered":"<p>Nom du produit&nbsp;: sac<\/p>\n<p>Taille du produit&nbsp;: Largeur 35cm x Hauteur 39cm<\/p>\n<p>Tissu du sac&nbsp;: Polaire<\/p>\n<p>Poign\u00e9e&nbsp;: Sangle en coton \u00e9pais, avec une forte capacit\u00e9<\/p>\n<p>de charge Utilisation&nbsp;: Voyage, Shopping, Utilisation quotidienne<\/p>\n","protected":false},"featured_media":4828,"comment_status":"open","ping_status":"closed","template":"","meta":{"_acf_changed":false},"product_brand":[],"product_cat":[97],"product_tag":[],"class_list":{"0":"post-3906","1":"product","2":"type-product","3":"status-publish","4":"has-post-thumbnail","6":"product_cat-sacs-en-toile-personnalises","8":"first","9":"onbackorder","10":"shipping-taxable","11":"purchasable","12":"product-type-simple"},"acf":[],"_links":{"self":[{"href":"https:\/\/www.cnxiangfu.com\/fr\/wp-json\/wp\/v2\/product\/3906","targetHints":{"allow":["GET"]}}],"collection":[{"href":"https:\/\/www.cnxiangfu.com\/fr\/wp-json\/wp\/v2\/product"}],"about":[{"href":"https:\/\/www.cnxiangfu.com\/fr\/wp-json\/wp\/v2\/types\/product"}],"replies":[{"embeddable":true,"href":"https:\/\/www.cnxiangfu.com\/fr\/wp-json\/wp\/v2\/comments?post=3906"}],"version-history":[{"count":8,"href":"https:\/\/www.cnxiangfu.com\/fr\/wp-json\/wp\/v2\/product\/3906\/revisions"}],"predecessor-version":[{"id":4879,"href":"https:\/\/www.cnxiangfu.com\/fr\/wp-json\/wp\/v2\/product\/3906\/revisions\/4879"}],"wp:featuredmedia":[{"embeddable":true,"href":"https:\/\/www.cnxiangfu.com\/fr\/wp-json\/wp\/v2\/media\/4828"}],"wp:attachment":[{"href":"https:\/\/www.cnxiangfu.com\/fr\/wp-json\/wp\/v2\/media?parent=3906"}],"wp:term":[{"taxonomy":"product_brand","embeddable":true,"href":"https:\/\/www.cnxiangfu.com\/fr\/wp-json\/wp\/v2\/product_brand?post=3906"},{"taxonomy":"product_cat","embeddable":true,"href":"https:\/\/www.cnxiangfu.com\/fr\/wp-json\/wp\/v2\/product_cat?post=3906"},{"taxonomy":"product_tag","embeddable":true,"href":"https:\/\/www.cnxiangfu.com\/fr\/wp-json\/wp\/v2\/product_tag?post=3906"}],"curies":[{"name":"wp","href":"https:\/\/api.w.org\/{rel}","templated":true}]}}