{"id":3986,"date":"2025-11-08T10:33:40","date_gmt":"2025-11-08T02:33:40","guid":{"rendered":"https:\/\/www.cnxiangfu.com\/?post_type=product&#038;p=3986"},"modified":"2025-11-08T10:38:06","modified_gmt":"2025-11-08T02:38:06","slug":"sac-fourre-tout-en-toile-topdesign-avec-poche-exterieure-sac-depicerie-reutilisable-fermeture-a-glissiere-sur-le-dessus-essentiels-quotidiens-%e5%a4%8d%e5%88%b6-4","status":"publish","type":"product","link":"https:\/\/www.cnxiangfu.com\/fr\/produit\/sac-fourre-tout-en-toile-topdesign-avec-poche-exterieure-sac-depicerie-reutilisable-fermeture-a-glissiere-sur-le-dessus-essentiels-quotidiens-%e5%a4%8d%e5%88%b6-4\/","title":{"rendered":"Sac fourre-tout en toile, poches, fermeture \u00e9clair, durable, l\u00e9ger, sac en tissu de coton, cadeaux"},"content":{"rendered":"\t\t<div data-elementor-type=\"product-post\" data-elementor-id=\"3986\" class=\"elementor elementor-3986 elementor-3984\" data-elementor-post-type=\"product\">\n\t\t\t\t<div class=\"elementor-element elementor-element-31f5d34 e-flex e-con-boxed e-con e-parent\" data-id=\"31f5d34\" data-element_type=\"container\" data-e-type=\"container\">\n\t\t\t\t\t<div class=\"e-con-inner\">\n\t\t\t\t<div class=\"elementor-element elementor-element-c0ce038 elementor-widget elementor-widget-image\" data-id=\"c0ce038\" data-element_type=\"widget\" data-e-type=\"widget\" data-widget_type=\"image.default\">\n\t\t\t\t\t\t\t\t\t\t\t\t\t\t\t<img fetchpriority=\"high\" decoding=\"async\" width=\"1500\" height=\"1498\" src=\"https:\/\/www.cnxiangfu.com\/wp-content\/uploads\/2025\/11\/3-4-6.jpg\" class=\"attachment-full size-full wp-image-4024\" alt=\"\" srcset=\"https:\/\/www.cnxiangfu.com\/wp-content\/uploads\/2025\/11\/3-4-6.jpg 1500w, https:\/\/www.cnxiangfu.com\/wp-content\/uploads\/2025\/11\/3-4-6-300x300.jpg 300w, https:\/\/www.cnxiangfu.com\/wp-content\/uploads\/2025\/11\/3-4-6-1024x1024.jpg 1024w, https:\/\/www.cnxiangfu.com\/wp-content\/uploads\/2025\/11\/3-4-6-150x150.jpg 150w, https:\/\/www.cnxiangfu.com\/wp-content\/uploads\/2025\/11\/3-4-6-768x767.jpg 768w, https:\/\/www.cnxiangfu.com\/wp-content\/uploads\/2025\/11\/3-4-6-650x650.jpg 650w, https:\/\/www.cnxiangfu.com\/wp-content\/uploads\/2025\/11\/3-4-6-600x599.jpg 600w, https:\/\/www.cnxiangfu.com\/wp-content\/uploads\/2025\/11\/3-4-6-100x100.jpg 100w\" sizes=\"(max-width: 1500px) 100vw, 1500px\" title=\"\">\t\t\t\t\t\t\t\t\t\t\t\t\t\t\t<\/div>\n\t\t\t\t<div class=\"elementor-element elementor-element-94d938f elementor-widget elementor-widget-image\" data-id=\"94d938f\" data-element_type=\"widget\" data-e-type=\"widget\" data-widget_type=\"image.default\">\n\t\t\t\t\t\t\t\t\t\t\t\t\t\t\t<img decoding=\"async\" width=\"1427\" height=\"1500\" src=\"https:\/\/www.cnxiangfu.com\/wp-content\/uploads\/2025\/11\/3-5-5.jpg\" class=\"attachment-full size-full wp-image-4025\" alt=\"\" srcset=\"https:\/\/www.cnxiangfu.com\/wp-content\/uploads\/2025\/11\/3-5-5.jpg 1427w, https:\/\/www.cnxiangfu.com\/wp-content\/uploads\/2025\/11\/3-5-5-285x300.jpg 285w, https:\/\/www.cnxiangfu.com\/wp-content\/uploads\/2025\/11\/3-5-5-974x1024.jpg 974w, https:\/\/www.cnxiangfu.com\/wp-content\/uploads\/2025\/11\/3-5-5-768x807.jpg 768w, https:\/\/www.cnxiangfu.com\/wp-content\/uploads\/2025\/11\/3-5-5-600x631.jpg 600w\" sizes=\"(max-width: 1427px) 100vw, 1427px\" title=\"\">\t\t\t\t\t\t\t\t\t\t\t\t\t\t\t<\/div>\n\t\t\t\t<div class=\"elementor-element elementor-element-ca76c3a elementor-widget elementor-widget-image\" data-id=\"ca76c3a\" data-element_type=\"widget\" data-e-type=\"widget\" data-widget_type=\"image.default\">\n\t\t\t\t\t\t\t\t\t\t\t\t\t\t\t<img decoding=\"async\" width=\"1500\" height=\"1229\" src=\"https:\/\/www.cnxiangfu.com\/wp-content\/uploads\/2025\/11\/3-6-6.jpg\" class=\"attachment-full size-full wp-image-4027\" alt=\"\" srcset=\"https:\/\/www.cnxiangfu.com\/wp-content\/uploads\/2025\/11\/3-6-6.jpg 1500w, https:\/\/www.cnxiangfu.com\/wp-content\/uploads\/2025\/11\/3-6-6-300x246.jpg 300w, https:\/\/www.cnxiangfu.com\/wp-content\/uploads\/2025\/11\/3-6-6-1024x839.jpg 1024w, https:\/\/www.cnxiangfu.com\/wp-content\/uploads\/2025\/11\/3-6-6-768x629.jpg 768w, https:\/\/www.cnxiangfu.com\/wp-content\/uploads\/2025\/11\/3-6-6-600x492.jpg 600w\" sizes=\"(max-width: 1500px) 100vw, 1500px\" title=\"\">\t\t\t\t\t\t\t\t\t\t\t\t\t\t\t<\/div>\n\t\t\t\t<div class=\"elementor-element elementor-element-c55fcd3 elementor-widget elementor-widget-image\" data-id=\"c55fcd3\" data-element_type=\"widget\" data-e-type=\"widget\" data-widget_type=\"image.default\">\n\t\t\t\t\t\t\t\t\t\t\t\t\t\t\t<img loading=\"lazy\" decoding=\"async\" width=\"1013\" height=\"1500\" src=\"https:\/\/www.cnxiangfu.com\/wp-content\/uploads\/2025\/11\/3-7-4.jpg\" class=\"attachment-full size-full wp-image-4028\" alt=\"\" srcset=\"https:\/\/www.cnxiangfu.com\/wp-content\/uploads\/2025\/11\/3-7-4.jpg 1013w, https:\/\/www.cnxiangfu.com\/wp-content\/uploads\/2025\/11\/3-7-4-203x300.jpg 203w, https:\/\/www.cnxiangfu.com\/wp-content\/uploads\/2025\/11\/3-7-4-692x1024.jpg 692w, https:\/\/www.cnxiangfu.com\/wp-content\/uploads\/2025\/11\/3-7-4-768x1137.jpg 768w, https:\/\/www.cnxiangfu.com\/wp-content\/uploads\/2025\/11\/3-7-4-600x888.jpg 600w\" sizes=\"(max-width: 1013px) 100vw, 1013px\" title=\"\">\t\t\t\t\t\t\t\t\t\t\t\t\t\t\t<\/div>\n\t\t\t\t\t<\/div>\n\t\t\t\t<\/div>\n\t\t\t\t<\/div>\n\t\t","protected":false},"excerpt":{"rendered":"<p>Nom du produit&nbsp;: Sac<\/p>\n<p>en toile Taille du produit&nbsp;: Largeur 40cm x Hauteur 38cm x Largeur inf\u00e9rieure 12cm (unit\u00e9&nbsp;: centim\u00e8tres)<\/p>\n<p>Tissu du sac&nbsp;: Toile<\/p>\n<p>Poign\u00e9e&nbsp;: Sangle en coton \u00e9pais, avec une forte capacit\u00e9<\/p>\n<p>de charge Utilisation&nbsp;: Voyage, Shopping, Utilisation quotidienne<\/p>\n","protected":false},"featured_media":3995,"comment_status":"open","ping_status":"closed","template":"","meta":{"_acf_changed":false},"product_brand":[],"product_cat":[97],"product_tag":[],"class_list":{"0":"post-3986","1":"product","2":"type-product","3":"status-publish","4":"has-post-thumbnail","6":"product_cat-sacs-en-toile-personnalises","8":"first","9":"onbackorder","10":"shipping-taxable","11":"purchasable","12":"product-type-simple"},"acf":[],"_links":{"self":[{"href":"https:\/\/www.cnxiangfu.com\/fr\/wp-json\/wp\/v2\/product\/3986","targetHints":{"allow":["GET"]}}],"collection":[{"href":"https:\/\/www.cnxiangfu.com\/fr\/wp-json\/wp\/v2\/product"}],"about":[{"href":"https:\/\/www.cnxiangfu.com\/fr\/wp-json\/wp\/v2\/types\/product"}],"replies":[{"embeddable":true,"href":"https:\/\/www.cnxiangfu.com\/fr\/wp-json\/wp\/v2\/comments?post=3986"}],"version-history":[{"count":3,"href":"https:\/\/www.cnxiangfu.com\/fr\/wp-json\/wp\/v2\/product\/3986\/revisions"}],"predecessor-version":[{"id":4029,"href":"https:\/\/www.cnxiangfu.com\/fr\/wp-json\/wp\/v2\/product\/3986\/revisions\/4029"}],"wp:featuredmedia":[{"embeddable":true,"href":"https:\/\/www.cnxiangfu.com\/fr\/wp-json\/wp\/v2\/media\/3995"}],"wp:attachment":[{"href":"https:\/\/www.cnxiangfu.com\/fr\/wp-json\/wp\/v2\/media?parent=3986"}],"wp:term":[{"taxonomy":"product_brand","embeddable":true,"href":"https:\/\/www.cnxiangfu.com\/fr\/wp-json\/wp\/v2\/product_brand?post=3986"},{"taxonomy":"product_cat","embeddable":true,"href":"https:\/\/www.cnxiangfu.com\/fr\/wp-json\/wp\/v2\/product_cat?post=3986"},{"taxonomy":"product_tag","embeddable":true,"href":"https:\/\/www.cnxiangfu.com\/fr\/wp-json\/wp\/v2\/product_tag?post=3986"}],"curies":[{"name":"wp","href":"https:\/\/api.w.org\/{rel}","templated":true}]}}