{"id":4187,"date":"2025-11-08T14:30:53","date_gmt":"2025-11-08T06:30:53","guid":{"rendered":"https:\/\/www.cnxiangfu.com\/?post_type=product&#038;p=4187"},"modified":"2025-11-10T09:55:45","modified_gmt":"2025-11-10T01:55:45","slug":"esthetique-du-sac-fourre-tout-en-toile-pour-les-femmes-sacs-a-bandouliere-fourre-tout-reutilisables-pour-les-vacances-le-shopping-le-travail-lepicerie-%e5%a4%8d%e5%88%b6-2","status":"publish","type":"product","link":"https:\/\/www.cnxiangfu.com\/fr\/produit\/esthetique-du-sac-fourre-tout-en-toile-pour-les-femmes-sacs-a-bandouliere-fourre-tout-reutilisables-pour-les-vacances-le-shopping-le-travail-lepicerie-%e5%a4%8d%e5%88%b6-2\/","title":{"rendered":"Sacs d\u2019emballage de cadeaux de No\u00ebl transfrontaliers personnalis\u00e9s, grande capacit\u00e9, portables, pliables, sacs \u00e0 main en tissu non tiss\u00e9 pour No\u00ebl"},"content":{"rendered":"\t\t<div data-elementor-type=\"product-post\" data-elementor-id=\"4187\" class=\"elementor elementor-4187 elementor-4185\" data-elementor-post-type=\"product\">\n\t\t\t\t<div class=\"elementor-element elementor-element-31f5d34 e-flex e-con-boxed e-con e-parent\" data-id=\"31f5d34\" data-element_type=\"container\" data-e-type=\"container\">\n\t\t\t\t\t<div class=\"e-con-inner\">\n\t\t\t\t<div class=\"elementor-element elementor-element-7e9e94b elementor-widget elementor-widget-image\" data-id=\"7e9e94b\" data-element_type=\"widget\" data-e-type=\"widget\" data-widget_type=\"image.default\">\n\t\t\t\t\t\t\t\t\t\t\t\t\t\t\t<img fetchpriority=\"high\" decoding=\"async\" width=\"922\" height=\"913\" src=\"https:\/\/www.cnxiangfu.com\/wp-content\/uploads\/2025\/11\/17.png\" class=\"attachment-full size-full wp-image-4617\" alt=\"\" srcset=\"https:\/\/www.cnxiangfu.com\/wp-content\/uploads\/2025\/11\/17.png 922w, https:\/\/www.cnxiangfu.com\/wp-content\/uploads\/2025\/11\/17-300x297.png 300w, https:\/\/www.cnxiangfu.com\/wp-content\/uploads\/2025\/11\/17-150x150.png 150w, https:\/\/www.cnxiangfu.com\/wp-content\/uploads\/2025\/11\/17-768x761.png 768w, https:\/\/www.cnxiangfu.com\/wp-content\/uploads\/2025\/11\/17-600x594.png 600w, https:\/\/www.cnxiangfu.com\/wp-content\/uploads\/2025\/11\/17-100x100.png 100w\" sizes=\"(max-width: 922px) 100vw, 922px\" title=\"\">\t\t\t\t\t\t\t\t\t\t\t\t\t\t\t<\/div>\n\t\t\t\t<div class=\"elementor-element elementor-element-89be96d elementor-widget elementor-widget-image\" data-id=\"89be96d\" data-element_type=\"widget\" data-e-type=\"widget\" data-widget_type=\"image.default\">\n\t\t\t\t\t\t\t\t\t\t\t\t\t\t\t<img decoding=\"async\" width=\"922\" height=\"941\" src=\"https:\/\/www.cnxiangfu.com\/wp-content\/uploads\/2025\/11\/18.jpg\" class=\"attachment-full size-full wp-image-4618\" alt=\"\" srcset=\"https:\/\/www.cnxiangfu.com\/wp-content\/uploads\/2025\/11\/18.jpg 922w, https:\/\/www.cnxiangfu.com\/wp-content\/uploads\/2025\/11\/18-294x300.jpg 294w, https:\/\/www.cnxiangfu.com\/wp-content\/uploads\/2025\/11\/18-768x784.jpg 768w, https:\/\/www.cnxiangfu.com\/wp-content\/uploads\/2025\/11\/18-600x612.jpg 600w\" sizes=\"(max-width: 922px) 100vw, 922px\" title=\"\">\t\t\t\t\t\t\t\t\t\t\t\t\t\t\t<\/div>\n\t\t\t\t<div class=\"elementor-element elementor-element-40e55a6 elementor-widget elementor-widget-image\" data-id=\"40e55a6\" data-element_type=\"widget\" data-e-type=\"widget\" data-widget_type=\"image.default\">\n\t\t\t\t\t\t\t\t\t\t\t\t\t\t\t<img decoding=\"async\" width=\"922\" height=\"957\" src=\"https:\/\/www.cnxiangfu.com\/wp-content\/uploads\/2025\/11\/19.jpg\" class=\"attachment-full size-full wp-image-4619\" alt=\"\" srcset=\"https:\/\/www.cnxiangfu.com\/wp-content\/uploads\/2025\/11\/19.jpg 922w, https:\/\/www.cnxiangfu.com\/wp-content\/uploads\/2025\/11\/19-289x300.jpg 289w, https:\/\/www.cnxiangfu.com\/wp-content\/uploads\/2025\/11\/19-768x797.jpg 768w, https:\/\/www.cnxiangfu.com\/wp-content\/uploads\/2025\/11\/19-600x623.jpg 600w\" sizes=\"(max-width: 922px) 100vw, 922px\" title=\"\">\t\t\t\t\t\t\t\t\t\t\t\t\t\t\t<\/div>\n\t\t\t\t\t<\/div>\n\t\t\t\t<\/div>\n\t\t\t\t<\/div>\n\t\t","protected":false},"excerpt":{"rendered":"<p>Nom du produit&nbsp;: Sac<\/p>\n<p>en toile Taille du produit&nbsp;: Largeur 25cm x Hauteur 31cm x Largeur lat\u00e9rale 15cm (unit\u00e9&nbsp;: centim\u00e8tres)<\/p>\n<p> Tissu du sac&nbsp;: Toile<\/p>\n<p>Poign\u00e9e&nbsp;: Sangle en coton \u00e9pais, avec une forte capacit\u00e9<\/p>\n<p>de charge Utilisation&nbsp;: Voyage, Shopping, Utilisation quotidienne<\/p>\n","protected":false},"featured_media":4238,"comment_status":"open","ping_status":"closed","template":"","meta":{"_acf_changed":false},"product_brand":[],"product_cat":[114],"product_tag":[],"class_list":{"0":"post-4187","1":"product","2":"type-product","3":"status-publish","4":"has-post-thumbnail","6":"product_cat-sac-non-tisse-personnalise","8":"first","9":"onbackorder","10":"shipping-taxable","11":"purchasable","12":"product-type-simple"},"acf":[],"_links":{"self":[{"href":"https:\/\/www.cnxiangfu.com\/fr\/wp-json\/wp\/v2\/product\/4187","targetHints":{"allow":["GET"]}}],"collection":[{"href":"https:\/\/www.cnxiangfu.com\/fr\/wp-json\/wp\/v2\/product"}],"about":[{"href":"https:\/\/www.cnxiangfu.com\/fr\/wp-json\/wp\/v2\/types\/product"}],"replies":[{"embeddable":true,"href":"https:\/\/www.cnxiangfu.com\/fr\/wp-json\/wp\/v2\/comments?post=4187"}],"version-history":[{"count":3,"href":"https:\/\/www.cnxiangfu.com\/fr\/wp-json\/wp\/v2\/product\/4187\/revisions"}],"predecessor-version":[{"id":4622,"href":"https:\/\/www.cnxiangfu.com\/fr\/wp-json\/wp\/v2\/product\/4187\/revisions\/4622"}],"wp:featuredmedia":[{"embeddable":true,"href":"https:\/\/www.cnxiangfu.com\/fr\/wp-json\/wp\/v2\/media\/4238"}],"wp:attachment":[{"href":"https:\/\/www.cnxiangfu.com\/fr\/wp-json\/wp\/v2\/media?parent=4187"}],"wp:term":[{"taxonomy":"product_brand","embeddable":true,"href":"https:\/\/www.cnxiangfu.com\/fr\/wp-json\/wp\/v2\/product_brand?post=4187"},{"taxonomy":"product_cat","embeddable":true,"href":"https:\/\/www.cnxiangfu.com\/fr\/wp-json\/wp\/v2\/product_cat?post=4187"},{"taxonomy":"product_tag","embeddable":true,"href":"https:\/\/www.cnxiangfu.com\/fr\/wp-json\/wp\/v2\/product_tag?post=4187"}],"curies":[{"name":"wp","href":"https:\/\/api.w.org\/{rel}","templated":true}]}}