{"id":4311,"date":"2025-11-08T16:52:00","date_gmt":"2025-11-08T08:52:00","guid":{"rendered":"https:\/\/www.cnxiangfu.com\/?post_type=product&#038;p=4311"},"modified":"2025-11-08T16:55:31","modified_gmt":"2025-11-08T08:55:31","slug":"sacs-fourre-tout-en-jute-165-x-13-x-7-grand-sac-fourre-tout-en-toile-de-jute-avec-poignees-sac-de-plage-pour-femmes-sac-de-demoiselle-dhonneur-d-5","status":"publish","type":"product","link":"https:\/\/www.cnxiangfu.com\/fr\/produit\/sacs-fourre-tout-en-jute-165-x-13-x-7-grand-sac-fourre-tout-en-toile-de-jute-avec-poignees-sac-de-plage-pour-femmes-sac-de-demoiselle-dhonneur-d-5\/","title":{"rendered":"Sacs fourre-tout en toile de jute avec poign\u00e9es, sacs d\u2019\u00e9picerie en jute bleu avec int\u00e9rieur lamin\u00e9 pour mariage, 15,8 x 11,8 x 5,9 pouces"},"content":{"rendered":"\t\t<div data-elementor-type=\"product-post\" data-elementor-id=\"4311\" class=\"elementor elementor-4311 elementor-4309\" data-elementor-post-type=\"product\">\n\t\t\t\t<div class=\"elementor-element elementor-element-31f5d34 e-flex e-con-boxed e-con e-parent\" data-id=\"31f5d34\" data-element_type=\"container\" data-e-type=\"container\">\n\t\t\t\t\t<div class=\"e-con-inner\">\n\t\t\t\t<div class=\"elementor-element elementor-element-eb69c31 elementor-widget elementor-widget-image\" data-id=\"eb69c31\" data-element_type=\"widget\" data-e-type=\"widget\" data-widget_type=\"image.default\">\n\t\t\t\t\t\t\t\t\t\t\t\t\t\t\t<img fetchpriority=\"high\" decoding=\"async\" width=\"1200\" height=\"1500\" src=\"https:\/\/www.cnxiangfu.com\/wp-content\/uploads\/2025\/11\/3-10.jpg\" class=\"attachment-full size-full wp-image-4521\" alt=\"\" srcset=\"https:\/\/www.cnxiangfu.com\/wp-content\/uploads\/2025\/11\/3-10.jpg 1200w, https:\/\/www.cnxiangfu.com\/wp-content\/uploads\/2025\/11\/3-10-240x300.jpg 240w, https:\/\/www.cnxiangfu.com\/wp-content\/uploads\/2025\/11\/3-10-819x1024.jpg 819w, https:\/\/www.cnxiangfu.com\/wp-content\/uploads\/2025\/11\/3-10-768x960.jpg 768w, https:\/\/www.cnxiangfu.com\/wp-content\/uploads\/2025\/11\/3-10-600x750.jpg 600w\" sizes=\"(max-width: 1200px) 100vw, 1200px\" title=\"\">\t\t\t\t\t\t\t\t\t\t\t\t\t\t\t<\/div>\n\t\t\t\t<div class=\"elementor-element elementor-element-479ffce elementor-widget elementor-widget-image\" data-id=\"479ffce\" data-element_type=\"widget\" data-e-type=\"widget\" data-widget_type=\"image.default\">\n\t\t\t\t\t\t\t\t\t\t\t\t\t\t\t<img decoding=\"async\" width=\"1200\" height=\"1500\" src=\"https:\/\/www.cnxiangfu.com\/wp-content\/uploads\/2025\/11\/3-12.jpg\" class=\"attachment-full size-full wp-image-4522\" alt=\"\" srcset=\"https:\/\/www.cnxiangfu.com\/wp-content\/uploads\/2025\/11\/3-12.jpg 1200w, https:\/\/www.cnxiangfu.com\/wp-content\/uploads\/2025\/11\/3-12-240x300.jpg 240w, https:\/\/www.cnxiangfu.com\/wp-content\/uploads\/2025\/11\/3-12-819x1024.jpg 819w, https:\/\/www.cnxiangfu.com\/wp-content\/uploads\/2025\/11\/3-12-768x960.jpg 768w, https:\/\/www.cnxiangfu.com\/wp-content\/uploads\/2025\/11\/3-12-600x750.jpg 600w\" sizes=\"(max-width: 1200px) 100vw, 1200px\" title=\"\">\t\t\t\t\t\t\t\t\t\t\t\t\t\t\t<\/div>\n\t\t\t\t<div class=\"elementor-element elementor-element-cf4a18d elementor-widget elementor-widget-image\" data-id=\"cf4a18d\" data-element_type=\"widget\" data-e-type=\"widget\" data-widget_type=\"image.default\">\n\t\t\t\t\t\t\t\t\t\t\t\t\t\t\t<img decoding=\"async\" width=\"1200\" height=\"1500\" src=\"https:\/\/www.cnxiangfu.com\/wp-content\/uploads\/2025\/11\/3-13.jpg\" class=\"attachment-full size-full wp-image-4523\" alt=\"\" srcset=\"https:\/\/www.cnxiangfu.com\/wp-content\/uploads\/2025\/11\/3-13.jpg 1200w, https:\/\/www.cnxiangfu.com\/wp-content\/uploads\/2025\/11\/3-13-240x300.jpg 240w, https:\/\/www.cnxiangfu.com\/wp-content\/uploads\/2025\/11\/3-13-819x1024.jpg 819w, https:\/\/www.cnxiangfu.com\/wp-content\/uploads\/2025\/11\/3-13-768x960.jpg 768w, https:\/\/www.cnxiangfu.com\/wp-content\/uploads\/2025\/11\/3-13-600x750.jpg 600w\" sizes=\"(max-width: 1200px) 100vw, 1200px\" title=\"\">\t\t\t\t\t\t\t\t\t\t\t\t\t\t\t<\/div>\n\t\t\t\t<div class=\"elementor-element elementor-element-dccaeac elementor-widget elementor-widget-image\" data-id=\"dccaeac\" data-element_type=\"widget\" data-e-type=\"widget\" data-widget_type=\"image.default\">\n\t\t\t\t\t\t\t\t\t\t\t\t\t\t\t<img loading=\"lazy\" decoding=\"async\" width=\"1200\" height=\"1500\" src=\"https:\/\/www.cnxiangfu.com\/wp-content\/uploads\/2025\/11\/3-14.jpg\" class=\"attachment-full size-full wp-image-4524\" alt=\"\" srcset=\"https:\/\/www.cnxiangfu.com\/wp-content\/uploads\/2025\/11\/3-14.jpg 1200w, https:\/\/www.cnxiangfu.com\/wp-content\/uploads\/2025\/11\/3-14-240x300.jpg 240w, https:\/\/www.cnxiangfu.com\/wp-content\/uploads\/2025\/11\/3-14-819x1024.jpg 819w, https:\/\/www.cnxiangfu.com\/wp-content\/uploads\/2025\/11\/3-14-768x960.jpg 768w, https:\/\/www.cnxiangfu.com\/wp-content\/uploads\/2025\/11\/3-14-600x750.jpg 600w\" sizes=\"(max-width: 1200px) 100vw, 1200px\" title=\"\">\t\t\t\t\t\t\t\t\t\t\t\t\t\t\t<\/div>\n\t\t\t\t\t<\/div>\n\t\t\t\t<\/div>\n\t\t\t\t<\/div>\n\t\t","protected":false},"excerpt":{"rendered":"<p>Nom du produit&nbsp;: Sac de<\/p>\n<p>jute Taille du produit&nbsp;: Largeur28cm x Hauteur 35cm x Largeur inf\u00e9rieure 10cm (unit\u00e9&nbsp;: centim\u00e8tres)<\/p>\n<p> Tissu du sac&nbsp;: Toile de jute<\/p>\n<p>Poign\u00e9e&nbsp;: Sangle de coton \u00e9paisse, avec une forte capacit\u00e9<\/p>\n<p>de charge Utilisation&nbsp;: Voyage, Shopping, Utilisation quotidienne<\/p>\n","protected":false},"featured_media":3001,"comment_status":"open","ping_status":"closed","template":"","meta":{"_acf_changed":false},"product_brand":[],"product_cat":[106],"product_tag":[],"class_list":{"0":"post-4311","1":"product","2":"type-product","3":"status-publish","4":"has-post-thumbnail","6":"product_cat-sac-en-jute-personnalise","8":"first","9":"onbackorder","10":"shipping-taxable","11":"purchasable","12":"product-type-simple"},"acf":[],"_links":{"self":[{"href":"https:\/\/www.cnxiangfu.com\/fr\/wp-json\/wp\/v2\/product\/4311","targetHints":{"allow":["GET"]}}],"collection":[{"href":"https:\/\/www.cnxiangfu.com\/fr\/wp-json\/wp\/v2\/product"}],"about":[{"href":"https:\/\/www.cnxiangfu.com\/fr\/wp-json\/wp\/v2\/types\/product"}],"replies":[{"embeddable":true,"href":"https:\/\/www.cnxiangfu.com\/fr\/wp-json\/wp\/v2\/comments?post=4311"}],"version-history":[{"count":4,"href":"https:\/\/www.cnxiangfu.com\/fr\/wp-json\/wp\/v2\/product\/4311\/revisions"}],"predecessor-version":[{"id":4525,"href":"https:\/\/www.cnxiangfu.com\/fr\/wp-json\/wp\/v2\/product\/4311\/revisions\/4525"}],"wp:featuredmedia":[{"embeddable":true,"href":"https:\/\/www.cnxiangfu.com\/fr\/wp-json\/wp\/v2\/media\/3001"}],"wp:attachment":[{"href":"https:\/\/www.cnxiangfu.com\/fr\/wp-json\/wp\/v2\/media?parent=4311"}],"wp:term":[{"taxonomy":"product_brand","embeddable":true,"href":"https:\/\/www.cnxiangfu.com\/fr\/wp-json\/wp\/v2\/product_brand?post=4311"},{"taxonomy":"product_cat","embeddable":true,"href":"https:\/\/www.cnxiangfu.com\/fr\/wp-json\/wp\/v2\/product_cat?post=4311"},{"taxonomy":"product_tag","embeddable":true,"href":"https:\/\/www.cnxiangfu.com\/fr\/wp-json\/wp\/v2\/product_tag?post=4311"}],"curies":[{"name":"wp","href":"https:\/\/api.w.org\/{rel}","templated":true}]}}