{"id":4714,"date":"2025-11-10T10:46:00","date_gmt":"2025-11-10T02:46:00","guid":{"rendered":"https:\/\/www.cnxiangfu.com\/?post_type=product&#038;p=4714"},"modified":"2025-11-10T17:42:10","modified_gmt":"2025-11-10T09:42:10","slug":"sacs-en-toile-de-jute-avec-cordon-de-serrage-sac-cadeau-rustique-7x10-pouces-en-vrac-pour-tasses-pots-mason-noel-avent-sacs-cadeaux-de-vacances-sacs-de-cadeaux-de-mariage-et-danniversai","status":"publish","type":"product","link":"https:\/\/www.cnxiangfu.com\/fr\/produit\/sacs-en-toile-de-jute-avec-cordon-de-serrage-sac-cadeau-rustique-7x10-pouces-en-vrac-pour-tasses-pots-mason-noel-avent-sacs-cadeaux-de-vacances-sacs-de-cadeaux-de-mariage-et-danniversai\/","title":{"rendered":"Sacs cadeaux en toile de jute Sacs de jute de mariage en toile de jute Pochettes de bijoux en lin avec cordon de serrage pour anniversaire, f\u00eate, faveurs de mariage, cadeau, art et bricolage (25 pi\u00e8ces, caf\u00e9, 3 \u00ab&nbsp;x 4&nbsp;\u00bb)"},"content":{"rendered":"\t\t<div data-elementor-type=\"product-post\" data-elementor-id=\"4714\" class=\"elementor elementor-4714 elementor-4712\" data-elementor-post-type=\"product\">\n\t\t\t\t<div class=\"elementor-element elementor-element-31f5d34 e-flex e-con-boxed e-con e-parent\" data-id=\"31f5d34\" data-element_type=\"container\" data-e-type=\"container\">\n\t\t\t\t\t<div class=\"e-con-inner\">\n\t\t\t\t<div class=\"elementor-element elementor-element-3e03ac4 elementor-widget elementor-widget-image\" data-id=\"3e03ac4\" data-element_type=\"widget\" data-e-type=\"widget\" data-widget_type=\"image.default\">\n\t\t\t\t\t\t\t\t\t\t\t\t\t\t\t<img fetchpriority=\"high\" decoding=\"async\" width=\"1200\" height=\"1490\" src=\"https:\/\/www.cnxiangfu.com\/wp-content\/uploads\/2025\/11\/2_61CslG1gL._AC_SL1500_.jpg\" class=\"attachment-full size-full wp-image-4912\" alt=\"\" srcset=\"https:\/\/www.cnxiangfu.com\/wp-content\/uploads\/2025\/11\/2_61CslG1gL._AC_SL1500_.jpg 1200w, https:\/\/www.cnxiangfu.com\/wp-content\/uploads\/2025\/11\/2_61CslG1gL._AC_SL1500_-242x300.jpg 242w, https:\/\/www.cnxiangfu.com\/wp-content\/uploads\/2025\/11\/2_61CslG1gL._AC_SL1500_-825x1024.jpg 825w, https:\/\/www.cnxiangfu.com\/wp-content\/uploads\/2025\/11\/2_61CslG1gL._AC_SL1500_-768x954.jpg 768w, https:\/\/www.cnxiangfu.com\/wp-content\/uploads\/2025\/11\/2_61CslG1gL._AC_SL1500_-600x745.jpg 600w\" sizes=\"(max-width: 1200px) 100vw, 1200px\" title=\"\">\t\t\t\t\t\t\t\t\t\t\t\t\t\t\t<\/div>\n\t\t\t\t<div class=\"elementor-element elementor-element-553f34a elementor-widget elementor-widget-image\" data-id=\"553f34a\" data-element_type=\"widget\" data-e-type=\"widget\" data-widget_type=\"image.default\">\n\t\t\t\t\t\t\t\t\t\t\t\t\t\t\t<img decoding=\"async\" width=\"1200\" height=\"1500\" src=\"https:\/\/www.cnxiangfu.com\/wp-content\/uploads\/2025\/11\/11_71KrKKewhAL._AC_SL1500_.jpg\" class=\"attachment-full size-full wp-image-4913\" alt=\"\" srcset=\"https:\/\/www.cnxiangfu.com\/wp-content\/uploads\/2025\/11\/11_71KrKKewhAL._AC_SL1500_.jpg 1200w, https:\/\/www.cnxiangfu.com\/wp-content\/uploads\/2025\/11\/11_71KrKKewhAL._AC_SL1500_-240x300.jpg 240w, https:\/\/www.cnxiangfu.com\/wp-content\/uploads\/2025\/11\/11_71KrKKewhAL._AC_SL1500_-819x1024.jpg 819w, https:\/\/www.cnxiangfu.com\/wp-content\/uploads\/2025\/11\/11_71KrKKewhAL._AC_SL1500_-768x960.jpg 768w, https:\/\/www.cnxiangfu.com\/wp-content\/uploads\/2025\/11\/11_71KrKKewhAL._AC_SL1500_-600x750.jpg 600w\" sizes=\"(max-width: 1200px) 100vw, 1200px\" title=\"\">\t\t\t\t\t\t\t\t\t\t\t\t\t\t\t<\/div>\n\t\t\t\t<div class=\"elementor-element elementor-element-afe466a elementor-widget elementor-widget-image\" data-id=\"afe466a\" data-element_type=\"widget\" data-e-type=\"widget\" data-widget_type=\"image.default\">\n\t\t\t\t\t\t\t\t\t\t\t\t\t\t\t<img decoding=\"async\" width=\"1200\" height=\"1500\" src=\"https:\/\/www.cnxiangfu.com\/wp-content\/uploads\/2025\/11\/6_71fbY1kTSrL._AC_SL1500_.jpg\" class=\"attachment-full size-full wp-image-4914\" alt=\"\" srcset=\"https:\/\/www.cnxiangfu.com\/wp-content\/uploads\/2025\/11\/6_71fbY1kTSrL._AC_SL1500_.jpg 1200w, https:\/\/www.cnxiangfu.com\/wp-content\/uploads\/2025\/11\/6_71fbY1kTSrL._AC_SL1500_-240x300.jpg 240w, https:\/\/www.cnxiangfu.com\/wp-content\/uploads\/2025\/11\/6_71fbY1kTSrL._AC_SL1500_-819x1024.jpg 819w, https:\/\/www.cnxiangfu.com\/wp-content\/uploads\/2025\/11\/6_71fbY1kTSrL._AC_SL1500_-768x960.jpg 768w, https:\/\/www.cnxiangfu.com\/wp-content\/uploads\/2025\/11\/6_71fbY1kTSrL._AC_SL1500_-600x750.jpg 600w\" sizes=\"(max-width: 1200px) 100vw, 1200px\" title=\"\">\t\t\t\t\t\t\t\t\t\t\t\t\t\t\t<\/div>\n\t\t\t\t\t<\/div>\n\t\t\t\t<\/div>\n\t\t\t\t<\/div>\n\t\t","protected":false},"excerpt":{"rendered":"<p>Nom du produit&nbsp;: Sac<\/p>\n<p>en toile Taille du produit&nbsp;: Largeur 3 pouces x Hauteur 4 pouces (unit\u00e9&nbsp;: pouce)<\/p>\n<p>Sac Tissu&nbsp;: Toile de jute<\/p>\n<p>Poign\u00e9e&nbsp;: Sangle en coton \u00e9pais, avec une forte capacit\u00e9<\/p>\n<p>de charge Utilisation&nbsp;: Voyage, Shopping, Utilisation quotidienne<\/p>\n","protected":false},"featured_media":3001,"comment_status":"open","ping_status":"closed","template":"","meta":{"_acf_changed":false},"product_brand":[],"product_cat":[70,110,106],"product_tag":[],"class_list":{"0":"post-4714","1":"product","2":"type-product","3":"status-publish","4":"has-post-thumbnail","6":"product_cat-drawstring-bag","7":"product_cat-custom-drawstring-bag","8":"product_cat-sac-en-jute-personnalise","10":"first","11":"onbackorder","12":"shipping-taxable","13":"purchasable","14":"product-type-simple"},"acf":[],"_links":{"self":[{"href":"https:\/\/www.cnxiangfu.com\/fr\/wp-json\/wp\/v2\/product\/4714","targetHints":{"allow":["GET"]}}],"collection":[{"href":"https:\/\/www.cnxiangfu.com\/fr\/wp-json\/wp\/v2\/product"}],"about":[{"href":"https:\/\/www.cnxiangfu.com\/fr\/wp-json\/wp\/v2\/types\/product"}],"replies":[{"embeddable":true,"href":"https:\/\/www.cnxiangfu.com\/fr\/wp-json\/wp\/v2\/comments?post=4714"}],"version-history":[{"count":6,"href":"https:\/\/www.cnxiangfu.com\/fr\/wp-json\/wp\/v2\/product\/4714\/revisions"}],"predecessor-version":[{"id":4915,"href":"https:\/\/www.cnxiangfu.com\/fr\/wp-json\/wp\/v2\/product\/4714\/revisions\/4915"}],"wp:featuredmedia":[{"embeddable":true,"href":"https:\/\/www.cnxiangfu.com\/fr\/wp-json\/wp\/v2\/media\/3001"}],"wp:attachment":[{"href":"https:\/\/www.cnxiangfu.com\/fr\/wp-json\/wp\/v2\/media?parent=4714"}],"wp:term":[{"taxonomy":"product_brand","embeddable":true,"href":"https:\/\/www.cnxiangfu.com\/fr\/wp-json\/wp\/v2\/product_brand?post=4714"},{"taxonomy":"product_cat","embeddable":true,"href":"https:\/\/www.cnxiangfu.com\/fr\/wp-json\/wp\/v2\/product_cat?post=4714"},{"taxonomy":"product_tag","embeddable":true,"href":"https:\/\/www.cnxiangfu.com\/fr\/wp-json\/wp\/v2\/product_tag?post=4714"}],"curies":[{"name":"wp","href":"https:\/\/api.w.org\/{rel}","templated":true}]}}