{"id":4743,"date":"2025-11-10T10:52:23","date_gmt":"2025-11-10T02:52:23","guid":{"rendered":"https:\/\/www.cnxiangfu.com\/?post_type=product&#038;p=4743"},"modified":"2025-11-10T11:00:43","modified_gmt":"2025-11-10T03:00:43","slug":"sac-en-polyester-%e5%a4%8d%e5%88%b6","status":"publish","type":"product","link":"https:\/\/www.cnxiangfu.com\/fr\/produit\/sac-en-polyester-%e5%a4%8d%e5%88%b6\/","title":{"rendered":"Grand sac en polyester pour femmes, sac de sport pour la salle de sport avec poche humide et compartiment \u00e0 chaussures, sac de voyage pour week-end de nuit"},"content":{"rendered":"\t\t<div data-elementor-type=\"product-post\" data-elementor-id=\"4743\" class=\"elementor elementor-4743\" data-elementor-post-type=\"product\">\n\t\t\t\t<div class=\"elementor-element elementor-element-85f443a e-flex e-con-boxed e-con e-parent\" data-id=\"85f443a\" data-element_type=\"container\" data-e-type=\"container\">\n\t\t\t\t\t<div class=\"e-con-inner\">\n\t\t\t\t<div class=\"elementor-element elementor-element-08b8070 elementor-widget elementor-widget-image\" data-id=\"08b8070\" data-element_type=\"widget\" data-e-type=\"widget\" data-widget_type=\"image.default\">\n\t\t\t\t\t\t\t\t\t\t\t\t\t\t\t<img fetchpriority=\"high\" decoding=\"async\" width=\"800\" height=\"800\" src=\"https:\/\/www.cnxiangfu.com\/wp-content\/uploads\/2025\/11\/10_6147SmKR-sL._AC_SL1000_.jpg\" class=\"attachment-large size-large wp-image-4806\" alt=\"\" srcset=\"https:\/\/www.cnxiangfu.com\/wp-content\/uploads\/2025\/11\/10_6147SmKR-sL._AC_SL1000_.jpg 1000w, https:\/\/www.cnxiangfu.com\/wp-content\/uploads\/2025\/11\/10_6147SmKR-sL._AC_SL1000_-300x300.jpg 300w, https:\/\/www.cnxiangfu.com\/wp-content\/uploads\/2025\/11\/10_6147SmKR-sL._AC_SL1000_-150x150.jpg 150w, https:\/\/www.cnxiangfu.com\/wp-content\/uploads\/2025\/11\/10_6147SmKR-sL._AC_SL1000_-768x768.jpg 768w, https:\/\/www.cnxiangfu.com\/wp-content\/uploads\/2025\/11\/10_6147SmKR-sL._AC_SL1000_-650x650.jpg 650w, https:\/\/www.cnxiangfu.com\/wp-content\/uploads\/2025\/11\/10_6147SmKR-sL._AC_SL1000_-600x600.jpg 600w, https:\/\/www.cnxiangfu.com\/wp-content\/uploads\/2025\/11\/10_6147SmKR-sL._AC_SL1000_-100x100.jpg 100w\" sizes=\"(max-width: 800px) 100vw, 800px\" title=\"\">\t\t\t\t\t\t\t\t\t\t\t\t\t\t\t<\/div>\n\t\t\t\t<div class=\"elementor-element elementor-element-8e817ad elementor-widget elementor-widget-image\" data-id=\"8e817ad\" data-element_type=\"widget\" data-e-type=\"widget\" data-widget_type=\"image.default\">\n\t\t\t\t\t\t\t\t\t\t\t\t\t\t\t<img decoding=\"async\" width=\"800\" height=\"801\" src=\"https:\/\/www.cnxiangfu.com\/wp-content\/uploads\/2025\/11\/11_61KNmuQqaJL._AC_SL1000_.jpg\" class=\"attachment-large size-large wp-image-4807\" alt=\"\" srcset=\"https:\/\/www.cnxiangfu.com\/wp-content\/uploads\/2025\/11\/11_61KNmuQqaJL._AC_SL1000_.jpg 982w, https:\/\/www.cnxiangfu.com\/wp-content\/uploads\/2025\/11\/11_61KNmuQqaJL._AC_SL1000_-300x300.jpg 300w, https:\/\/www.cnxiangfu.com\/wp-content\/uploads\/2025\/11\/11_61KNmuQqaJL._AC_SL1000_-150x150.jpg 150w, https:\/\/www.cnxiangfu.com\/wp-content\/uploads\/2025\/11\/11_61KNmuQqaJL._AC_SL1000_-768x769.jpg 768w, https:\/\/www.cnxiangfu.com\/wp-content\/uploads\/2025\/11\/11_61KNmuQqaJL._AC_SL1000_-650x650.jpg 650w, https:\/\/www.cnxiangfu.com\/wp-content\/uploads\/2025\/11\/11_61KNmuQqaJL._AC_SL1000_-600x601.jpg 600w, https:\/\/www.cnxiangfu.com\/wp-content\/uploads\/2025\/11\/11_61KNmuQqaJL._AC_SL1000_-100x100.jpg 100w\" sizes=\"(max-width: 800px) 100vw, 800px\" title=\"\">\t\t\t\t\t\t\t\t\t\t\t\t\t\t\t<\/div>\n\t\t\t\t<div class=\"elementor-element elementor-element-46ad791 elementor-widget elementor-widget-image\" data-id=\"46ad791\" data-element_type=\"widget\" data-e-type=\"widget\" data-widget_type=\"image.default\">\n\t\t\t\t\t\t\t\t\t\t\t\t\t\t\t<img decoding=\"async\" width=\"800\" height=\"800\" src=\"https:\/\/www.cnxiangfu.com\/wp-content\/uploads\/2025\/11\/12_61jp2hIGhRL._AC_SL1000_.jpg\" class=\"attachment-large size-large wp-image-4808\" alt=\"\" srcset=\"https:\/\/www.cnxiangfu.com\/wp-content\/uploads\/2025\/11\/12_61jp2hIGhRL._AC_SL1000_.jpg 1000w, https:\/\/www.cnxiangfu.com\/wp-content\/uploads\/2025\/11\/12_61jp2hIGhRL._AC_SL1000_-300x300.jpg 300w, https:\/\/www.cnxiangfu.com\/wp-content\/uploads\/2025\/11\/12_61jp2hIGhRL._AC_SL1000_-150x150.jpg 150w, https:\/\/www.cnxiangfu.com\/wp-content\/uploads\/2025\/11\/12_61jp2hIGhRL._AC_SL1000_-768x768.jpg 768w, https:\/\/www.cnxiangfu.com\/wp-content\/uploads\/2025\/11\/12_61jp2hIGhRL._AC_SL1000_-650x650.jpg 650w, https:\/\/www.cnxiangfu.com\/wp-content\/uploads\/2025\/11\/12_61jp2hIGhRL._AC_SL1000_-600x600.jpg 600w, https:\/\/www.cnxiangfu.com\/wp-content\/uploads\/2025\/11\/12_61jp2hIGhRL._AC_SL1000_-100x100.jpg 100w\" sizes=\"(max-width: 800px) 100vw, 800px\" title=\"\">\t\t\t\t\t\t\t\t\t\t\t\t\t\t\t<\/div>\n\t\t\t\t<div class=\"elementor-element elementor-element-7650b50 elementor-widget elementor-widget-image\" data-id=\"7650b50\" data-element_type=\"widget\" data-e-type=\"widget\" data-widget_type=\"image.default\">\n\t\t\t\t\t\t\t\t\t\t\t\t\t\t\t<img loading=\"lazy\" decoding=\"async\" width=\"800\" height=\"815\" src=\"https:\/\/www.cnxiangfu.com\/wp-content\/uploads\/2025\/11\/13_51B9KVWla2L._AC_SL1000_.jpg\" class=\"attachment-large size-large wp-image-4809\" alt=\"\" srcset=\"https:\/\/www.cnxiangfu.com\/wp-content\/uploads\/2025\/11\/13_51B9KVWla2L._AC_SL1000_.jpg 981w, https:\/\/www.cnxiangfu.com\/wp-content\/uploads\/2025\/11\/13_51B9KVWla2L._AC_SL1000_-294x300.jpg 294w, https:\/\/www.cnxiangfu.com\/wp-content\/uploads\/2025\/11\/13_51B9KVWla2L._AC_SL1000_-768x783.jpg 768w, https:\/\/www.cnxiangfu.com\/wp-content\/uploads\/2025\/11\/13_51B9KVWla2L._AC_SL1000_-600x612.jpg 600w\" sizes=\"(max-width: 800px) 100vw, 800px\" title=\"\">\t\t\t\t\t\t\t\t\t\t\t\t\t\t\t<\/div>\n\t\t\t\t<div class=\"elementor-element elementor-element-5ba79f4 elementor-widget elementor-widget-image\" data-id=\"5ba79f4\" data-element_type=\"widget\" data-e-type=\"widget\" data-widget_type=\"image.default\">\n\t\t\t\t\t\t\t\t\t\t\t\t\t\t\t<img loading=\"lazy\" decoding=\"async\" width=\"800\" height=\"795\" src=\"https:\/\/www.cnxiangfu.com\/wp-content\/uploads\/2025\/11\/14_61fXQHVbBcL._AC_SL1000_.jpg\" class=\"attachment-large size-large wp-image-4810\" alt=\"\" srcset=\"https:\/\/www.cnxiangfu.com\/wp-content\/uploads\/2025\/11\/14_61fXQHVbBcL._AC_SL1000_.jpg 934w, https:\/\/www.cnxiangfu.com\/wp-content\/uploads\/2025\/11\/14_61fXQHVbBcL._AC_SL1000_-300x298.jpg 300w, https:\/\/www.cnxiangfu.com\/wp-content\/uploads\/2025\/11\/14_61fXQHVbBcL._AC_SL1000_-150x150.jpg 150w, https:\/\/www.cnxiangfu.com\/wp-content\/uploads\/2025\/11\/14_61fXQHVbBcL._AC_SL1000_-768x763.jpg 768w, https:\/\/www.cnxiangfu.com\/wp-content\/uploads\/2025\/11\/14_61fXQHVbBcL._AC_SL1000_-600x596.jpg 600w, https:\/\/www.cnxiangfu.com\/wp-content\/uploads\/2025\/11\/14_61fXQHVbBcL._AC_SL1000_-100x100.jpg 100w\" sizes=\"(max-width: 800px) 100vw, 800px\" title=\"\">\t\t\t\t\t\t\t\t\t\t\t\t\t\t\t<\/div>\n\t\t\t\t\t<\/div>\n\t\t\t\t<\/div>\n\t\t\t\t<\/div>\n\t\t","protected":false},"excerpt":{"rendered":"<p>Nom du produit&nbsp;: Sac<\/p>\n<p>multifonctionnel Taille du produit&nbsp;: Largeur 38cm x Hauteur 38cm x Largeur lat\u00e9rale 12cm (unit\u00e9&nbsp;: centim\u00e8tres)<\/p>\n<p> Tissu du sac&nbsp;: Polyester<\/p>\n<p>Poign\u00e9e&nbsp;: Polyester Poign\u00e9e<\/p>\n<p>Utilisation&nbsp;: Shopping, Voyage, Travail<\/p>\n","protected":false},"featured_media":4777,"comment_status":"open","ping_status":"closed","template":"","meta":{"_acf_changed":false},"product_brand":[],"product_cat":[117],"product_tag":[],"class_list":{"0":"post-4743","1":"product","2":"type-product","3":"status-publish","4":"has-post-thumbnail","6":"product_cat-sac-en-polyester-personnalise","8":"first","9":"onbackorder","10":"shipping-taxable","11":"purchasable","12":"product-type-simple"},"acf":[],"_links":{"self":[{"href":"https:\/\/www.cnxiangfu.com\/fr\/wp-json\/wp\/v2\/product\/4743","targetHints":{"allow":["GET"]}}],"collection":[{"href":"https:\/\/www.cnxiangfu.com\/fr\/wp-json\/wp\/v2\/product"}],"about":[{"href":"https:\/\/www.cnxiangfu.com\/fr\/wp-json\/wp\/v2\/types\/product"}],"replies":[{"embeddable":true,"href":"https:\/\/www.cnxiangfu.com\/fr\/wp-json\/wp\/v2\/comments?post=4743"}],"version-history":[{"count":3,"href":"https:\/\/www.cnxiangfu.com\/fr\/wp-json\/wp\/v2\/product\/4743\/revisions"}],"predecessor-version":[{"id":4811,"href":"https:\/\/www.cnxiangfu.com\/fr\/wp-json\/wp\/v2\/product\/4743\/revisions\/4811"}],"wp:featuredmedia":[{"embeddable":true,"href":"https:\/\/www.cnxiangfu.com\/fr\/wp-json\/wp\/v2\/media\/4777"}],"wp:attachment":[{"href":"https:\/\/www.cnxiangfu.com\/fr\/wp-json\/wp\/v2\/media?parent=4743"}],"wp:term":[{"taxonomy":"product_brand","embeddable":true,"href":"https:\/\/www.cnxiangfu.com\/fr\/wp-json\/wp\/v2\/product_brand?post=4743"},{"taxonomy":"product_cat","embeddable":true,"href":"https:\/\/www.cnxiangfu.com\/fr\/wp-json\/wp\/v2\/product_cat?post=4743"},{"taxonomy":"product_tag","embeddable":true,"href":"https:\/\/www.cnxiangfu.com\/fr\/wp-json\/wp\/v2\/product_tag?post=4743"}],"curies":[{"name":"wp","href":"https:\/\/api.w.org\/{rel}","templated":true}]}}