{"id":4963,"date":"2025-11-11T09:41:06","date_gmt":"2025-11-11T01:41:06","guid":{"rendered":"https:\/\/www.cnxiangfu.com\/?post_type=product&#038;p=4963"},"modified":"2025-11-12T13:48:20","modified_gmt":"2025-11-12T05:48:20","slug":"art-lover-zippered-tote-bag-impermeable-a-leau-grand-travail-tote-bags-artwork-womens-purse-hands-totes-de-voyage-%e5%a4%8d%e5%88%b6","status":"publish","type":"product","link":"https:\/\/www.cnxiangfu.com\/fr\/produit\/art-lover-zippered-tote-bag-impermeable-a-leau-grand-travail-tote-bags-artwork-womens-purse-hands-totes-de-voyage-%e5%a4%8d%e5%88%b6\/","title":{"rendered":"Sac fourre-tout en polyester pour femmes, sac fourre-tout avec fermeture \u00e9clair fourre-tout de travail avec compartiments Infirmi\u00e8re \u00e9paule Hanbag pour voyage, salle de sport"},"content":{"rendered":"\t\t<div data-elementor-type=\"product-post\" data-elementor-id=\"4963\" class=\"elementor elementor-4963 elementor-4961\" data-elementor-post-type=\"product\">\n\t\t\t\t<div class=\"elementor-element elementor-element-31f5d34 e-flex e-con-boxed e-con e-parent\" data-id=\"31f5d34\" data-element_type=\"container\" data-e-type=\"container\">\n\t\t\t\t\t<div class=\"e-con-inner\">\n\t\t\t\t<div class=\"elementor-element elementor-element-d8d1255 elementor-widget elementor-widget-image\" data-id=\"d8d1255\" data-element_type=\"widget\" data-e-type=\"widget\" data-widget_type=\"image.default\">\n\t\t\t\t\t\t\t\t\t\t\t\t\t\t\t<img fetchpriority=\"high\" decoding=\"async\" width=\"1214\" height=\"1500\" src=\"https:\/\/www.cnxiangfu.com\/wp-content\/uploads\/2025\/11\/A7-4.jpg\" class=\"attachment-full size-full wp-image-5345\" alt=\"Sacs en polyester\" srcset=\"https:\/\/www.cnxiangfu.com\/wp-content\/uploads\/2025\/11\/A7-4.jpg 1214w, https:\/\/www.cnxiangfu.com\/wp-content\/uploads\/2025\/11\/A7-4-243x300.jpg 243w, https:\/\/www.cnxiangfu.com\/wp-content\/uploads\/2025\/11\/A7-4-829x1024.jpg 829w, https:\/\/www.cnxiangfu.com\/wp-content\/uploads\/2025\/11\/A7-4-768x949.jpg 768w, https:\/\/www.cnxiangfu.com\/wp-content\/uploads\/2025\/11\/A7-4-600x741.jpg 600w\" sizes=\"(max-width: 1214px) 100vw, 1214px\" title=\"\">\t\t\t\t\t\t\t\t\t\t\t\t\t\t\t<\/div>\n\t\t\t\t<div class=\"elementor-element elementor-element-47a8e5b elementor-widget elementor-widget-image\" data-id=\"47a8e5b\" data-element_type=\"widget\" data-e-type=\"widget\" data-widget_type=\"image.default\">\n\t\t\t\t\t\t\t\t\t\t\t\t\t\t\t<img decoding=\"async\" width=\"800\" height=\"1009\" src=\"https:\/\/www.cnxiangfu.com\/wp-content\/uploads\/2025\/11\/A8-2-812x1024.jpg\" class=\"attachment-large size-large wp-image-5347\" alt=\"\" srcset=\"https:\/\/www.cnxiangfu.com\/wp-content\/uploads\/2025\/11\/A8-2-812x1024.jpg 812w, https:\/\/www.cnxiangfu.com\/wp-content\/uploads\/2025\/11\/A8-2-238x300.jpg 238w, https:\/\/www.cnxiangfu.com\/wp-content\/uploads\/2025\/11\/A8-2-768x969.jpg 768w, https:\/\/www.cnxiangfu.com\/wp-content\/uploads\/2025\/11\/A8-2-600x757.jpg 600w, https:\/\/www.cnxiangfu.com\/wp-content\/uploads\/2025\/11\/A8-2.jpg 1189w\" sizes=\"(max-width: 800px) 100vw, 800px\" title=\"\">\t\t\t\t\t\t\t\t\t\t\t\t\t\t\t<\/div>\n\t\t\t\t<div class=\"elementor-element elementor-element-5a886aa elementor-widget elementor-widget-image\" data-id=\"5a886aa\" data-element_type=\"widget\" data-e-type=\"widget\" data-widget_type=\"image.default\">\n\t\t\t\t\t\t\t\t\t\t\t\t\t\t\t<img decoding=\"async\" width=\"1187\" height=\"1500\" src=\"https:\/\/www.cnxiangfu.com\/wp-content\/uploads\/2025\/11\/A9-1.jpg\" class=\"attachment-full size-full wp-image-5349\" alt=\"\" srcset=\"https:\/\/www.cnxiangfu.com\/wp-content\/uploads\/2025\/11\/A9-1.jpg 1187w, https:\/\/www.cnxiangfu.com\/wp-content\/uploads\/2025\/11\/A9-1-237x300.jpg 237w, https:\/\/www.cnxiangfu.com\/wp-content\/uploads\/2025\/11\/A9-1-810x1024.jpg 810w, https:\/\/www.cnxiangfu.com\/wp-content\/uploads\/2025\/11\/A9-1-768x971.jpg 768w, https:\/\/www.cnxiangfu.com\/wp-content\/uploads\/2025\/11\/A9-1-600x758.jpg 600w\" sizes=\"(max-width: 1187px) 100vw, 1187px\" title=\"\">\t\t\t\t\t\t\t\t\t\t\t\t\t\t\t<\/div>\n\t\t\t\t<div class=\"elementor-element elementor-element-8f0895d elementor-widget elementor-widget-image\" data-id=\"8f0895d\" data-element_type=\"widget\" data-e-type=\"widget\" data-widget_type=\"image.default\">\n\t\t\t\t\t\t\t\t\t\t\t\t\t\t\t<img loading=\"lazy\" decoding=\"async\" width=\"1207\" height=\"1500\" src=\"https:\/\/www.cnxiangfu.com\/wp-content\/uploads\/2025\/11\/A10-1.jpg\" class=\"attachment-full size-full wp-image-5351\" alt=\"\" srcset=\"https:\/\/www.cnxiangfu.com\/wp-content\/uploads\/2025\/11\/A10-1.jpg 1207w, https:\/\/www.cnxiangfu.com\/wp-content\/uploads\/2025\/11\/A10-1-241x300.jpg 241w, https:\/\/www.cnxiangfu.com\/wp-content\/uploads\/2025\/11\/A10-1-824x1024.jpg 824w, https:\/\/www.cnxiangfu.com\/wp-content\/uploads\/2025\/11\/A10-1-768x954.jpg 768w, https:\/\/www.cnxiangfu.com\/wp-content\/uploads\/2025\/11\/A10-1-600x746.jpg 600w\" sizes=\"(max-width: 1207px) 100vw, 1207px\" title=\"\">\t\t\t\t\t\t\t\t\t\t\t\t\t\t\t<\/div>\n\t\t\t\t<div class=\"elementor-element elementor-element-b920e80 elementor-widget elementor-widget-image\" data-id=\"b920e80\" data-element_type=\"widget\" data-e-type=\"widget\" data-widget_type=\"image.default\">\n\t\t\t\t\t\t\t\t\t\t\t\t\t\t\t<img loading=\"lazy\" decoding=\"async\" width=\"1211\" height=\"1500\" src=\"https:\/\/www.cnxiangfu.com\/wp-content\/uploads\/2025\/11\/A11-1.jpg\" class=\"attachment-full size-full wp-image-5353\" alt=\"\" srcset=\"https:\/\/www.cnxiangfu.com\/wp-content\/uploads\/2025\/11\/A11-1.jpg 1211w, https:\/\/www.cnxiangfu.com\/wp-content\/uploads\/2025\/11\/A11-1-242x300.jpg 242w, https:\/\/www.cnxiangfu.com\/wp-content\/uploads\/2025\/11\/A11-1-827x1024.jpg 827w, https:\/\/www.cnxiangfu.com\/wp-content\/uploads\/2025\/11\/A11-1-768x951.jpg 768w, https:\/\/www.cnxiangfu.com\/wp-content\/uploads\/2025\/11\/A11-1-600x743.jpg 600w\" sizes=\"(max-width: 1211px) 100vw, 1211px\" title=\"\">\t\t\t\t\t\t\t\t\t\t\t\t\t\t\t<\/div>\n\t\t\t\t<div class=\"elementor-element elementor-element-df1b420 elementor-widget elementor-widget-image\" data-id=\"df1b420\" data-element_type=\"widget\" data-e-type=\"widget\" data-widget_type=\"image.default\">\n\t\t\t\t\t\t\t\t\t\t\t\t\t\t\t<img loading=\"lazy\" decoding=\"async\" width=\"1200\" height=\"1500\" src=\"https:\/\/www.cnxiangfu.com\/wp-content\/uploads\/2025\/11\/A12-1.jpg\" class=\"attachment-full size-full wp-image-5354\" alt=\"\" srcset=\"https:\/\/www.cnxiangfu.com\/wp-content\/uploads\/2025\/11\/A12-1.jpg 1200w, https:\/\/www.cnxiangfu.com\/wp-content\/uploads\/2025\/11\/A12-1-240x300.jpg 240w, https:\/\/www.cnxiangfu.com\/wp-content\/uploads\/2025\/11\/A12-1-819x1024.jpg 819w, https:\/\/www.cnxiangfu.com\/wp-content\/uploads\/2025\/11\/A12-1-768x960.jpg 768w, https:\/\/www.cnxiangfu.com\/wp-content\/uploads\/2025\/11\/A12-1-600x750.jpg 600w\" sizes=\"(max-width: 1200px) 100vw, 1200px\" title=\"\">\t\t\t\t\t\t\t\t\t\t\t\t\t\t\t<\/div>\n\t\t\t\t\t<\/div>\n\t\t\t\t<\/div>\n\t\t\t\t<\/div>\n\t\t","protected":false},"excerpt":{"rendered":"<p>Nom du produit&nbsp;: Sac<\/p>\n<p>en polyester Taille du produit&nbsp;: Largeur 43cm x Hauteur 35cm x Largeur inf\u00e9rieure 16cm (unit\u00e9&nbsp;: centim\u00e8tres)<\/p>\n<p>Tissu du sac&nbsp;: Polyester<\/p>\n<p>Poign\u00e9e&nbsp;: Polyester Utilisation&nbsp;: Shopping<\/p>\n<p>, Voyage, Plage, Supermarch\u00e9<\/p>\n","protected":false},"featured_media":5331,"comment_status":"open","ping_status":"closed","template":"","meta":{"_acf_changed":false},"product_brand":[],"product_cat":[117],"product_tag":[],"class_list":{"0":"post-4963","1":"product","2":"type-product","3":"status-publish","4":"has-post-thumbnail","6":"product_cat-sac-en-polyester-personnalise","8":"first","9":"onbackorder","10":"shipping-taxable","11":"purchasable","12":"product-type-simple"},"acf":[],"_links":{"self":[{"href":"https:\/\/www.cnxiangfu.com\/fr\/wp-json\/wp\/v2\/product\/4963","targetHints":{"allow":["GET"]}}],"collection":[{"href":"https:\/\/www.cnxiangfu.com\/fr\/wp-json\/wp\/v2\/product"}],"about":[{"href":"https:\/\/www.cnxiangfu.com\/fr\/wp-json\/wp\/v2\/types\/product"}],"replies":[{"embeddable":true,"href":"https:\/\/www.cnxiangfu.com\/fr\/wp-json\/wp\/v2\/comments?post=4963"}],"version-history":[{"count":3,"href":"https:\/\/www.cnxiangfu.com\/fr\/wp-json\/wp\/v2\/product\/4963\/revisions"}],"predecessor-version":[{"id":5414,"href":"https:\/\/www.cnxiangfu.com\/fr\/wp-json\/wp\/v2\/product\/4963\/revisions\/5414"}],"wp:featuredmedia":[{"embeddable":true,"href":"https:\/\/www.cnxiangfu.com\/fr\/wp-json\/wp\/v2\/media\/5331"}],"wp:attachment":[{"href":"https:\/\/www.cnxiangfu.com\/fr\/wp-json\/wp\/v2\/media?parent=4963"}],"wp:term":[{"taxonomy":"product_brand","embeddable":true,"href":"https:\/\/www.cnxiangfu.com\/fr\/wp-json\/wp\/v2\/product_brand?post=4963"},{"taxonomy":"product_cat","embeddable":true,"href":"https:\/\/www.cnxiangfu.com\/fr\/wp-json\/wp\/v2\/product_cat?post=4963"},{"taxonomy":"product_tag","embeddable":true,"href":"https:\/\/www.cnxiangfu.com\/fr\/wp-json\/wp\/v2\/product_tag?post=4963"}],"curies":[{"name":"wp","href":"https:\/\/api.w.org\/{rel}","templated":true}]}}