{"id":4990,"date":"2025-11-11T09:51:47","date_gmt":"2025-11-11T01:51:47","guid":{"rendered":"https:\/\/www.cnxiangfu.com\/?post_type=product&#038;p=4990"},"modified":"2025-11-12T10:42:28","modified_gmt":"2025-11-12T02:42:28","slug":"sacs-a-bandouliere-en-toile-vierge-sacs-a-bandouliere-a-fermeture-eclair-pour-enfants-sacs-a-bandouliere-pour-enfants-sacs-de-peinture-en-tissu-leger-sacs-en-tissu-dartisanat-avec-fermeture-e-3","status":"publish","type":"product","link":"https:\/\/www.cnxiangfu.com\/fr\/produit\/sacs-a-bandouliere-en-toile-vierge-sacs-a-bandouliere-a-fermeture-eclair-pour-enfants-sacs-a-bandouliere-pour-enfants-sacs-de-peinture-en-tissu-leger-sacs-en-tissu-dartisanat-avec-fermeture-e-3\/","title":{"rendered":"Logo personnalis\u00e9 sur des sacs en toile 100&nbsp;% coton, des sacs en tissu color\u00e9 vierge, des sacs fourre-tout \u00e9cologiques teints, la personnalisation de sacs en toile de pur coton"},"content":{"rendered":"\t\t<div data-elementor-type=\"product-post\" data-elementor-id=\"4990\" class=\"elementor elementor-4990 elementor-4988\" data-elementor-post-type=\"product\">\n\t\t\t\t<div class=\"elementor-element elementor-element-31f5d34 e-flex e-con-boxed e-con e-parent\" data-id=\"31f5d34\" data-element_type=\"container\" data-e-type=\"container\">\n\t\t\t\t\t<div class=\"e-con-inner\">\n\t\t\t\t<div class=\"elementor-element elementor-element-15eb6b2 elementor-widget elementor-widget-image\" data-id=\"15eb6b2\" data-element_type=\"widget\" data-e-type=\"widget\" data-widget_type=\"image.default\">\n\t\t\t\t\t\t\t\t\t\t\t\t\t\t\t<img fetchpriority=\"high\" decoding=\"async\" width=\"1500\" height=\"1460\" src=\"https:\/\/www.cnxiangfu.com\/wp-content\/uploads\/2025\/11\/2_71cIrzljr5L._AC_SL1500_.jpg\" class=\"attachment-full size-full wp-image-5402\" alt=\"\" srcset=\"https:\/\/www.cnxiangfu.com\/wp-content\/uploads\/2025\/11\/2_71cIrzljr5L._AC_SL1500_.jpg 1500w, https:\/\/www.cnxiangfu.com\/wp-content\/uploads\/2025\/11\/2_71cIrzljr5L._AC_SL1500_-300x292.jpg 300w, https:\/\/www.cnxiangfu.com\/wp-content\/uploads\/2025\/11\/2_71cIrzljr5L._AC_SL1500_-1024x997.jpg 1024w, https:\/\/www.cnxiangfu.com\/wp-content\/uploads\/2025\/11\/2_71cIrzljr5L._AC_SL1500_-768x748.jpg 768w, https:\/\/www.cnxiangfu.com\/wp-content\/uploads\/2025\/11\/2_71cIrzljr5L._AC_SL1500_-600x584.jpg 600w\" sizes=\"(max-width: 1500px) 100vw, 1500px\" title=\"\">\t\t\t\t\t\t\t\t\t\t\t\t\t\t\t<\/div>\n\t\t\t\t<div class=\"elementor-element elementor-element-c55fcd3 elementor-widget elementor-widget-image\" data-id=\"c55fcd3\" data-element_type=\"widget\" data-e-type=\"widget\" data-widget_type=\"image.default\">\n\t\t\t\t\t\t\t\t\t\t\t\t\t\t\t<img decoding=\"async\" width=\"1467\" height=\"1500\" src=\"https:\/\/www.cnxiangfu.com\/wp-content\/uploads\/2025\/11\/3_610q9SzVL._AC_SL1500_.jpg\" class=\"attachment-full size-full wp-image-5403\" alt=\"\" srcset=\"https:\/\/www.cnxiangfu.com\/wp-content\/uploads\/2025\/11\/3_610q9SzVL._AC_SL1500_.jpg 1467w, https:\/\/www.cnxiangfu.com\/wp-content\/uploads\/2025\/11\/3_610q9SzVL._AC_SL1500_-293x300.jpg 293w, https:\/\/www.cnxiangfu.com\/wp-content\/uploads\/2025\/11\/3_610q9SzVL._AC_SL1500_-1001x1024.jpg 1001w, https:\/\/www.cnxiangfu.com\/wp-content\/uploads\/2025\/11\/3_610q9SzVL._AC_SL1500_-768x785.jpg 768w, https:\/\/www.cnxiangfu.com\/wp-content\/uploads\/2025\/11\/3_610q9SzVL._AC_SL1500_-600x613.jpg 600w\" sizes=\"(max-width: 1467px) 100vw, 1467px\" title=\"\">\t\t\t\t\t\t\t\t\t\t\t\t\t\t\t<\/div>\n\t\t\t\t<div class=\"elementor-element elementor-element-5a7f132 elementor-widget elementor-widget-image\" data-id=\"5a7f132\" data-element_type=\"widget\" data-e-type=\"widget\" data-widget_type=\"image.default\">\n\t\t\t\t\t\t\t\t\t\t\t\t\t\t\t<img decoding=\"async\" width=\"1478\" height=\"1500\" src=\"https:\/\/www.cnxiangfu.com\/wp-content\/uploads\/2025\/11\/7_61aLIniy4bL._AC_SL1500_.jpg\" class=\"attachment-full size-full wp-image-5404\" alt=\"\" srcset=\"https:\/\/www.cnxiangfu.com\/wp-content\/uploads\/2025\/11\/7_61aLIniy4bL._AC_SL1500_.jpg 1478w, https:\/\/www.cnxiangfu.com\/wp-content\/uploads\/2025\/11\/7_61aLIniy4bL._AC_SL1500_-296x300.jpg 296w, https:\/\/www.cnxiangfu.com\/wp-content\/uploads\/2025\/11\/7_61aLIniy4bL._AC_SL1500_-1009x1024.jpg 1009w, https:\/\/www.cnxiangfu.com\/wp-content\/uploads\/2025\/11\/7_61aLIniy4bL._AC_SL1500_-768x779.jpg 768w, https:\/\/www.cnxiangfu.com\/wp-content\/uploads\/2025\/11\/7_61aLIniy4bL._AC_SL1500_-600x609.jpg 600w, https:\/\/www.cnxiangfu.com\/wp-content\/uploads\/2025\/11\/7_61aLIniy4bL._AC_SL1500_-100x100.jpg 100w\" sizes=\"(max-width: 1478px) 100vw, 1478px\" title=\"\">\t\t\t\t\t\t\t\t\t\t\t\t\t\t\t<\/div>\n\t\t\t\t\t<\/div>\n\t\t\t\t<\/div>\n\t\t\t\t<\/div>\n\t\t","protected":false},"excerpt":{"rendered":"<p>Nom du produit&nbsp;: Sac<\/p>\n<p>en toile Taille du produit&nbsp;: Largeur 40cm x Hauteur 38cm x Largeur inf\u00e9rieure 12cm (unit\u00e9&nbsp;: centim\u00e8tres)<\/p>\n<p>Tissu du sac&nbsp;: Toile<\/p>\n<p>Poign\u00e9e&nbsp;: Sangle en coton \u00e9pais, avec une forte capacit\u00e9<\/p>\n<p>de charge Utilisation&nbsp;: Voyage, Shopping, Utilisation quotidienne<\/p>\n","protected":false},"featured_media":5374,"comment_status":"open","ping_status":"closed","template":"","meta":{"_acf_changed":false},"product_brand":[],"product_cat":[67,97],"product_tag":[],"class_list":{"0":"post-4990","1":"product","2":"type-product","3":"status-publish","4":"has-post-thumbnail","6":"product_cat-non-categorise","7":"product_cat-sacs-en-toile-personnalises","9":"first","10":"onbackorder","11":"shipping-taxable","12":"purchasable","13":"product-type-simple"},"acf":[],"_links":{"self":[{"href":"https:\/\/www.cnxiangfu.com\/fr\/wp-json\/wp\/v2\/product\/4990","targetHints":{"allow":["GET"]}}],"collection":[{"href":"https:\/\/www.cnxiangfu.com\/fr\/wp-json\/wp\/v2\/product"}],"about":[{"href":"https:\/\/www.cnxiangfu.com\/fr\/wp-json\/wp\/v2\/types\/product"}],"replies":[{"embeddable":true,"href":"https:\/\/www.cnxiangfu.com\/fr\/wp-json\/wp\/v2\/comments?post=4990"}],"version-history":[{"count":10,"href":"https:\/\/www.cnxiangfu.com\/fr\/wp-json\/wp\/v2\/product\/4990\/revisions"}],"predecessor-version":[{"id":5405,"href":"https:\/\/www.cnxiangfu.com\/fr\/wp-json\/wp\/v2\/product\/4990\/revisions\/5405"}],"wp:featuredmedia":[{"embeddable":true,"href":"https:\/\/www.cnxiangfu.com\/fr\/wp-json\/wp\/v2\/media\/5374"}],"wp:attachment":[{"href":"https:\/\/www.cnxiangfu.com\/fr\/wp-json\/wp\/v2\/media?parent=4990"}],"wp:term":[{"taxonomy":"product_brand","embeddable":true,"href":"https:\/\/www.cnxiangfu.com\/fr\/wp-json\/wp\/v2\/product_brand?post=4990"},{"taxonomy":"product_cat","embeddable":true,"href":"https:\/\/www.cnxiangfu.com\/fr\/wp-json\/wp\/v2\/product_cat?post=4990"},{"taxonomy":"product_tag","embeddable":true,"href":"https:\/\/www.cnxiangfu.com\/fr\/wp-json\/wp\/v2\/product_tag?post=4990"}],"curies":[{"name":"wp","href":"https:\/\/api.w.org\/{rel}","templated":true}]}}