{"id":5014,"date":"2025-11-12T08:51:21","date_gmt":"2025-11-12T00:51:21","guid":{"rendered":"https:\/\/www.cnxiangfu.com\/?post_type=product&#038;p=5014"},"modified":"2025-11-12T08:55:38","modified_gmt":"2025-11-12T00:55:38","slug":"sacs-a-bandouliere-en-toile-vierge-sacs-a-bandouliere-a-fermeture-eclair-pour-enfants-sacs-a-bandouliere-pour-enfants-sacs-de-peinture-en-tissu-leger-sacs-en-tissu-dartisanat-avec-fermeture-e-4","status":"publish","type":"product","link":"https:\/\/www.cnxiangfu.com\/fr\/produit\/sacs-a-bandouliere-en-toile-vierge-sacs-a-bandouliere-a-fermeture-eclair-pour-enfants-sacs-a-bandouliere-pour-enfants-sacs-de-peinture-en-tissu-leger-sacs-en-tissu-dartisanat-avec-fermeture-e-4\/","title":{"rendered":"Sac fourre-tout standard de base, toile, coton, \u00e9paule, avec soufflet, uni, blanc, \u00e9pais, durable, 340,2 g (12 oz)"},"content":{"rendered":"\t\t<div data-elementor-type=\"product-post\" data-elementor-id=\"5014\" class=\"elementor elementor-5014 elementor-5012\" data-elementor-post-type=\"product\">\n\t\t\t\t<div class=\"elementor-element elementor-element-31f5d34 e-flex e-con-boxed e-con e-parent\" data-id=\"31f5d34\" data-element_type=\"container\" data-e-type=\"container\">\n\t\t\t\t\t<div class=\"e-con-inner\">\n\t\t\t\t<div class=\"elementor-element elementor-element-15eb6b2 elementor-widget elementor-widget-image\" data-id=\"15eb6b2\" data-element_type=\"widget\" data-e-type=\"widget\" data-widget_type=\"image.default\">\n\t\t\t\t\t\t\t\t\t\t\t\t\t\t\t<img fetchpriority=\"high\" decoding=\"async\" width=\"1460\" height=\"1500\" src=\"https:\/\/www.cnxiangfu.com\/wp-content\/uploads\/2025\/11\/4-2-4.jpg\" class=\"attachment-full size-full wp-image-5148\" alt=\"\" srcset=\"https:\/\/www.cnxiangfu.com\/wp-content\/uploads\/2025\/11\/4-2-4.jpg 1460w, https:\/\/www.cnxiangfu.com\/wp-content\/uploads\/2025\/11\/4-2-4-292x300.jpg 292w, https:\/\/www.cnxiangfu.com\/wp-content\/uploads\/2025\/11\/4-2-4-997x1024.jpg 997w, https:\/\/www.cnxiangfu.com\/wp-content\/uploads\/2025\/11\/4-2-4-768x789.jpg 768w, https:\/\/www.cnxiangfu.com\/wp-content\/uploads\/2025\/11\/4-2-4-600x616.jpg 600w\" sizes=\"(max-width: 1460px) 100vw, 1460px\" title=\"\">\t\t\t\t\t\t\t\t\t\t\t\t\t\t\t<\/div>\n\t\t\t\t<div class=\"elementor-element elementor-element-c55fcd3 elementor-widget elementor-widget-image\" data-id=\"c55fcd3\" data-element_type=\"widget\" data-e-type=\"widget\" data-widget_type=\"image.default\">\n\t\t\t\t\t\t\t\t\t\t\t\t\t\t\t<img decoding=\"async\" width=\"1288\" height=\"1282\" src=\"https:\/\/www.cnxiangfu.com\/wp-content\/uploads\/2025\/11\/4-8-2.jpg\" class=\"attachment-full size-full wp-image-5149\" alt=\"\" srcset=\"https:\/\/www.cnxiangfu.com\/wp-content\/uploads\/2025\/11\/4-8-2.jpg 1288w, https:\/\/www.cnxiangfu.com\/wp-content\/uploads\/2025\/11\/4-8-2-300x300.jpg 300w, https:\/\/www.cnxiangfu.com\/wp-content\/uploads\/2025\/11\/4-8-2-1024x1019.jpg 1024w, https:\/\/www.cnxiangfu.com\/wp-content\/uploads\/2025\/11\/4-8-2-150x150.jpg 150w, https:\/\/www.cnxiangfu.com\/wp-content\/uploads\/2025\/11\/4-8-2-768x764.jpg 768w, https:\/\/www.cnxiangfu.com\/wp-content\/uploads\/2025\/11\/4-8-2-600x597.jpg 600w, https:\/\/www.cnxiangfu.com\/wp-content\/uploads\/2025\/11\/4-8-2-100x100.jpg 100w\" sizes=\"(max-width: 1288px) 100vw, 1288px\" title=\"\">\t\t\t\t\t\t\t\t\t\t\t\t\t\t\t<\/div>\n\t\t\t\t<div class=\"elementor-element elementor-element-5a7f132 elementor-widget elementor-widget-image\" data-id=\"5a7f132\" data-element_type=\"widget\" data-e-type=\"widget\" data-widget_type=\"image.default\">\n\t\t\t\t\t\t\t\t\t\t\t\t\t\t\t<img decoding=\"async\" width=\"1500\" height=\"1421\" src=\"https:\/\/www.cnxiangfu.com\/wp-content\/uploads\/2025\/11\/4-6-5.jpg\" class=\"attachment-full size-full wp-image-5150\" alt=\"\" srcset=\"https:\/\/www.cnxiangfu.com\/wp-content\/uploads\/2025\/11\/4-6-5.jpg 1500w, https:\/\/www.cnxiangfu.com\/wp-content\/uploads\/2025\/11\/4-6-5-300x284.jpg 300w, https:\/\/www.cnxiangfu.com\/wp-content\/uploads\/2025\/11\/4-6-5-1024x970.jpg 1024w, https:\/\/www.cnxiangfu.com\/wp-content\/uploads\/2025\/11\/4-6-5-768x728.jpg 768w, https:\/\/www.cnxiangfu.com\/wp-content\/uploads\/2025\/11\/4-6-5-600x568.jpg 600w\" sizes=\"(max-width: 1500px) 100vw, 1500px\" title=\"\">\t\t\t\t\t\t\t\t\t\t\t\t\t\t\t<\/div>\n\t\t\t\t<div class=\"elementor-element elementor-element-656e273 elementor-widget elementor-widget-image\" data-id=\"656e273\" data-element_type=\"widget\" data-e-type=\"widget\" data-widget_type=\"image.default\">\n\t\t\t\t\t\t\t\t\t\t\t\t\t\t\t<img loading=\"lazy\" decoding=\"async\" width=\"1272\" height=\"1500\" src=\"https:\/\/www.cnxiangfu.com\/wp-content\/uploads\/2025\/11\/4-5-3.jpg\" class=\"attachment-full size-full wp-image-5151\" alt=\"\" srcset=\"https:\/\/www.cnxiangfu.com\/wp-content\/uploads\/2025\/11\/4-5-3.jpg 1272w, https:\/\/www.cnxiangfu.com\/wp-content\/uploads\/2025\/11\/4-5-3-254x300.jpg 254w, https:\/\/www.cnxiangfu.com\/wp-content\/uploads\/2025\/11\/4-5-3-868x1024.jpg 868w, https:\/\/www.cnxiangfu.com\/wp-content\/uploads\/2025\/11\/4-5-3-768x906.jpg 768w, https:\/\/www.cnxiangfu.com\/wp-content\/uploads\/2025\/11\/4-5-3-600x708.jpg 600w\" sizes=\"(max-width: 1272px) 100vw, 1272px\" title=\"\">\t\t\t\t\t\t\t\t\t\t\t\t\t\t\t<\/div>\n\t\t\t\t<div class=\"elementor-element elementor-element-3810eab elementor-widget elementor-widget-image\" data-id=\"3810eab\" data-element_type=\"widget\" data-e-type=\"widget\" data-widget_type=\"image.default\">\n\t\t\t\t\t\t\t\t\t\t\t\t\t\t\t<img loading=\"lazy\" decoding=\"async\" width=\"1388\" height=\"1500\" src=\"https:\/\/www.cnxiangfu.com\/wp-content\/uploads\/2025\/11\/4-7-4.jpg\" class=\"attachment-full size-full wp-image-5152\" alt=\"\" srcset=\"https:\/\/www.cnxiangfu.com\/wp-content\/uploads\/2025\/11\/4-7-4.jpg 1388w, https:\/\/www.cnxiangfu.com\/wp-content\/uploads\/2025\/11\/4-7-4-278x300.jpg 278w, https:\/\/www.cnxiangfu.com\/wp-content\/uploads\/2025\/11\/4-7-4-948x1024.jpg 948w, https:\/\/www.cnxiangfu.com\/wp-content\/uploads\/2025\/11\/4-7-4-768x830.jpg 768w, https:\/\/www.cnxiangfu.com\/wp-content\/uploads\/2025\/11\/4-7-4-600x648.jpg 600w\" sizes=\"(max-width: 1388px) 100vw, 1388px\" title=\"\">\t\t\t\t\t\t\t\t\t\t\t\t\t\t\t<\/div>\n\t\t\t\t\t<\/div>\n\t\t\t\t<\/div>\n\t\t\t\t<\/div>\n\t\t","protected":false},"excerpt":{"rendered":"<p>Nom du produit&nbsp;: Sac<\/p>\n<p>en toile Taille du produit&nbsp;: Largeur 30cm x Hauteur 30cm x Largeur inf\u00e9rieure 30cm (unit\u00e9&nbsp;: centim\u00e8tres)<\/p>\n<p> Tissu du sac&nbsp;: Toile<\/p>\n<p>Poign\u00e9e&nbsp;: Sangle en coton \u00e9pais, avec une forte capacit\u00e9<\/p>\n<p>de charge Utilisation&nbsp;: Voyage, Shopping, Utilisation quotidienne<\/p>\n","protected":false},"featured_media":5023,"comment_status":"open","ping_status":"closed","template":"","meta":{"_acf_changed":false},"product_brand":[],"product_cat":[67,97],"product_tag":[],"class_list":{"0":"post-5014","1":"product","2":"type-product","3":"status-publish","4":"has-post-thumbnail","6":"product_cat-non-categorise","7":"product_cat-sacs-en-toile-personnalises","9":"first","10":"onbackorder","11":"shipping-taxable","12":"purchasable","13":"product-type-simple"},"acf":[],"_links":{"self":[{"href":"https:\/\/www.cnxiangfu.com\/fr\/wp-json\/wp\/v2\/product\/5014","targetHints":{"allow":["GET"]}}],"collection":[{"href":"https:\/\/www.cnxiangfu.com\/fr\/wp-json\/wp\/v2\/product"}],"about":[{"href":"https:\/\/www.cnxiangfu.com\/fr\/wp-json\/wp\/v2\/types\/product"}],"replies":[{"embeddable":true,"href":"https:\/\/www.cnxiangfu.com\/fr\/wp-json\/wp\/v2\/comments?post=5014"}],"version-history":[{"count":4,"href":"https:\/\/www.cnxiangfu.com\/fr\/wp-json\/wp\/v2\/product\/5014\/revisions"}],"predecessor-version":[{"id":5153,"href":"https:\/\/www.cnxiangfu.com\/fr\/wp-json\/wp\/v2\/product\/5014\/revisions\/5153"}],"wp:featuredmedia":[{"embeddable":true,"href":"https:\/\/www.cnxiangfu.com\/fr\/wp-json\/wp\/v2\/media\/5023"}],"wp:attachment":[{"href":"https:\/\/www.cnxiangfu.com\/fr\/wp-json\/wp\/v2\/media?parent=5014"}],"wp:term":[{"taxonomy":"product_brand","embeddable":true,"href":"https:\/\/www.cnxiangfu.com\/fr\/wp-json\/wp\/v2\/product_brand?post=5014"},{"taxonomy":"product_cat","embeddable":true,"href":"https:\/\/www.cnxiangfu.com\/fr\/wp-json\/wp\/v2\/product_cat?post=5014"},{"taxonomy":"product_tag","embeddable":true,"href":"https:\/\/www.cnxiangfu.com\/fr\/wp-json\/wp\/v2\/product_tag?post=5014"}],"curies":[{"name":"wp","href":"https:\/\/api.w.org\/{rel}","templated":true}]}}