{"id":5546,"date":"2025-11-14T16:06:46","date_gmt":"2025-11-14T08:06:46","guid":{"rendered":"https:\/\/www.cnxiangfu.com\/?post_type=product&#038;p=5546"},"modified":"2025-11-17T16:25:38","modified_gmt":"2025-11-17T08:25:38","slug":"sac-fourre-tout-de-voyage-pour-femmes-grand-sac-de-plage-impermeable-en-polyester-pour-tous-les-jours-%e5%a4%8d%e5%88%b6-2","status":"publish","type":"product","link":"https:\/\/www.cnxiangfu.com\/fr\/produit\/sac-fourre-tout-de-voyage-pour-femmes-grand-sac-de-plage-impermeable-en-polyester-pour-tous-les-jours-%e5%a4%8d%e5%88%b6-2\/","title":{"rendered":"Sac \u00e0 cordon de rangement en toile Halloween Gift Party Pochette de paquet de grande capacit\u00e9 avec impression de logo"},"content":{"rendered":"\t\t<div data-elementor-type=\"product-post\" data-elementor-id=\"5546\" class=\"elementor elementor-5546 elementor-5544\" data-elementor-post-type=\"product\">\n\t\t\t\t<div class=\"elementor-element elementor-element-31f5d34 e-flex e-con-boxed e-con e-parent\" data-id=\"31f5d34\" data-element_type=\"container\" data-e-type=\"container\">\n\t\t\t\t\t<div class=\"e-con-inner\">\n\t\t\t\t<div class=\"elementor-element elementor-element-d8d1255 elementor-widget elementor-widget-image\" data-id=\"d8d1255\" data-element_type=\"widget\" data-e-type=\"widget\" data-widget_type=\"image.default\">\n\t\t\t\t\t\t\t\t\t\t\t\t\t\t\t<img fetchpriority=\"high\" decoding=\"async\" width=\"1474\" height=\"1500\" src=\"https:\/\/www.cnxiangfu.com\/wp-content\/uploads\/2025\/11\/3_71q7jQxxLnL._AC_SL1500_.jpg\" class=\"attachment-full size-full wp-image-5707\" alt=\"\" srcset=\"https:\/\/www.cnxiangfu.com\/wp-content\/uploads\/2025\/11\/3_71q7jQxxLnL._AC_SL1500_.jpg 1474w, https:\/\/www.cnxiangfu.com\/wp-content\/uploads\/2025\/11\/3_71q7jQxxLnL._AC_SL1500_-295x300.jpg 295w, https:\/\/www.cnxiangfu.com\/wp-content\/uploads\/2025\/11\/3_71q7jQxxLnL._AC_SL1500_-1006x1024.jpg 1006w, https:\/\/www.cnxiangfu.com\/wp-content\/uploads\/2025\/11\/3_71q7jQxxLnL._AC_SL1500_-768x782.jpg 768w, https:\/\/www.cnxiangfu.com\/wp-content\/uploads\/2025\/11\/3_71q7jQxxLnL._AC_SL1500_-600x611.jpg 600w\" sizes=\"(max-width: 1474px) 100vw, 1474px\" title=\"\">\t\t\t\t\t\t\t\t\t\t\t\t\t\t\t<\/div>\n\t\t\t\t<div class=\"elementor-element elementor-element-47a8e5b elementor-widget elementor-widget-image\" data-id=\"47a8e5b\" data-element_type=\"widget\" data-e-type=\"widget\" data-widget_type=\"image.default\">\n\t\t\t\t\t\t\t\t\t\t\t\t\t\t\t<img decoding=\"async\" width=\"800\" height=\"964\" src=\"https:\/\/www.cnxiangfu.com\/wp-content\/uploads\/2025\/11\/8_71k0SbV-ZCL._AC_SL1419_-850x1024.jpg\" class=\"attachment-large size-large wp-image-5708\" alt=\"\" srcset=\"https:\/\/www.cnxiangfu.com\/wp-content\/uploads\/2025\/11\/8_71k0SbV-ZCL._AC_SL1419_-850x1024.jpg 850w, https:\/\/www.cnxiangfu.com\/wp-content\/uploads\/2025\/11\/8_71k0SbV-ZCL._AC_SL1419_-249x300.jpg 249w, https:\/\/www.cnxiangfu.com\/wp-content\/uploads\/2025\/11\/8_71k0SbV-ZCL._AC_SL1419_-768x925.jpg 768w, https:\/\/www.cnxiangfu.com\/wp-content\/uploads\/2025\/11\/8_71k0SbV-ZCL._AC_SL1419_-600x723.jpg 600w, https:\/\/www.cnxiangfu.com\/wp-content\/uploads\/2025\/11\/8_71k0SbV-ZCL._AC_SL1419_.jpg 1157w\" sizes=\"(max-width: 800px) 100vw, 800px\" title=\"\">\t\t\t\t\t\t\t\t\t\t\t\t\t\t\t<\/div>\n\t\t\t\t<div class=\"elementor-element elementor-element-5a886aa elementor-widget elementor-widget-image\" data-id=\"5a886aa\" data-element_type=\"widget\" data-e-type=\"widget\" data-widget_type=\"image.default\">\n\t\t\t\t\t\t\t\t\t\t\t\t\t\t\t<img decoding=\"async\" width=\"1024\" height=\"683\" src=\"https:\/\/www.cnxiangfu.com\/wp-content\/uploads\/2025\/11\/4_614s1k6TFrS._AC_SL1024_.jpg\" class=\"attachment-full size-full wp-image-5709\" alt=\"\" srcset=\"https:\/\/www.cnxiangfu.com\/wp-content\/uploads\/2025\/11\/4_614s1k6TFrS._AC_SL1024_.jpg 1024w, https:\/\/www.cnxiangfu.com\/wp-content\/uploads\/2025\/11\/4_614s1k6TFrS._AC_SL1024_-300x200.jpg 300w, https:\/\/www.cnxiangfu.com\/wp-content\/uploads\/2025\/11\/4_614s1k6TFrS._AC_SL1024_-768x512.jpg 768w, https:\/\/www.cnxiangfu.com\/wp-content\/uploads\/2025\/11\/4_614s1k6TFrS._AC_SL1024_-600x400.jpg 600w\" sizes=\"(max-width: 1024px) 100vw, 1024px\" title=\"\">\t\t\t\t\t\t\t\t\t\t\t\t\t\t\t<\/div>\n\t\t\t\t\t<\/div>\n\t\t\t\t<\/div>\n\t\t\t\t<\/div>\n\t\t","protected":false},"excerpt":{"rendered":"<p>Nom du produit&nbsp;: Sac<\/p>\n<p>en toile Taille du produit&nbsp;: Largeur 44cm x Hauteur 35cm x Largeur inf\u00e9rieure 11cm (unit\u00e9&nbsp;: centim\u00e8tres)<\/p>\n<p> Tissu du sac&nbsp;: Toile<\/p>\n<p>Poign\u00e9e&nbsp;: Toile Utilisation&nbsp;: Shopping<\/p>\n<p>, Voyage, Plage, Supermarch\u00e9<\/p>\n","protected":false},"featured_media":5684,"comment_status":"open","ping_status":"closed","template":"","meta":{"_acf_changed":false},"product_brand":[],"product_cat":[121],"product_tag":[],"class_list":{"0":"post-5546","1":"product","2":"type-product","3":"status-publish","4":"has-post-thumbnail","6":"product_cat-sac-en-tissu-oxford-personnalise","8":"first","9":"onbackorder","10":"shipping-taxable","11":"purchasable","12":"product-type-simple"},"acf":[],"_links":{"self":[{"href":"https:\/\/www.cnxiangfu.com\/fr\/wp-json\/wp\/v2\/product\/5546","targetHints":{"allow":["GET"]}}],"collection":[{"href":"https:\/\/www.cnxiangfu.com\/fr\/wp-json\/wp\/v2\/product"}],"about":[{"href":"https:\/\/www.cnxiangfu.com\/fr\/wp-json\/wp\/v2\/types\/product"}],"replies":[{"embeddable":true,"href":"https:\/\/www.cnxiangfu.com\/fr\/wp-json\/wp\/v2\/comments?post=5546"}],"version-history":[{"count":7,"href":"https:\/\/www.cnxiangfu.com\/fr\/wp-json\/wp\/v2\/product\/5546\/revisions"}],"predecessor-version":[{"id":5712,"href":"https:\/\/www.cnxiangfu.com\/fr\/wp-json\/wp\/v2\/product\/5546\/revisions\/5712"}],"wp:featuredmedia":[{"embeddable":true,"href":"https:\/\/www.cnxiangfu.com\/fr\/wp-json\/wp\/v2\/media\/5684"}],"wp:attachment":[{"href":"https:\/\/www.cnxiangfu.com\/fr\/wp-json\/wp\/v2\/media?parent=5546"}],"wp:term":[{"taxonomy":"product_brand","embeddable":true,"href":"https:\/\/www.cnxiangfu.com\/fr\/wp-json\/wp\/v2\/product_brand?post=5546"},{"taxonomy":"product_cat","embeddable":true,"href":"https:\/\/www.cnxiangfu.com\/fr\/wp-json\/wp\/v2\/product_cat?post=5546"},{"taxonomy":"product_tag","embeddable":true,"href":"https:\/\/www.cnxiangfu.com\/fr\/wp-json\/wp\/v2\/product_tag?post=5546"}],"curies":[{"name":"wp","href":"https:\/\/api.w.org\/{rel}","templated":true}]}}