{"id":5844,"date":"2025-11-18T16:03:18","date_gmt":"2025-11-18T08:03:18","guid":{"rendered":"https:\/\/www.cnxiangfu.com\/?post_type=product&#038;p=5844"},"modified":"2025-11-25T14:55:46","modified_gmt":"2025-11-25T06:55:46","slug":"sac-fourre-tout-a-la-cheminee-du-pere-noel-pour-femmes-sac-fourre-tout-raye-vert-et-blanc-de-noel-raye-sacs-depicerie-reutilisables-amusants-pour-le-pere-noel-%e5%a4%8d%e5%88%b6-2","status":"publish","type":"product","link":"https:\/\/www.cnxiangfu.com\/fr\/produit\/sac-fourre-tout-a-la-cheminee-du-pere-noel-pour-femmes-sac-fourre-tout-raye-vert-et-blanc-de-noel-raye-sacs-depicerie-reutilisables-amusants-pour-le-pere-noel-%e5%a4%8d%e5%88%b6-2\/","title":{"rendered":"Nouveau sac fourre-tout en tissu en li\u00e8ge avec logo personnalis\u00e9, sac shopping simple \u00e9paule avec motif en li\u00e8ge, sac zipp\u00e9 \u00e9cologique d\u00e9gradable"},"content":{"rendered":"\t\t<div data-elementor-type=\"product-post\" data-elementor-id=\"5844\" class=\"elementor elementor-5844 elementor-5842\" data-elementor-post-type=\"product\">\n\t\t\t\t<div class=\"elementor-element elementor-element-31f5d34 e-flex e-con-boxed e-con e-parent\" data-id=\"31f5d34\" data-element_type=\"container\" data-e-type=\"container\">\n\t\t\t\t\t<div class=\"e-con-inner\">\n\t\t\t\t<div class=\"elementor-element elementor-element-c0ce038 elementor-widget elementor-widget-image\" data-id=\"c0ce038\" data-element_type=\"widget\" data-e-type=\"widget\" data-widget_type=\"image.default\">\n\t\t\t\t\t\t\t\t\t\t\t\t\t\t\t<img fetchpriority=\"high\" decoding=\"async\" width=\"1200\" height=\"1200\" src=\"https:\/\/www.cnxiangfu.com\/wp-content\/uploads\/2025\/11\/12_71FV4ab4vTL._AC_SL1200_.jpg\" class=\"attachment-full size-full wp-image-6180\" alt=\"\" srcset=\"https:\/\/www.cnxiangfu.com\/wp-content\/uploads\/2025\/11\/12_71FV4ab4vTL._AC_SL1200_.jpg 1200w, https:\/\/www.cnxiangfu.com\/wp-content\/uploads\/2025\/11\/12_71FV4ab4vTL._AC_SL1200_-300x300.jpg 300w, https:\/\/www.cnxiangfu.com\/wp-content\/uploads\/2025\/11\/12_71FV4ab4vTL._AC_SL1200_-1024x1024.jpg 1024w, https:\/\/www.cnxiangfu.com\/wp-content\/uploads\/2025\/11\/12_71FV4ab4vTL._AC_SL1200_-150x150.jpg 150w, https:\/\/www.cnxiangfu.com\/wp-content\/uploads\/2025\/11\/12_71FV4ab4vTL._AC_SL1200_-768x768.jpg 768w, https:\/\/www.cnxiangfu.com\/wp-content\/uploads\/2025\/11\/12_71FV4ab4vTL._AC_SL1200_-650x650.jpg 650w, https:\/\/www.cnxiangfu.com\/wp-content\/uploads\/2025\/11\/12_71FV4ab4vTL._AC_SL1200_-600x600.jpg 600w, https:\/\/www.cnxiangfu.com\/wp-content\/uploads\/2025\/11\/12_71FV4ab4vTL._AC_SL1200_-100x100.jpg 100w\" sizes=\"(max-width: 1200px) 100vw, 1200px\" title=\"\">\t\t\t\t\t\t\t\t\t\t\t\t\t\t\t<\/div>\n\t\t\t\t<div class=\"elementor-element elementor-element-46ac89c elementor-widget elementor-widget-image\" data-id=\"46ac89c\" data-element_type=\"widget\" data-e-type=\"widget\" data-widget_type=\"image.default\">\n\t\t\t\t\t\t\t\t\t\t\t\t\t\t\t<img decoding=\"async\" width=\"844\" height=\"1103\" src=\"https:\/\/www.cnxiangfu.com\/wp-content\/uploads\/2025\/11\/39_61CafAQNS9L._AC_SL1200_.jpg\" class=\"attachment-full size-full wp-image-6181\" alt=\"\" srcset=\"https:\/\/www.cnxiangfu.com\/wp-content\/uploads\/2025\/11\/39_61CafAQNS9L._AC_SL1200_.jpg 844w, https:\/\/www.cnxiangfu.com\/wp-content\/uploads\/2025\/11\/39_61CafAQNS9L._AC_SL1200_-230x300.jpg 230w, https:\/\/www.cnxiangfu.com\/wp-content\/uploads\/2025\/11\/39_61CafAQNS9L._AC_SL1200_-784x1024.jpg 784w, https:\/\/www.cnxiangfu.com\/wp-content\/uploads\/2025\/11\/39_61CafAQNS9L._AC_SL1200_-768x1004.jpg 768w, https:\/\/www.cnxiangfu.com\/wp-content\/uploads\/2025\/11\/39_61CafAQNS9L._AC_SL1200_-600x784.jpg 600w\" sizes=\"(max-width: 844px) 100vw, 844px\" title=\"\">\t\t\t\t\t\t\t\t\t\t\t\t\t\t\t<\/div>\n\t\t\t\t<div class=\"elementor-element elementor-element-94d938f elementor-widget elementor-widget-image\" data-id=\"94d938f\" data-element_type=\"widget\" data-e-type=\"widget\" data-widget_type=\"image.default\">\n\t\t\t\t\t\t\t\t\t\t\t\t\t\t\t<img decoding=\"async\" width=\"1200\" height=\"1200\" src=\"https:\/\/www.cnxiangfu.com\/wp-content\/uploads\/2025\/11\/41_71PCgPiwKPL._AC_SL1200_.jpg\" class=\"attachment-full size-full wp-image-6182\" alt=\"\" srcset=\"https:\/\/www.cnxiangfu.com\/wp-content\/uploads\/2025\/11\/41_71PCgPiwKPL._AC_SL1200_.jpg 1200w, https:\/\/www.cnxiangfu.com\/wp-content\/uploads\/2025\/11\/41_71PCgPiwKPL._AC_SL1200_-300x300.jpg 300w, https:\/\/www.cnxiangfu.com\/wp-content\/uploads\/2025\/11\/41_71PCgPiwKPL._AC_SL1200_-1024x1024.jpg 1024w, https:\/\/www.cnxiangfu.com\/wp-content\/uploads\/2025\/11\/41_71PCgPiwKPL._AC_SL1200_-150x150.jpg 150w, https:\/\/www.cnxiangfu.com\/wp-content\/uploads\/2025\/11\/41_71PCgPiwKPL._AC_SL1200_-768x768.jpg 768w, https:\/\/www.cnxiangfu.com\/wp-content\/uploads\/2025\/11\/41_71PCgPiwKPL._AC_SL1200_-650x650.jpg 650w, https:\/\/www.cnxiangfu.com\/wp-content\/uploads\/2025\/11\/41_71PCgPiwKPL._AC_SL1200_-600x600.jpg 600w, https:\/\/www.cnxiangfu.com\/wp-content\/uploads\/2025\/11\/41_71PCgPiwKPL._AC_SL1200_-100x100.jpg 100w\" sizes=\"(max-width: 1200px) 100vw, 1200px\" title=\"\">\t\t\t\t\t\t\t\t\t\t\t\t\t\t\t<\/div>\n\t\t\t\t\t<\/div>\n\t\t\t\t<\/div>\n\t\t\t\t<\/div>\n\t\t","protected":false},"excerpt":{"rendered":"<p>Nom du produit : Sac<\/p>\n<p>en li\u00e8ge Taille du produit : Largeur 46 cm x Hauteur 35 cm (Unit\u00e9 : centim\u00e8tres)<\/p>\n<p> Tissu du sac : En li\u00e8ge<\/p>\n<p>Poign\u00e9e : Sangle en coton \u00e9pais, avec une grande capacit\u00e9<\/p>\n<p>de charge Utilisation : Voyages, Shopping, Usage quotidien<\/p>\n","protected":false},"featured_media":6022,"comment_status":"open","ping_status":"closed","template":"","meta":{"_acf_changed":false},"product_brand":[],"product_cat":[97],"product_tag":[],"class_list":{"0":"post-5844","1":"product","2":"type-product","3":"status-publish","4":"has-post-thumbnail","6":"product_cat-sacs-en-toile-personnalises","8":"first","9":"onbackorder","10":"shipping-taxable","11":"purchasable","12":"product-type-simple"},"acf":[],"_links":{"self":[{"href":"https:\/\/www.cnxiangfu.com\/fr\/wp-json\/wp\/v2\/product\/5844","targetHints":{"allow":["GET"]}}],"collection":[{"href":"https:\/\/www.cnxiangfu.com\/fr\/wp-json\/wp\/v2\/product"}],"about":[{"href":"https:\/\/www.cnxiangfu.com\/fr\/wp-json\/wp\/v2\/types\/product"}],"replies":[{"embeddable":true,"href":"https:\/\/www.cnxiangfu.com\/fr\/wp-json\/wp\/v2\/comments?post=5844"}],"version-history":[{"count":13,"href":"https:\/\/www.cnxiangfu.com\/fr\/wp-json\/wp\/v2\/product\/5844\/revisions"}],"predecessor-version":[{"id":6183,"href":"https:\/\/www.cnxiangfu.com\/fr\/wp-json\/wp\/v2\/product\/5844\/revisions\/6183"}],"wp:featuredmedia":[{"embeddable":true,"href":"https:\/\/www.cnxiangfu.com\/fr\/wp-json\/wp\/v2\/media\/6022"}],"wp:attachment":[{"href":"https:\/\/www.cnxiangfu.com\/fr\/wp-json\/wp\/v2\/media?parent=5844"}],"wp:term":[{"taxonomy":"product_brand","embeddable":true,"href":"https:\/\/www.cnxiangfu.com\/fr\/wp-json\/wp\/v2\/product_brand?post=5844"},{"taxonomy":"product_cat","embeddable":true,"href":"https:\/\/www.cnxiangfu.com\/fr\/wp-json\/wp\/v2\/product_cat?post=5844"},{"taxonomy":"product_tag","embeddable":true,"href":"https:\/\/www.cnxiangfu.com\/fr\/wp-json\/wp\/v2\/product_tag?post=5844"}],"curies":[{"name":"wp","href":"https:\/\/api.w.org\/{rel}","templated":true}]}}