{"id":6129,"date":"2025-11-25T14:11:19","date_gmt":"2025-11-25T06:11:19","guid":{"rendered":"https:\/\/www.cnxiangfu.com\/?post_type=product&#038;p=6129"},"modified":"2025-11-26T16:02:36","modified_gmt":"2025-11-26T08:02:36","slug":"sac-fourre-tout-a-fermeture-eclair-sac-de-plage-en-papier-kraft-grand-hobo-carry-all-travel-shopping-sac-a-main-sac-a-bandouliere-en-plastique-%e5%a4%8d%e5%88%b6","status":"publish","type":"product","link":"https:\/\/www.cnxiangfu.com\/fr\/produit\/sac-fourre-tout-a-fermeture-eclair-sac-de-plage-en-papier-kraft-grand-hobo-carry-all-travel-shopping-sac-a-main-sac-a-bandouliere-en-plastique-%e5%a4%8d%e5%88%b6\/","title":{"rendered":"Sac en toile pour femmes 2025 Nouveau style Simple et polyvalent sac \u00e0 \u00e9paule Sac \u00e0 main tendance pour \u00e9tudiants universitaires"},"content":{"rendered":"\t\t<div data-elementor-type=\"product-post\" data-elementor-id=\"6129\" class=\"elementor elementor-6129 elementor-6127\" data-elementor-post-type=\"product\">\n\t\t\t\t<div class=\"elementor-element elementor-element-31f5d34 e-flex e-con-boxed e-con e-parent\" data-id=\"31f5d34\" data-element_type=\"container\" data-e-type=\"container\">\n\t\t\t\t\t<div class=\"e-con-inner\">\n\t\t\t\t<div class=\"elementor-element elementor-element-c55fcd3 elementor-widget elementor-widget-image\" data-id=\"c55fcd3\" data-element_type=\"widget\" data-e-type=\"widget\" data-widget_type=\"image.default\">\n\t\t\t\t\t\t\t\t\t\t\t\t\t\t\t<img fetchpriority=\"high\" decoding=\"async\" width=\"1403\" height=\"1480\" src=\"https:\/\/www.cnxiangfu.com\/wp-content\/uploads\/2025\/11\/17_61XbR5VJML._AC_SL1500_.jpg\" class=\"attachment-full size-full wp-image-6405\" alt=\"\" srcset=\"https:\/\/www.cnxiangfu.com\/wp-content\/uploads\/2025\/11\/17_61XbR5VJML._AC_SL1500_.jpg 1403w, https:\/\/www.cnxiangfu.com\/wp-content\/uploads\/2025\/11\/17_61XbR5VJML._AC_SL1500_-284x300.jpg 284w, https:\/\/www.cnxiangfu.com\/wp-content\/uploads\/2025\/11\/17_61XbR5VJML._AC_SL1500_-971x1024.jpg 971w, https:\/\/www.cnxiangfu.com\/wp-content\/uploads\/2025\/11\/17_61XbR5VJML._AC_SL1500_-768x810.jpg 768w, https:\/\/www.cnxiangfu.com\/wp-content\/uploads\/2025\/11\/17_61XbR5VJML._AC_SL1500_-600x633.jpg 600w\" sizes=\"(max-width: 1403px) 100vw, 1403px\" title=\"\">\t\t\t\t\t\t\t\t\t\t\t\t\t\t\t<\/div>\n\t\t\t\t<div class=\"elementor-element elementor-element-85a0b5b elementor-widget elementor-widget-image\" data-id=\"85a0b5b\" data-element_type=\"widget\" data-e-type=\"widget\" data-widget_type=\"image.default\">\n\t\t\t\t\t\t\t\t\t\t\t\t\t\t\t<img decoding=\"async\" width=\"1500\" height=\"1486\" src=\"https:\/\/www.cnxiangfu.com\/wp-content\/uploads\/2025\/11\/14_71iaie6TizL._AC_SL1500_.jpg\" class=\"attachment-full size-full wp-image-6406\" alt=\"\" srcset=\"https:\/\/www.cnxiangfu.com\/wp-content\/uploads\/2025\/11\/14_71iaie6TizL._AC_SL1500_.jpg 1500w, https:\/\/www.cnxiangfu.com\/wp-content\/uploads\/2025\/11\/14_71iaie6TizL._AC_SL1500_-300x297.jpg 300w, https:\/\/www.cnxiangfu.com\/wp-content\/uploads\/2025\/11\/14_71iaie6TizL._AC_SL1500_-1024x1014.jpg 1024w, https:\/\/www.cnxiangfu.com\/wp-content\/uploads\/2025\/11\/14_71iaie6TizL._AC_SL1500_-150x150.jpg 150w, https:\/\/www.cnxiangfu.com\/wp-content\/uploads\/2025\/11\/14_71iaie6TizL._AC_SL1500_-768x761.jpg 768w, https:\/\/www.cnxiangfu.com\/wp-content\/uploads\/2025\/11\/14_71iaie6TizL._AC_SL1500_-600x594.jpg 600w, https:\/\/www.cnxiangfu.com\/wp-content\/uploads\/2025\/11\/14_71iaie6TizL._AC_SL1500_-100x100.jpg 100w\" sizes=\"(max-width: 1500px) 100vw, 1500px\" title=\"\">\t\t\t\t\t\t\t\t\t\t\t\t\t\t\t<\/div>\n\t\t\t\t<div class=\"elementor-element elementor-element-af8037d elementor-widget elementor-widget-image\" data-id=\"af8037d\" data-element_type=\"widget\" data-e-type=\"widget\" data-widget_type=\"image.default\">\n\t\t\t\t\t\t\t\t\t\t\t\t\t\t\t<img decoding=\"async\" width=\"1500\" height=\"1496\" src=\"https:\/\/www.cnxiangfu.com\/wp-content\/uploads\/2025\/11\/44_71Otwarni6L._AC_SL1500_.jpg\" class=\"attachment-full size-full wp-image-6407\" alt=\"\" srcset=\"https:\/\/www.cnxiangfu.com\/wp-content\/uploads\/2025\/11\/44_71Otwarni6L._AC_SL1500_.jpg 1500w, https:\/\/www.cnxiangfu.com\/wp-content\/uploads\/2025\/11\/44_71Otwarni6L._AC_SL1500_-300x300.jpg 300w, https:\/\/www.cnxiangfu.com\/wp-content\/uploads\/2025\/11\/44_71Otwarni6L._AC_SL1500_-1024x1021.jpg 1024w, https:\/\/www.cnxiangfu.com\/wp-content\/uploads\/2025\/11\/44_71Otwarni6L._AC_SL1500_-150x150.jpg 150w, https:\/\/www.cnxiangfu.com\/wp-content\/uploads\/2025\/11\/44_71Otwarni6L._AC_SL1500_-768x766.jpg 768w, https:\/\/www.cnxiangfu.com\/wp-content\/uploads\/2025\/11\/44_71Otwarni6L._AC_SL1500_-600x598.jpg 600w, https:\/\/www.cnxiangfu.com\/wp-content\/uploads\/2025\/11\/44_71Otwarni6L._AC_SL1500_-100x100.jpg 100w\" sizes=\"(max-width: 1500px) 100vw, 1500px\" title=\"\">\t\t\t\t\t\t\t\t\t\t\t\t\t\t\t<\/div>\n\t\t\t\t\t<\/div>\n\t\t\t\t<\/div>\n\t\t\t\t<\/div>\n\t\t","protected":false},"excerpt":{"rendered":"<p>Nom du produit : Dupont Sac en papier Taille du produit : Largeur 43 cm x Hauteur 30 cm x Largeur du fond 15 cm (Unit\u00e9 : Centim\u00e8tres)<\/p>\n<p> Tissu du sac : Dupont Poign\u00e9e en papier<\/p>\n<p>: Sangle en coton \u00e9paisse, avec une grande capacit\u00e9<\/p>\n<p>de charge Utilisation : Voyage, Shopping, Usage quotidien<\/p>\n","protected":false},"featured_media":6331,"comment_status":"open","ping_status":"closed","template":"","meta":{"_acf_changed":false},"product_brand":[],"product_cat":[97],"product_tag":[],"class_list":{"0":"post-6129","1":"product","2":"type-product","3":"status-publish","4":"has-post-thumbnail","6":"product_cat-sacs-en-toile-personnalises","8":"first","9":"onbackorder","10":"shipping-taxable","11":"purchasable","12":"product-type-simple"},"acf":[],"_links":{"self":[{"href":"https:\/\/www.cnxiangfu.com\/fr\/wp-json\/wp\/v2\/product\/6129","targetHints":{"allow":["GET"]}}],"collection":[{"href":"https:\/\/www.cnxiangfu.com\/fr\/wp-json\/wp\/v2\/product"}],"about":[{"href":"https:\/\/www.cnxiangfu.com\/fr\/wp-json\/wp\/v2\/types\/product"}],"replies":[{"embeddable":true,"href":"https:\/\/www.cnxiangfu.com\/fr\/wp-json\/wp\/v2\/comments?post=6129"}],"version-history":[{"count":8,"href":"https:\/\/www.cnxiangfu.com\/fr\/wp-json\/wp\/v2\/product\/6129\/revisions"}],"predecessor-version":[{"id":6408,"href":"https:\/\/www.cnxiangfu.com\/fr\/wp-json\/wp\/v2\/product\/6129\/revisions\/6408"}],"wp:featuredmedia":[{"embeddable":true,"href":"https:\/\/www.cnxiangfu.com\/fr\/wp-json\/wp\/v2\/media\/6331"}],"wp:attachment":[{"href":"https:\/\/www.cnxiangfu.com\/fr\/wp-json\/wp\/v2\/media?parent=6129"}],"wp:term":[{"taxonomy":"product_brand","embeddable":true,"href":"https:\/\/www.cnxiangfu.com\/fr\/wp-json\/wp\/v2\/product_brand?post=6129"},{"taxonomy":"product_cat","embeddable":true,"href":"https:\/\/www.cnxiangfu.com\/fr\/wp-json\/wp\/v2\/product_cat?post=6129"},{"taxonomy":"product_tag","embeddable":true,"href":"https:\/\/www.cnxiangfu.com\/fr\/wp-json\/wp\/v2\/product_tag?post=6129"}],"curies":[{"name":"wp","href":"https:\/\/api.w.org\/{rel}","templated":true}]}}