{"id":6209,"date":"2025-11-25T16:32:19","date_gmt":"2025-11-25T08:32:19","guid":{"rendered":"https:\/\/www.cnxiangfu.com\/?post_type=product&#038;p=6209"},"modified":"2025-12-01T10:10:09","modified_gmt":"2025-12-01T02:10:09","slug":"sac-fourre-tout-a-fermeture-eclair-sac-de-plage-en-papier-kraft-grand-hobo-carry-all-travel-shopping-sac-a-main-sac-a-bandouliere-en-plastique-%e5%a4%8d%e5%88%b6-2","status":"publish","type":"product","link":"https:\/\/www.cnxiangfu.com\/fr\/produit\/sac-fourre-tout-a-fermeture-eclair-sac-de-plage-en-papier-kraft-grand-hobo-carry-all-travel-shopping-sac-a-main-sac-a-bandouliere-en-plastique-%e5%a4%8d%e5%88%b6-2\/","title":{"rendered":"Grand sac fourre-tout en PVC pour femmes Sacs \u00e0 sacs transparents Lettres plastiques \u00e0 imprimer, sac \u00e0 main Kraft en papier Sac Hobo pour les voyages professionnels"},"content":{"rendered":"\t\t<div data-elementor-type=\"product-post\" data-elementor-id=\"6209\" class=\"elementor elementor-6209 elementor-6207\" data-elementor-post-type=\"product\">\n\t\t\t\t<div class=\"elementor-element elementor-element-31f5d34 e-flex e-con-boxed e-con e-parent\" data-id=\"31f5d34\" data-element_type=\"container\" data-e-type=\"container\">\n\t\t\t\t\t<div class=\"e-con-inner\">\n\t\t\t\t<div class=\"elementor-element elementor-element-c55fcd3 elementor-widget elementor-widget-image\" data-id=\"c55fcd3\" data-element_type=\"widget\" data-e-type=\"widget\" data-widget_type=\"image.default\">\n\t\t\t\t\t\t\t\t\t\t\t\t\t\t\t<img fetchpriority=\"high\" decoding=\"async\" width=\"1500\" height=\"1500\" src=\"https:\/\/www.cnxiangfu.com\/wp-content\/uploads\/2025\/11\/A5-4.jpg\" class=\"attachment-full size-full wp-image-6151\" alt=\"\" srcset=\"https:\/\/www.cnxiangfu.com\/wp-content\/uploads\/2025\/11\/A5-4.jpg 1500w, https:\/\/www.cnxiangfu.com\/wp-content\/uploads\/2025\/11\/A5-4-300x300.jpg 300w, https:\/\/www.cnxiangfu.com\/wp-content\/uploads\/2025\/11\/A5-4-1024x1024.jpg 1024w, https:\/\/www.cnxiangfu.com\/wp-content\/uploads\/2025\/11\/A5-4-150x150.jpg 150w, https:\/\/www.cnxiangfu.com\/wp-content\/uploads\/2025\/11\/A5-4-768x768.jpg 768w, https:\/\/www.cnxiangfu.com\/wp-content\/uploads\/2025\/11\/A5-4-650x650.jpg 650w, https:\/\/www.cnxiangfu.com\/wp-content\/uploads\/2025\/11\/A5-4-1300x1300.jpg 1300w, https:\/\/www.cnxiangfu.com\/wp-content\/uploads\/2025\/11\/A5-4-600x600.jpg 600w, https:\/\/www.cnxiangfu.com\/wp-content\/uploads\/2025\/11\/A5-4-100x100.jpg 100w\" sizes=\"(max-width: 1500px) 100vw, 1500px\" title=\"\">\t\t\t\t\t\t\t\t\t\t\t\t\t\t\t<\/div>\n\t\t\t\t<div class=\"elementor-element elementor-element-85a0b5b elementor-widget elementor-widget-image\" data-id=\"85a0b5b\" data-element_type=\"widget\" data-e-type=\"widget\" data-widget_type=\"image.default\">\n\t\t\t\t\t\t\t\t\t\t\t\t\t\t\t<img decoding=\"async\" width=\"1470\" height=\"1500\" src=\"https:\/\/www.cnxiangfu.com\/wp-content\/uploads\/2025\/11\/A6-4.jpg\" class=\"attachment-full size-full wp-image-6152\" alt=\"\" srcset=\"https:\/\/www.cnxiangfu.com\/wp-content\/uploads\/2025\/11\/A6-4.jpg 1470w, https:\/\/www.cnxiangfu.com\/wp-content\/uploads\/2025\/11\/A6-4-294x300.jpg 294w, https:\/\/www.cnxiangfu.com\/wp-content\/uploads\/2025\/11\/A6-4-1004x1024.jpg 1004w, https:\/\/www.cnxiangfu.com\/wp-content\/uploads\/2025\/11\/A6-4-768x784.jpg 768w, https:\/\/www.cnxiangfu.com\/wp-content\/uploads\/2025\/11\/A6-4-600x612.jpg 600w\" sizes=\"(max-width: 1470px) 100vw, 1470px\" title=\"\">\t\t\t\t\t\t\t\t\t\t\t\t\t\t\t<\/div>\n\t\t\t\t<div class=\"elementor-element elementor-element-af8037d elementor-widget elementor-widget-image\" data-id=\"af8037d\" data-element_type=\"widget\" data-e-type=\"widget\" data-widget_type=\"image.default\">\n\t\t\t\t\t\t\t\t\t\t\t\t\t\t\t<img decoding=\"async\" width=\"1476\" height=\"1500\" src=\"https:\/\/www.cnxiangfu.com\/wp-content\/uploads\/2025\/11\/A7-6.jpg\" class=\"attachment-full size-full wp-image-6153\" alt=\"\" srcset=\"https:\/\/www.cnxiangfu.com\/wp-content\/uploads\/2025\/11\/A7-6.jpg 1476w, https:\/\/www.cnxiangfu.com\/wp-content\/uploads\/2025\/11\/A7-6-295x300.jpg 295w, https:\/\/www.cnxiangfu.com\/wp-content\/uploads\/2025\/11\/A7-6-1008x1024.jpg 1008w, https:\/\/www.cnxiangfu.com\/wp-content\/uploads\/2025\/11\/A7-6-768x780.jpg 768w, https:\/\/www.cnxiangfu.com\/wp-content\/uploads\/2025\/11\/A7-6-600x610.jpg 600w\" sizes=\"(max-width: 1476px) 100vw, 1476px\" title=\"\">\t\t\t\t\t\t\t\t\t\t\t\t\t\t\t<\/div>\n\t\t\t\t<div class=\"elementor-element elementor-element-4073787 elementor-widget elementor-widget-image\" data-id=\"4073787\" data-element_type=\"widget\" data-e-type=\"widget\" data-widget_type=\"image.default\">\n\t\t\t\t\t\t\t\t\t\t\t\t\t\t\t<img loading=\"lazy\" decoding=\"async\" width=\"1500\" height=\"1500\" src=\"https:\/\/www.cnxiangfu.com\/wp-content\/uploads\/2025\/11\/A8-4.jpg\" class=\"attachment-full size-full wp-image-6154\" alt=\"\" srcset=\"https:\/\/www.cnxiangfu.com\/wp-content\/uploads\/2025\/11\/A8-4.jpg 1500w, https:\/\/www.cnxiangfu.com\/wp-content\/uploads\/2025\/11\/A8-4-300x300.jpg 300w, https:\/\/www.cnxiangfu.com\/wp-content\/uploads\/2025\/11\/A8-4-1024x1024.jpg 1024w, https:\/\/www.cnxiangfu.com\/wp-content\/uploads\/2025\/11\/A8-4-150x150.jpg 150w, https:\/\/www.cnxiangfu.com\/wp-content\/uploads\/2025\/11\/A8-4-768x768.jpg 768w, https:\/\/www.cnxiangfu.com\/wp-content\/uploads\/2025\/11\/A8-4-650x650.jpg 650w, https:\/\/www.cnxiangfu.com\/wp-content\/uploads\/2025\/11\/A8-4-1300x1300.jpg 1300w, https:\/\/www.cnxiangfu.com\/wp-content\/uploads\/2025\/11\/A8-4-600x600.jpg 600w, https:\/\/www.cnxiangfu.com\/wp-content\/uploads\/2025\/11\/A8-4-100x100.jpg 100w\" sizes=\"(max-width: 1500px) 100vw, 1500px\" title=\"\">\t\t\t\t\t\t\t\t\t\t\t\t\t\t\t<\/div>\n\t\t\t\t<div class=\"elementor-element elementor-element-c392595 elementor-widget elementor-widget-image\" data-id=\"c392595\" data-element_type=\"widget\" data-e-type=\"widget\" data-widget_type=\"image.default\">\n\t\t\t\t\t\t\t\t\t\t\t\t\t\t\t<img loading=\"lazy\" decoding=\"async\" width=\"1500\" height=\"1500\" src=\"https:\/\/www.cnxiangfu.com\/wp-content\/uploads\/2025\/11\/A9-2.jpg\" class=\"attachment-full size-full wp-image-6155\" alt=\"\" srcset=\"https:\/\/www.cnxiangfu.com\/wp-content\/uploads\/2025\/11\/A9-2.jpg 1500w, https:\/\/www.cnxiangfu.com\/wp-content\/uploads\/2025\/11\/A9-2-300x300.jpg 300w, https:\/\/www.cnxiangfu.com\/wp-content\/uploads\/2025\/11\/A9-2-1024x1024.jpg 1024w, https:\/\/www.cnxiangfu.com\/wp-content\/uploads\/2025\/11\/A9-2-150x150.jpg 150w, https:\/\/www.cnxiangfu.com\/wp-content\/uploads\/2025\/11\/A9-2-768x768.jpg 768w, https:\/\/www.cnxiangfu.com\/wp-content\/uploads\/2025\/11\/A9-2-650x650.jpg 650w, https:\/\/www.cnxiangfu.com\/wp-content\/uploads\/2025\/11\/A9-2-1300x1300.jpg 1300w, https:\/\/www.cnxiangfu.com\/wp-content\/uploads\/2025\/11\/A9-2-600x600.jpg 600w, https:\/\/www.cnxiangfu.com\/wp-content\/uploads\/2025\/11\/A9-2-100x100.jpg 100w\" sizes=\"(max-width: 1500px) 100vw, 1500px\" title=\"\">\t\t\t\t\t\t\t\t\t\t\t\t\t\t\t<\/div>\n\t\t\t\t\t<\/div>\n\t\t\t\t<\/div>\n\t\t\t\t<\/div>\n\t\t","protected":false},"excerpt":{"rendered":"<p>Nom du produit&nbsp;: Sac<\/p>\n<p>en papier Dupont Taille du produit&nbsp;: Largeur 40cm x Hauteur 38cm x Largeur inf\u00e9rieure 12cm (unit\u00e9&nbsp;: centim\u00e8tres)<\/p>\n<p> Tissu du sac&nbsp;: Papier<\/p>\n<p>Dupont Poign\u00e9e&nbsp;: Sangle en coton \u00e9pais, avec une forte capacit\u00e9<\/p>\n<p>de charge Utilisation&nbsp;: Voyage, Shopping, Utilisation quotidienne<\/p>\n","protected":false},"featured_media":6146,"comment_status":"open","ping_status":"closed","template":"","meta":{"_acf_changed":false},"product_brand":[],"product_cat":[74,100],"product_tag":[465,463,462,460,461,464],"class_list":{"0":"post-6209","1":"product","2":"type-product","3":"status-publish","4":"has-post-thumbnail","6":"product_cat-sac-en-papier-dupont","7":"product_cat-sac-en-papier-dupont-personnalise","8":"product_tag-sac-fourre-tout-en-toile-pour-femmes-fabricants","9":"product_tag-sacs-fourre-tout-de-voyage-pour-femmes","10":"product_tag-sacs-fourre-tout-en-cuir-pour-femmes","11":"product_tag-sacs-fourre-tout-en-plastique-pour-femmes","12":"product_tag-sacs-fourre-tout-pour-femmes","13":"product_tag-vente-de-sacs-fourre-tout-pour-femmes","15":"first","16":"onbackorder","17":"shipping-taxable","18":"purchasable","19":"product-type-simple"},"acf":[],"_links":{"self":[{"href":"https:\/\/www.cnxiangfu.com\/fr\/wp-json\/wp\/v2\/product\/6209","targetHints":{"allow":["GET"]}}],"collection":[{"href":"https:\/\/www.cnxiangfu.com\/fr\/wp-json\/wp\/v2\/product"}],"about":[{"href":"https:\/\/www.cnxiangfu.com\/fr\/wp-json\/wp\/v2\/types\/product"}],"replies":[{"embeddable":true,"href":"https:\/\/www.cnxiangfu.com\/fr\/wp-json\/wp\/v2\/comments?post=6209"}],"version-history":[{"count":4,"href":"https:\/\/www.cnxiangfu.com\/fr\/wp-json\/wp\/v2\/product\/6209\/revisions"}],"predecessor-version":[{"id":7373,"href":"https:\/\/www.cnxiangfu.com\/fr\/wp-json\/wp\/v2\/product\/6209\/revisions\/7373"}],"wp:featuredmedia":[{"embeddable":true,"href":"https:\/\/www.cnxiangfu.com\/fr\/wp-json\/wp\/v2\/media\/6146"}],"wp:attachment":[{"href":"https:\/\/www.cnxiangfu.com\/fr\/wp-json\/wp\/v2\/media?parent=6209"}],"wp:term":[{"taxonomy":"product_brand","embeddable":true,"href":"https:\/\/www.cnxiangfu.com\/fr\/wp-json\/wp\/v2\/product_brand?post=6209"},{"taxonomy":"product_cat","embeddable":true,"href":"https:\/\/www.cnxiangfu.com\/fr\/wp-json\/wp\/v2\/product_cat?post=6209"},{"taxonomy":"product_tag","embeddable":true,"href":"https:\/\/www.cnxiangfu.com\/fr\/wp-json\/wp\/v2\/product_tag?post=6209"}],"curies":[{"name":"wp","href":"https:\/\/api.w.org\/{rel}","templated":true}]}}