{"id":6220,"date":"2025-11-26T11:01:44","date_gmt":"2025-11-26T03:01:44","guid":{"rendered":"https:\/\/www.cnxiangfu.com\/?post_type=product&#038;p=6220"},"modified":"2025-11-30T20:17:22","modified_gmt":"2025-11-30T12:17:22","slug":"sac-fourre-tout-en-polyester-pour-femmes-sac-fourre-tout-avec-fermeture-eclair-fourre-tout-de-travail-avec-compartiments-infirmiere-epaule-hanbag-pour-voyage-salle-de-sport-%e5%a4%8d%e5%88%b6-2","status":"publish","type":"product","link":"https:\/\/www.cnxiangfu.com\/fr\/produit\/sac-fourre-tout-en-polyester-pour-femmes-sac-fourre-tout-avec-fermeture-eclair-fourre-tout-de-travail-avec-compartiments-infirmiere-epaule-hanbag-pour-voyage-salle-de-sport-%e5%a4%8d%e5%88%b6-2\/","title":{"rendered":"Grand sac fourre-tout pour femmes &#8211; Sacs \u00e0 main l\u00e9gers de voyage Sacs fourre-tout de travail avec fermeture \u00e9clair pour les d\u00e9placements en salle de sport"},"content":{"rendered":"\t\t<div data-elementor-type=\"product-post\" data-elementor-id=\"6220\" class=\"elementor elementor-6220 elementor-6218\" data-elementor-post-type=\"product\">\n\t\t\t\t<div class=\"elementor-element elementor-element-31f5d34 e-flex e-con-boxed e-con e-parent\" data-id=\"31f5d34\" data-element_type=\"container\" data-e-type=\"container\">\n\t\t\t\t\t<div class=\"e-con-inner\">\n\t\t\t\t<div class=\"elementor-element elementor-element-d8d1255 elementor-widget elementor-widget-image\" data-id=\"d8d1255\" data-element_type=\"widget\" data-e-type=\"widget\" data-widget_type=\"image.default\">\n\t\t\t\t\t\t\t\t\t\t\t\t\t\t\t<img fetchpriority=\"high\" decoding=\"async\" width=\"1333\" height=\"1500\" src=\"https:\/\/www.cnxiangfu.com\/wp-content\/uploads\/2025\/11\/A5-5.jpg\" class=\"attachment-full size-full wp-image-6243\" alt=\"\" srcset=\"https:\/\/www.cnxiangfu.com\/wp-content\/uploads\/2025\/11\/A5-5.jpg 1333w, https:\/\/www.cnxiangfu.com\/wp-content\/uploads\/2025\/11\/A5-5-267x300.jpg 267w, https:\/\/www.cnxiangfu.com\/wp-content\/uploads\/2025\/11\/A5-5-910x1024.jpg 910w, https:\/\/www.cnxiangfu.com\/wp-content\/uploads\/2025\/11\/A5-5-768x864.jpg 768w, https:\/\/www.cnxiangfu.com\/wp-content\/uploads\/2025\/11\/A5-5-600x675.jpg 600w\" sizes=\"(max-width: 1333px) 100vw, 1333px\" title=\"\">\t\t\t\t\t\t\t\t\t\t\t\t\t\t\t<\/div>\n\t\t\t\t<div class=\"elementor-element elementor-element-47a8e5b elementor-widget elementor-widget-image\" data-id=\"47a8e5b\" data-element_type=\"widget\" data-e-type=\"widget\" data-widget_type=\"image.default\">\n\t\t\t\t\t\t\t\t\t\t\t\t\t\t\t<img decoding=\"async\" width=\"800\" height=\"900\" src=\"https:\/\/www.cnxiangfu.com\/wp-content\/uploads\/2025\/11\/A6-5-910x1024.jpg\" class=\"attachment-large size-large wp-image-6244\" alt=\"Large Tote Bag for Women\" srcset=\"https:\/\/www.cnxiangfu.com\/wp-content\/uploads\/2025\/11\/A6-5-910x1024.jpg 910w, https:\/\/www.cnxiangfu.com\/wp-content\/uploads\/2025\/11\/A6-5-267x300.jpg 267w, https:\/\/www.cnxiangfu.com\/wp-content\/uploads\/2025\/11\/A6-5-768x864.jpg 768w, https:\/\/www.cnxiangfu.com\/wp-content\/uploads\/2025\/11\/A6-5-600x675.jpg 600w, https:\/\/www.cnxiangfu.com\/wp-content\/uploads\/2025\/11\/A6-5.jpg 1333w\" sizes=\"(max-width: 800px) 100vw, 800px\" title=\"\">\t\t\t\t\t\t\t\t\t\t\t\t\t\t\t<\/div>\n\t\t\t\t<div class=\"elementor-element elementor-element-5a886aa elementor-widget elementor-widget-image\" data-id=\"5a886aa\" data-element_type=\"widget\" data-e-type=\"widget\" data-widget_type=\"image.default\">\n\t\t\t\t\t\t\t\t\t\t\t\t\t\t\t<img decoding=\"async\" width=\"1333\" height=\"1500\" src=\"https:\/\/www.cnxiangfu.com\/wp-content\/uploads\/2025\/11\/A7-7.jpg\" class=\"attachment-full size-full wp-image-6245\" alt=\"\" srcset=\"https:\/\/www.cnxiangfu.com\/wp-content\/uploads\/2025\/11\/A7-7.jpg 1333w, https:\/\/www.cnxiangfu.com\/wp-content\/uploads\/2025\/11\/A7-7-267x300.jpg 267w, https:\/\/www.cnxiangfu.com\/wp-content\/uploads\/2025\/11\/A7-7-910x1024.jpg 910w, https:\/\/www.cnxiangfu.com\/wp-content\/uploads\/2025\/11\/A7-7-768x864.jpg 768w, https:\/\/www.cnxiangfu.com\/wp-content\/uploads\/2025\/11\/A7-7-600x675.jpg 600w\" sizes=\"(max-width: 1333px) 100vw, 1333px\" title=\"\">\t\t\t\t\t\t\t\t\t\t\t\t\t\t\t<\/div>\n\t\t\t\t<div class=\"elementor-element elementor-element-8f0895d elementor-widget elementor-widget-image\" data-id=\"8f0895d\" data-element_type=\"widget\" data-e-type=\"widget\" data-widget_type=\"image.default\">\n\t\t\t\t\t\t\t\t\t\t\t\t\t\t\t<img loading=\"lazy\" decoding=\"async\" width=\"1333\" height=\"1500\" src=\"https:\/\/www.cnxiangfu.com\/wp-content\/uploads\/2025\/11\/A8-5.jpg\" class=\"attachment-full size-full wp-image-6246\" alt=\"\" srcset=\"https:\/\/www.cnxiangfu.com\/wp-content\/uploads\/2025\/11\/A8-5.jpg 1333w, https:\/\/www.cnxiangfu.com\/wp-content\/uploads\/2025\/11\/A8-5-267x300.jpg 267w, https:\/\/www.cnxiangfu.com\/wp-content\/uploads\/2025\/11\/A8-5-910x1024.jpg 910w, https:\/\/www.cnxiangfu.com\/wp-content\/uploads\/2025\/11\/A8-5-768x864.jpg 768w, https:\/\/www.cnxiangfu.com\/wp-content\/uploads\/2025\/11\/A8-5-600x675.jpg 600w\" sizes=\"(max-width: 1333px) 100vw, 1333px\" title=\"\">\t\t\t\t\t\t\t\t\t\t\t\t\t\t\t<\/div>\n\t\t\t\t<div class=\"elementor-element elementor-element-b920e80 elementor-widget elementor-widget-image\" data-id=\"b920e80\" data-element_type=\"widget\" data-e-type=\"widget\" data-widget_type=\"image.default\">\n\t\t\t\t\t\t\t\t\t\t\t\t\t\t\t<img loading=\"lazy\" decoding=\"async\" width=\"1333\" height=\"1500\" src=\"https:\/\/www.cnxiangfu.com\/wp-content\/uploads\/2025\/11\/A9-3.jpg\" class=\"attachment-full size-full wp-image-6247\" alt=\"\" srcset=\"https:\/\/www.cnxiangfu.com\/wp-content\/uploads\/2025\/11\/A9-3.jpg 1333w, https:\/\/www.cnxiangfu.com\/wp-content\/uploads\/2025\/11\/A9-3-267x300.jpg 267w, https:\/\/www.cnxiangfu.com\/wp-content\/uploads\/2025\/11\/A9-3-910x1024.jpg 910w, https:\/\/www.cnxiangfu.com\/wp-content\/uploads\/2025\/11\/A9-3-768x864.jpg 768w, https:\/\/www.cnxiangfu.com\/wp-content\/uploads\/2025\/11\/A9-3-600x675.jpg 600w\" sizes=\"(max-width: 1333px) 100vw, 1333px\" title=\"\">\t\t\t\t\t\t\t\t\t\t\t\t\t\t\t<\/div>\n\t\t\t\t<div class=\"elementor-element elementor-element-df1b420 elementor-widget elementor-widget-image\" data-id=\"df1b420\" data-element_type=\"widget\" data-e-type=\"widget\" data-widget_type=\"image.default\">\n\t\t\t\t\t\t\t\t\t\t\t\t\t\t\t<img loading=\"lazy\" decoding=\"async\" width=\"1333\" height=\"1500\" src=\"https:\/\/www.cnxiangfu.com\/wp-content\/uploads\/2025\/11\/A10-3.jpg\" class=\"attachment-full size-full wp-image-6248\" alt=\"\" srcset=\"https:\/\/www.cnxiangfu.com\/wp-content\/uploads\/2025\/11\/A10-3.jpg 1333w, https:\/\/www.cnxiangfu.com\/wp-content\/uploads\/2025\/11\/A10-3-267x300.jpg 267w, https:\/\/www.cnxiangfu.com\/wp-content\/uploads\/2025\/11\/A10-3-910x1024.jpg 910w, https:\/\/www.cnxiangfu.com\/wp-content\/uploads\/2025\/11\/A10-3-768x864.jpg 768w, https:\/\/www.cnxiangfu.com\/wp-content\/uploads\/2025\/11\/A10-3-600x675.jpg 600w\" sizes=\"(max-width: 1333px) 100vw, 1333px\" title=\"\">\t\t\t\t\t\t\t\t\t\t\t\t\t\t\t<\/div>\n\t\t\t\t\t<\/div>\n\t\t\t\t<\/div>\n\t\t\t\t<\/div>\n\t\t","protected":false},"excerpt":{"rendered":"<p>Nom du produit : Sac Oxford Taille du produit : Largeur 38cm x Hauteur 33cm x Largeur du fond 13cm (Unit\u00e9 : centim\u00e8tres)<\/p>\n<p> Tissu du sac : Poign\u00e9e<\/p>\n<p>Oxford : Oxford<\/p>\n<p>Utilisation : Shopping, Voyages, Plage, Supermarch\u00e9<\/p>\n","protected":false},"featured_media":6237,"comment_status":"open","ping_status":"closed","template":"","meta":{"_acf_changed":false},"product_brand":[],"product_cat":[121],"product_tag":[441,446,445,442,443,444],"class_list":{"0":"post-6220","1":"product","2":"type-product","3":"status-publish","4":"has-post-thumbnail","6":"product_cat-sac-en-tissu-oxford-personnalise","7":"product_tag-grand-sac-fourre-tout-pour-femmes","8":"product_tag-grands-sacs-fourre-tout-en-cuir-pour-femmes","9":"product_tag-grands-sacs-fourre-tout-pour-les-femmes-voyageant","10":"product_tag-meilleurs-grands-sacs-fourre-tout-pour-femmes","11":"product_tag-sacs-fourre-tout-de-luxe-pour-femmes","12":"product_tag-vente-de-grands-sacs-fourre-tout-pour-femmes","14":"first","15":"onbackorder","16":"shipping-taxable","17":"purchasable","18":"product-type-simple"},"acf":[],"_links":{"self":[{"href":"https:\/\/www.cnxiangfu.com\/fr\/wp-json\/wp\/v2\/product\/6220","targetHints":{"allow":["GET"]}}],"collection":[{"href":"https:\/\/www.cnxiangfu.com\/fr\/wp-json\/wp\/v2\/product"}],"about":[{"href":"https:\/\/www.cnxiangfu.com\/fr\/wp-json\/wp\/v2\/types\/product"}],"replies":[{"embeddable":true,"href":"https:\/\/www.cnxiangfu.com\/fr\/wp-json\/wp\/v2\/comments?post=6220"}],"version-history":[{"count":5,"href":"https:\/\/www.cnxiangfu.com\/fr\/wp-json\/wp\/v2\/product\/6220\/revisions"}],"predecessor-version":[{"id":7340,"href":"https:\/\/www.cnxiangfu.com\/fr\/wp-json\/wp\/v2\/product\/6220\/revisions\/7340"}],"wp:featuredmedia":[{"embeddable":true,"href":"https:\/\/www.cnxiangfu.com\/fr\/wp-json\/wp\/v2\/media\/6237"}],"wp:attachment":[{"href":"https:\/\/www.cnxiangfu.com\/fr\/wp-json\/wp\/v2\/media?parent=6220"}],"wp:term":[{"taxonomy":"product_brand","embeddable":true,"href":"https:\/\/www.cnxiangfu.com\/fr\/wp-json\/wp\/v2\/product_brand?post=6220"},{"taxonomy":"product_cat","embeddable":true,"href":"https:\/\/www.cnxiangfu.com\/fr\/wp-json\/wp\/v2\/product_cat?post=6220"},{"taxonomy":"product_tag","embeddable":true,"href":"https:\/\/www.cnxiangfu.com\/fr\/wp-json\/wp\/v2\/product_tag?post=6220"}],"curies":[{"name":"wp","href":"https:\/\/api.w.org\/{rel}","templated":true}]}}