{"id":6471,"date":"2025-11-27T09:42:49","date_gmt":"2025-11-27T01:42:49","guid":{"rendered":"https:\/\/www.cnxiangfu.com\/?post_type=product&#038;p=6471"},"modified":"2025-11-30T19:12:46","modified_gmt":"2025-11-30T11:12:46","slug":"cadeaux-droles-assistant-social-enseignant-orthophoniste-ergotherapeute-cadeaux-sac-en-toile-pour-lanniversaire-de-noel-%e5%a4%8d%e5%88%b6","status":"publish","type":"product","link":"https:\/\/www.cnxiangfu.com\/fr\/produit\/cadeaux-droles-assistant-social-enseignant-orthophoniste-ergotherapeute-cadeaux-sac-en-toile-pour-lanniversaire-de-noel-%e5%a4%8d%e5%88%b6\/","title":{"rendered":"Sac en toile color\u00e9e assembl\u00e9, publicit\u00e9 portative \u00e9cologique, espace d\u00e9di\u00e9 \u00e0 stockage Logo imprim\u00e9 en couleur, sac en toile en coton style litt\u00e9raire"},"content":{"rendered":"\t\t<div data-elementor-type=\"product-post\" data-elementor-id=\"6471\" class=\"elementor elementor-6471 elementor-6469\" data-elementor-post-type=\"product\">\n\t\t\t\t<div class=\"elementor-element elementor-element-31f5d34 e-flex e-con-boxed e-con e-parent\" data-id=\"31f5d34\" data-element_type=\"container\" data-e-type=\"container\">\n\t\t\t\t\t<div class=\"e-con-inner\">\n\t\t\t\t<div class=\"elementor-element elementor-element-c0ce038 elementor-widget elementor-widget-image\" data-id=\"c0ce038\" data-element_type=\"widget\" data-e-type=\"widget\" data-widget_type=\"image.default\">\n\t\t\t\t\t\t\t\t\t\t\t\t\t\t\t<img fetchpriority=\"high\" decoding=\"async\" width=\"993\" height=\"1500\" src=\"https:\/\/www.cnxiangfu.com\/wp-content\/uploads\/2025\/11\/1_61Is6gcPt8L._AC_SL1500_-1.jpg\" class=\"attachment-full size-full wp-image-6654\" alt=\"\" srcset=\"https:\/\/www.cnxiangfu.com\/wp-content\/uploads\/2025\/11\/1_61Is6gcPt8L._AC_SL1500_-1.jpg 993w, https:\/\/www.cnxiangfu.com\/wp-content\/uploads\/2025\/11\/1_61Is6gcPt8L._AC_SL1500_-1-199x300.jpg 199w, https:\/\/www.cnxiangfu.com\/wp-content\/uploads\/2025\/11\/1_61Is6gcPt8L._AC_SL1500_-1-678x1024.jpg 678w, https:\/\/www.cnxiangfu.com\/wp-content\/uploads\/2025\/11\/1_61Is6gcPt8L._AC_SL1500_-1-768x1160.jpg 768w, https:\/\/www.cnxiangfu.com\/wp-content\/uploads\/2025\/11\/1_61Is6gcPt8L._AC_SL1500_-1-600x906.jpg 600w\" sizes=\"(max-width: 993px) 100vw, 993px\" title=\"\">\t\t\t\t\t\t\t\t\t\t\t\t\t\t\t<\/div>\n\t\t\t\t<div class=\"elementor-element elementor-element-46ac89c elementor-widget elementor-widget-image\" data-id=\"46ac89c\" data-element_type=\"widget\" data-e-type=\"widget\" data-widget_type=\"image.default\">\n\t\t\t\t\t\t\t\t\t\t\t\t\t\t\t<img decoding=\"async\" width=\"1500\" height=\"1500\" src=\"https:\/\/www.cnxiangfu.com\/wp-content\/uploads\/2025\/11\/14_816i2u9ukTL._AC_SL1500_.jpg\" class=\"attachment-full size-full wp-image-6655\" alt=\"\" srcset=\"https:\/\/www.cnxiangfu.com\/wp-content\/uploads\/2025\/11\/14_816i2u9ukTL._AC_SL1500_.jpg 1500w, https:\/\/www.cnxiangfu.com\/wp-content\/uploads\/2025\/11\/14_816i2u9ukTL._AC_SL1500_-300x300.jpg 300w, https:\/\/www.cnxiangfu.com\/wp-content\/uploads\/2025\/11\/14_816i2u9ukTL._AC_SL1500_-1024x1024.jpg 1024w, https:\/\/www.cnxiangfu.com\/wp-content\/uploads\/2025\/11\/14_816i2u9ukTL._AC_SL1500_-150x150.jpg 150w, https:\/\/www.cnxiangfu.com\/wp-content\/uploads\/2025\/11\/14_816i2u9ukTL._AC_SL1500_-768x768.jpg 768w, https:\/\/www.cnxiangfu.com\/wp-content\/uploads\/2025\/11\/14_816i2u9ukTL._AC_SL1500_-650x650.jpg 650w, https:\/\/www.cnxiangfu.com\/wp-content\/uploads\/2025\/11\/14_816i2u9ukTL._AC_SL1500_-1300x1300.jpg 1300w, https:\/\/www.cnxiangfu.com\/wp-content\/uploads\/2025\/11\/14_816i2u9ukTL._AC_SL1500_-600x600.jpg 600w, https:\/\/www.cnxiangfu.com\/wp-content\/uploads\/2025\/11\/14_816i2u9ukTL._AC_SL1500_-100x100.jpg 100w\" sizes=\"(max-width: 1500px) 100vw, 1500px\" title=\"\">\t\t\t\t\t\t\t\t\t\t\t\t\t\t\t<\/div>\n\t\t\t\t<div class=\"elementor-element elementor-element-94d938f elementor-widget elementor-widget-image\" data-id=\"94d938f\" data-element_type=\"widget\" data-e-type=\"widget\" data-widget_type=\"image.default\">\n\t\t\t\t\t\t\t\t\t\t\t\t\t\t\t<img decoding=\"async\" width=\"1500\" height=\"1500\" src=\"https:\/\/www.cnxiangfu.com\/wp-content\/uploads\/2025\/11\/33_81TYfmZRSkL._AC_SL1500_.jpg\" class=\"attachment-full size-full wp-image-6656\" alt=\"\" srcset=\"https:\/\/www.cnxiangfu.com\/wp-content\/uploads\/2025\/11\/33_81TYfmZRSkL._AC_SL1500_.jpg 1500w, https:\/\/www.cnxiangfu.com\/wp-content\/uploads\/2025\/11\/33_81TYfmZRSkL._AC_SL1500_-300x300.jpg 300w, https:\/\/www.cnxiangfu.com\/wp-content\/uploads\/2025\/11\/33_81TYfmZRSkL._AC_SL1500_-1024x1024.jpg 1024w, https:\/\/www.cnxiangfu.com\/wp-content\/uploads\/2025\/11\/33_81TYfmZRSkL._AC_SL1500_-150x150.jpg 150w, https:\/\/www.cnxiangfu.com\/wp-content\/uploads\/2025\/11\/33_81TYfmZRSkL._AC_SL1500_-768x768.jpg 768w, https:\/\/www.cnxiangfu.com\/wp-content\/uploads\/2025\/11\/33_81TYfmZRSkL._AC_SL1500_-650x650.jpg 650w, https:\/\/www.cnxiangfu.com\/wp-content\/uploads\/2025\/11\/33_81TYfmZRSkL._AC_SL1500_-1300x1300.jpg 1300w, https:\/\/www.cnxiangfu.com\/wp-content\/uploads\/2025\/11\/33_81TYfmZRSkL._AC_SL1500_-600x600.jpg 600w, https:\/\/www.cnxiangfu.com\/wp-content\/uploads\/2025\/11\/33_81TYfmZRSkL._AC_SL1500_-100x100.jpg 100w\" sizes=\"(max-width: 1500px) 100vw, 1500px\" title=\"\">\t\t\t\t\t\t\t\t\t\t\t\t\t\t\t<\/div>\n\t\t\t\t\t<\/div>\n\t\t\t\t<\/div>\n\t\t\t\t<\/div>\n\t\t","protected":false},"excerpt":{"rendered":"<p>Nom du produit : Sac<\/p>\n<p>en toile Taille du produit : Largeur 26 cm x Hauteur 20 cm Largeur des c\u00f4t\u00e9s 14 (Unit\u00e9 : centim\u00e8tres)<\/p>\n<p> Tissu du sac : Toile<\/p>\n<p>Poign\u00e9e : Sangle en coton \u00e9pais, avec une grande capacit\u00e9<\/p>\n<p>de charge Utilisation : Voyage, shopping, usage quotidien<\/p>\n","protected":false},"featured_media":6077,"comment_status":"open","ping_status":"closed","template":"","meta":{"_acf_changed":false},"product_brand":[],"product_cat":[97],"product_tag":[372,370,369,374,371,373],"class_list":{"0":"post-6471","1":"product","2":"type-product","3":"status-publish","4":"has-post-thumbnail","6":"product_cat-sacs-en-toile-personnalises","7":"product_tag-sac-en-toile-colore-pour-femmes","8":"product_tag-sac-en-toile-colore-pour-hommes","9":"product_tag-sacs-en-toile-coloree","10":"product_tag-sacs-en-toile-coloree-en-gros","11":"product_tag-sacs-fourre-tout-colores-en-gros","12":"product_tag-sacs-fourre-tout-en-toile-colores","14":"first","15":"onbackorder","16":"shipping-taxable","17":"purchasable","18":"product-type-simple"},"acf":[],"_links":{"self":[{"href":"https:\/\/www.cnxiangfu.com\/fr\/wp-json\/wp\/v2\/product\/6471","targetHints":{"allow":["GET"]}}],"collection":[{"href":"https:\/\/www.cnxiangfu.com\/fr\/wp-json\/wp\/v2\/product"}],"about":[{"href":"https:\/\/www.cnxiangfu.com\/fr\/wp-json\/wp\/v2\/types\/product"}],"replies":[{"embeddable":true,"href":"https:\/\/www.cnxiangfu.com\/fr\/wp-json\/wp\/v2\/comments?post=6471"}],"version-history":[{"count":7,"href":"https:\/\/www.cnxiangfu.com\/fr\/wp-json\/wp\/v2\/product\/6471\/revisions"}],"predecessor-version":[{"id":7324,"href":"https:\/\/www.cnxiangfu.com\/fr\/wp-json\/wp\/v2\/product\/6471\/revisions\/7324"}],"wp:featuredmedia":[{"embeddable":true,"href":"https:\/\/www.cnxiangfu.com\/fr\/wp-json\/wp\/v2\/media\/6077"}],"wp:attachment":[{"href":"https:\/\/www.cnxiangfu.com\/fr\/wp-json\/wp\/v2\/media?parent=6471"}],"wp:term":[{"taxonomy":"product_brand","embeddable":true,"href":"https:\/\/www.cnxiangfu.com\/fr\/wp-json\/wp\/v2\/product_brand?post=6471"},{"taxonomy":"product_cat","embeddable":true,"href":"https:\/\/www.cnxiangfu.com\/fr\/wp-json\/wp\/v2\/product_cat?post=6471"},{"taxonomy":"product_tag","embeddable":true,"href":"https:\/\/www.cnxiangfu.com\/fr\/wp-json\/wp\/v2\/product_tag?post=6471"}],"curies":[{"name":"wp","href":"https:\/\/api.w.org\/{rel}","templated":true}]}}