{"id":6556,"date":"2025-11-28T10:34:13","date_gmt":"2025-11-28T02:34:13","guid":{"rendered":"https:\/\/www.cnxiangfu.com\/?post_type=product&#038;p=6556"},"modified":"2025-11-30T19:07:59","modified_gmt":"2025-11-30T11:07:59","slug":"sac-tote-en-toile-pour-femmes-avec-fermeture-eclair-sac-a-main-messager-sacs-bandoulieres-pour-le-travail-cadeau-dinfirmiere-universitaire-de-voyage-%e5%a4%8d%e5%88%b6","status":"publish","type":"product","link":"https:\/\/www.cnxiangfu.com\/fr\/produit\/sac-tote-en-toile-pour-femmes-avec-fermeture-eclair-sac-a-main-messager-sacs-bandoulieres-pour-le-travail-cadeau-dinfirmiere-universitaire-de-voyage-%e5%a4%8d%e5%88%b6\/","title":{"rendered":"Sac fourre-tout en vente chaude Sac \u00e0 bandouli\u00e8re Large sacs r\u00e9utilisables Sac \u00e0 main portable"},"content":{"rendered":"\t\t<div data-elementor-type=\"product-post\" data-elementor-id=\"6556\" class=\"elementor elementor-6556 elementor-6554\" data-elementor-post-type=\"product\">\n\t\t\t\t<div class=\"elementor-element elementor-element-31f5d34 e-flex e-con-boxed e-con e-parent\" data-id=\"31f5d34\" data-element_type=\"container\" data-e-type=\"container\">\n\t\t\t\t\t<div class=\"e-con-inner\">\n\t\t\t\t<div class=\"elementor-element elementor-element-c0ce038 elementor-widget elementor-widget-image\" data-id=\"c0ce038\" data-element_type=\"widget\" data-e-type=\"widget\" data-widget_type=\"image.default\">\n\t\t\t\t\t\t\t\t\t\t\t\t\t\t\t<img fetchpriority=\"high\" decoding=\"async\" width=\"1457\" height=\"1500\" src=\"https:\/\/www.cnxiangfu.com\/wp-content\/uploads\/2025\/11\/5-12.jpg\" class=\"attachment-full size-full wp-image-6600\" alt=\"\" srcset=\"https:\/\/www.cnxiangfu.com\/wp-content\/uploads\/2025\/11\/5-12.jpg 1457w, https:\/\/www.cnxiangfu.com\/wp-content\/uploads\/2025\/11\/5-12-291x300.jpg 291w, https:\/\/www.cnxiangfu.com\/wp-content\/uploads\/2025\/11\/5-12-995x1024.jpg 995w, https:\/\/www.cnxiangfu.com\/wp-content\/uploads\/2025\/11\/5-12-768x791.jpg 768w, https:\/\/www.cnxiangfu.com\/wp-content\/uploads\/2025\/11\/5-12-600x618.jpg 600w\" sizes=\"(max-width: 1457px) 100vw, 1457px\" title=\"\">\t\t\t\t\t\t\t\t\t\t\t\t\t\t\t<\/div>\n\t\t\t\t<div class=\"elementor-element elementor-element-46ac89c elementor-widget elementor-widget-image\" data-id=\"46ac89c\" data-element_type=\"widget\" data-e-type=\"widget\" data-widget_type=\"image.default\">\n\t\t\t\t\t\t\t\t\t\t\t\t\t\t\t<img decoding=\"async\" width=\"1500\" height=\"1434\" src=\"https:\/\/www.cnxiangfu.com\/wp-content\/uploads\/2025\/11\/7-2.jpg\" class=\"attachment-full size-full wp-image-6602\" alt=\"\" srcset=\"https:\/\/www.cnxiangfu.com\/wp-content\/uploads\/2025\/11\/7-2.jpg 1500w, https:\/\/www.cnxiangfu.com\/wp-content\/uploads\/2025\/11\/7-2-300x287.jpg 300w, https:\/\/www.cnxiangfu.com\/wp-content\/uploads\/2025\/11\/7-2-1024x979.jpg 1024w, https:\/\/www.cnxiangfu.com\/wp-content\/uploads\/2025\/11\/7-2-768x734.jpg 768w, https:\/\/www.cnxiangfu.com\/wp-content\/uploads\/2025\/11\/7-2-600x574.jpg 600w\" sizes=\"(max-width: 1500px) 100vw, 1500px\" title=\"\">\t\t\t\t\t\t\t\t\t\t\t\t\t\t\t<\/div>\n\t\t\t\t<div class=\"elementor-element elementor-element-94d938f elementor-widget elementor-widget-image\" data-id=\"94d938f\" data-element_type=\"widget\" data-e-type=\"widget\" data-widget_type=\"image.default\">\n\t\t\t\t\t\t\t\t\t\t\t\t\t\t\t<img decoding=\"async\" width=\"1305\" height=\"1213\" src=\"https:\/\/www.cnxiangfu.com\/wp-content\/uploads\/2025\/11\/8-2.jpg\" class=\"attachment-full size-full wp-image-6603\" alt=\"\" srcset=\"https:\/\/www.cnxiangfu.com\/wp-content\/uploads\/2025\/11\/8-2.jpg 1305w, https:\/\/www.cnxiangfu.com\/wp-content\/uploads\/2025\/11\/8-2-300x279.jpg 300w, https:\/\/www.cnxiangfu.com\/wp-content\/uploads\/2025\/11\/8-2-1024x952.jpg 1024w, https:\/\/www.cnxiangfu.com\/wp-content\/uploads\/2025\/11\/8-2-768x714.jpg 768w, https:\/\/www.cnxiangfu.com\/wp-content\/uploads\/2025\/11\/8-2-600x558.jpg 600w\" sizes=\"(max-width: 1305px) 100vw, 1305px\" title=\"\">\t\t\t\t\t\t\t\t\t\t\t\t\t\t\t<\/div>\n\t\t\t\t<div class=\"elementor-element elementor-element-ca76c3a elementor-widget elementor-widget-image\" data-id=\"ca76c3a\" data-element_type=\"widget\" data-e-type=\"widget\" data-widget_type=\"image.default\">\n\t\t\t\t\t\t\t\t\t\t\t\t\t\t\t<img loading=\"lazy\" decoding=\"async\" width=\"1405\" height=\"1403\" src=\"https:\/\/www.cnxiangfu.com\/wp-content\/uploads\/2025\/11\/9-2.jpg\" class=\"attachment-full size-full wp-image-6604\" alt=\"\" srcset=\"https:\/\/www.cnxiangfu.com\/wp-content\/uploads\/2025\/11\/9-2.jpg 1405w, https:\/\/www.cnxiangfu.com\/wp-content\/uploads\/2025\/11\/9-2-300x300.jpg 300w, https:\/\/www.cnxiangfu.com\/wp-content\/uploads\/2025\/11\/9-2-1024x1024.jpg 1024w, https:\/\/www.cnxiangfu.com\/wp-content\/uploads\/2025\/11\/9-2-150x150.jpg 150w, https:\/\/www.cnxiangfu.com\/wp-content\/uploads\/2025\/11\/9-2-768x767.jpg 768w, https:\/\/www.cnxiangfu.com\/wp-content\/uploads\/2025\/11\/9-2-650x650.jpg 650w, https:\/\/www.cnxiangfu.com\/wp-content\/uploads\/2025\/11\/9-2-600x599.jpg 600w, https:\/\/www.cnxiangfu.com\/wp-content\/uploads\/2025\/11\/9-2-100x100.jpg 100w\" sizes=\"(max-width: 1405px) 100vw, 1405px\" title=\"\">\t\t\t\t\t\t\t\t\t\t\t\t\t\t\t<\/div>\n\t\t\t\t<div class=\"elementor-element elementor-element-c55fcd3 elementor-widget elementor-widget-image\" data-id=\"c55fcd3\" data-element_type=\"widget\" data-e-type=\"widget\" data-widget_type=\"image.default\">\n\t\t\t\t\t\t\t\t\t\t\t\t\t\t\t<img loading=\"lazy\" decoding=\"async\" width=\"1482\" height=\"1500\" src=\"https:\/\/www.cnxiangfu.com\/wp-content\/uploads\/2025\/11\/10-2.jpg\" class=\"attachment-full size-full wp-image-6607\" alt=\"\" srcset=\"https:\/\/www.cnxiangfu.com\/wp-content\/uploads\/2025\/11\/10-2.jpg 1482w, https:\/\/www.cnxiangfu.com\/wp-content\/uploads\/2025\/11\/10-2-296x300.jpg 296w, https:\/\/www.cnxiangfu.com\/wp-content\/uploads\/2025\/11\/10-2-1012x1024.jpg 1012w, https:\/\/www.cnxiangfu.com\/wp-content\/uploads\/2025\/11\/10-2-768x777.jpg 768w, https:\/\/www.cnxiangfu.com\/wp-content\/uploads\/2025\/11\/10-2-600x607.jpg 600w, https:\/\/www.cnxiangfu.com\/wp-content\/uploads\/2025\/11\/10-2-100x100.jpg 100w\" sizes=\"(max-width: 1482px) 100vw, 1482px\" title=\"\">\t\t\t\t\t\t\t\t\t\t\t\t\t\t\t<\/div>\n\t\t\t\t<div class=\"elementor-element elementor-element-68495ec elementor-widget elementor-widget-image\" data-id=\"68495ec\" data-element_type=\"widget\" data-e-type=\"widget\" data-widget_type=\"image.default\">\n\t\t\t\t\t\t\t\t\t\t\t\t\t\t\t<img loading=\"lazy\" decoding=\"async\" width=\"1408\" height=\"1500\" src=\"https:\/\/www.cnxiangfu.com\/wp-content\/uploads\/2025\/11\/6-5.jpg\" class=\"attachment-full size-full wp-image-6601\" alt=\"\" srcset=\"https:\/\/www.cnxiangfu.com\/wp-content\/uploads\/2025\/11\/6-5.jpg 1408w, https:\/\/www.cnxiangfu.com\/wp-content\/uploads\/2025\/11\/6-5-282x300.jpg 282w, https:\/\/www.cnxiangfu.com\/wp-content\/uploads\/2025\/11\/6-5-961x1024.jpg 961w, https:\/\/www.cnxiangfu.com\/wp-content\/uploads\/2025\/11\/6-5-768x818.jpg 768w, https:\/\/www.cnxiangfu.com\/wp-content\/uploads\/2025\/11\/6-5-600x639.jpg 600w\" sizes=\"(max-width: 1408px) 100vw, 1408px\" title=\"\">\t\t\t\t\t\t\t\t\t\t\t\t\t\t\t<\/div>\n\t\t\t\t\t<\/div>\n\t\t\t\t<\/div>\n\t\t\t\t<\/div>\n\t\t","protected":false},"excerpt":{"rendered":"<p>Nom du produit : Sac<\/p>\n<p>en toile Taille du produit : Largeur 50cm x Hauteur 40cm x Largeur lat\u00e9rale 15 (Unit\u00e9 : centim\u00e8tres)<\/p>\n<p> Tissu du sac : Toile<\/p>\n<p>Poign\u00e9e : Sangle en coton \u00e9pais, avec une grande capacit\u00e9<\/p>\n<p>de charge Utilisation : Voyage, shopping, usage quotidien<\/p>\n","protected":false},"featured_media":6077,"comment_status":"open","ping_status":"closed","template":"","meta":{"_acf_changed":false},"product_brand":[],"product_cat":[97],"product_tag":[347,346,348,350,349],"class_list":{"0":"post-6556","1":"product","2":"type-product","3":"status-publish","4":"has-post-thumbnail","6":"product_cat-sacs-en-toile-personnalises","7":"product_tag-grands-sacs-de-courses-reutilisables","8":"product_tag-gros-sac-de-courses-reutilisable","9":"product_tag-gros-sacs-de-courses-reutilisables-en-gros","10":"product_tag-sacs-de-courses-reutilisables-en-gros","11":"product_tag-sacs-de-courses-reutilisables-sur-mesure","13":"first","14":"onbackorder","15":"shipping-taxable","16":"purchasable","17":"product-type-simple"},"acf":[],"_links":{"self":[{"href":"https:\/\/www.cnxiangfu.com\/fr\/wp-json\/wp\/v2\/product\/6556","targetHints":{"allow":["GET"]}}],"collection":[{"href":"https:\/\/www.cnxiangfu.com\/fr\/wp-json\/wp\/v2\/product"}],"about":[{"href":"https:\/\/www.cnxiangfu.com\/fr\/wp-json\/wp\/v2\/types\/product"}],"replies":[{"embeddable":true,"href":"https:\/\/www.cnxiangfu.com\/fr\/wp-json\/wp\/v2\/comments?post=6556"}],"version-history":[{"count":6,"href":"https:\/\/www.cnxiangfu.com\/fr\/wp-json\/wp\/v2\/product\/6556\/revisions"}],"predecessor-version":[{"id":7320,"href":"https:\/\/www.cnxiangfu.com\/fr\/wp-json\/wp\/v2\/product\/6556\/revisions\/7320"}],"wp:featuredmedia":[{"embeddable":true,"href":"https:\/\/www.cnxiangfu.com\/fr\/wp-json\/wp\/v2\/media\/6077"}],"wp:attachment":[{"href":"https:\/\/www.cnxiangfu.com\/fr\/wp-json\/wp\/v2\/media?parent=6556"}],"wp:term":[{"taxonomy":"product_brand","embeddable":true,"href":"https:\/\/www.cnxiangfu.com\/fr\/wp-json\/wp\/v2\/product_brand?post=6556"},{"taxonomy":"product_cat","embeddable":true,"href":"https:\/\/www.cnxiangfu.com\/fr\/wp-json\/wp\/v2\/product_cat?post=6556"},{"taxonomy":"product_tag","embeddable":true,"href":"https:\/\/www.cnxiangfu.com\/fr\/wp-json\/wp\/v2\/product_tag?post=6556"}],"curies":[{"name":"wp","href":"https:\/\/api.w.org\/{rel}","templated":true}]}}