{"id":6665,"date":"2025-11-28T15:35:34","date_gmt":"2025-11-28T07:35:34","guid":{"rendered":"https:\/\/www.cnxiangfu.com\/?post_type=product&#038;p=6665"},"modified":"2025-12-10T18:34:39","modified_gmt":"2025-12-10T10:34:39","slug":"sac-fourre-tout-en-vente-chaude-sac-a-bandouliere-large-sacs-reutilisables-sac-a-main-portable-%e5%a4%8d%e5%88%b6-2","status":"publish","type":"product","link":"https:\/\/www.cnxiangfu.com\/fr\/produit\/sac-fourre-tout-en-vente-chaude-sac-a-bandouliere-large-sacs-reutilisables-sac-a-main-portable-%e5%a4%8d%e5%88%b6-2\/","title":{"rendered":"Sac de sport de sport de sport de grande capacit\u00e9 pour le week-end 2024, sac de sport de voyage s\u00e9par\u00e9 et imperm\u00e9able pour hommes"},"content":{"rendered":"\t\t<div data-elementor-type=\"product-post\" data-elementor-id=\"6665\" class=\"elementor elementor-6665 elementor-6663\" data-elementor-post-type=\"product\">\n\t\t\t\t<div class=\"elementor-element elementor-element-31f5d34 e-flex e-con-boxed e-con e-parent\" data-id=\"31f5d34\" data-element_type=\"container\" data-e-type=\"container\">\n\t\t\t\t\t<div class=\"e-con-inner\">\n\t\t\t\t<div class=\"elementor-element elementor-element-c0ce038 elementor-widget elementor-widget-image\" data-id=\"c0ce038\" data-element_type=\"widget\" data-e-type=\"widget\" data-widget_type=\"image.default\">\n\t\t\t\t\t\t\t\t\t\t\t\t\t\t\t<img fetchpriority=\"high\" decoding=\"async\" width=\"800\" height=\"800\" src=\"https:\/\/www.cnxiangfu.com\/wp-content\/uploads\/2025\/11\/14_H26a9223e295146ae9071c4e89549088fr.jpg\" class=\"attachment-full size-full wp-image-7210\" alt=\"\" srcset=\"https:\/\/www.cnxiangfu.com\/wp-content\/uploads\/2025\/11\/14_H26a9223e295146ae9071c4e89549088fr.jpg 800w, https:\/\/www.cnxiangfu.com\/wp-content\/uploads\/2025\/11\/14_H26a9223e295146ae9071c4e89549088fr-300x300.jpg 300w, https:\/\/www.cnxiangfu.com\/wp-content\/uploads\/2025\/11\/14_H26a9223e295146ae9071c4e89549088fr-150x150.jpg 150w, https:\/\/www.cnxiangfu.com\/wp-content\/uploads\/2025\/11\/14_H26a9223e295146ae9071c4e89549088fr-768x768.jpg 768w, https:\/\/www.cnxiangfu.com\/wp-content\/uploads\/2025\/11\/14_H26a9223e295146ae9071c4e89549088fr-650x650.jpg 650w, https:\/\/www.cnxiangfu.com\/wp-content\/uploads\/2025\/11\/14_H26a9223e295146ae9071c4e89549088fr-600x600.jpg 600w, https:\/\/www.cnxiangfu.com\/wp-content\/uploads\/2025\/11\/14_H26a9223e295146ae9071c4e89549088fr-100x100.jpg 100w\" sizes=\"(max-width: 800px) 100vw, 800px\" title=\"\">\t\t\t\t\t\t\t\t\t\t\t\t\t\t\t<\/div>\n\t\t\t\t<div class=\"elementor-element elementor-element-46ac89c elementor-widget elementor-widget-image\" data-id=\"46ac89c\" data-element_type=\"widget\" data-e-type=\"widget\" data-widget_type=\"image.default\">\n\t\t\t\t\t\t\t\t\t\t\t\t\t\t\t<img decoding=\"async\" width=\"750\" height=\"954\" src=\"https:\/\/www.cnxiangfu.com\/wp-content\/uploads\/2025\/11\/11_Hff45eeec34784b8897775273fb8a0716e.jpg\" class=\"attachment-full size-full wp-image-7211\" alt=\"\" srcset=\"https:\/\/www.cnxiangfu.com\/wp-content\/uploads\/2025\/11\/11_Hff45eeec34784b8897775273fb8a0716e.jpg 750w, https:\/\/www.cnxiangfu.com\/wp-content\/uploads\/2025\/11\/11_Hff45eeec34784b8897775273fb8a0716e-236x300.jpg 236w, https:\/\/www.cnxiangfu.com\/wp-content\/uploads\/2025\/11\/11_Hff45eeec34784b8897775273fb8a0716e-600x763.jpg 600w\" sizes=\"(max-width: 750px) 100vw, 750px\" title=\"\">\t\t\t\t\t\t\t\t\t\t\t\t\t\t\t<\/div>\n\t\t\t\t<div class=\"elementor-element elementor-element-94d938f elementor-widget elementor-widget-image\" data-id=\"94d938f\" data-element_type=\"widget\" data-e-type=\"widget\" data-widget_type=\"image.default\">\n\t\t\t\t\t\t\t\t\t\t\t\t\t\t\t<img decoding=\"async\" width=\"750\" height=\"961\" src=\"https:\/\/www.cnxiangfu.com\/wp-content\/uploads\/2025\/11\/12_H384783e0e0d74c5da636f6916809f009l-1.jpg\" class=\"attachment-full size-full wp-image-7212\" alt=\"\" srcset=\"https:\/\/www.cnxiangfu.com\/wp-content\/uploads\/2025\/11\/12_H384783e0e0d74c5da636f6916809f009l-1.jpg 750w, https:\/\/www.cnxiangfu.com\/wp-content\/uploads\/2025\/11\/12_H384783e0e0d74c5da636f6916809f009l-1-234x300.jpg 234w, https:\/\/www.cnxiangfu.com\/wp-content\/uploads\/2025\/11\/12_H384783e0e0d74c5da636f6916809f009l-1-600x769.jpg 600w\" sizes=\"(max-width: 750px) 100vw, 750px\" title=\"\">\t\t\t\t\t\t\t\t\t\t\t\t\t\t\t<\/div>\n\t\t\t\t\t<\/div>\n\t\t\t\t<\/div>\n\t\t\t\t<\/div>\n\t\t","protected":false},"excerpt":{"rendered":"<p>Nom du produit : Sac en toile Taille du produit : Largeur 50 cm x Hauteur 40 cm x Largeur des c\u00f4t\u00e9s 15 (unit\u00e9 : centim\u00e8tres)<\/p>\n<p> Tissu du sac : Toile<\/p>\n<p>Poign\u00e9e : Sangle en coton \u00e9pais, avec une grande capacit\u00e9<\/p>\n<p>de charge Utilisation : Voyages, Shopping, Usage quotidien<\/p>\n","protected":false},"featured_media":6077,"comment_status":"open","ping_status":"closed","template":"","meta":{"_acf_changed":false},"product_brand":[],"product_cat":[117,97],"product_tag":[325,647,326,327,649,648,330,650],"class_list":{"0":"post-6665","1":"product","2":"type-product","3":"status-publish","4":"has-post-thumbnail","6":"product_cat-sac-en-polyester-personnalise","7":"product_cat-sacs-en-toile-personnalises","8":"product_tag-sac-en-toile","9":"product_tag-sac-fourre-tout-de-noel","10":"product_tag-sac-fourre-tout-en-toile","11":"product_tag-sacs-en-toile-en-gros","12":"product_tag-sacs-fourre-tout-de-noel-en-gros","13":"product_tag-sacs-fourre-tout-en-toile-de-noel","14":"product_tag-usine-de-sacs-en-toile","15":"product_tag-usines-de-sacs-fourre-tout-de-noel","17":"first","18":"onbackorder","19":"shipping-taxable","20":"purchasable","21":"product-type-simple"},"acf":[],"_links":{"self":[{"href":"https:\/\/www.cnxiangfu.com\/fr\/wp-json\/wp\/v2\/product\/6665","targetHints":{"allow":["GET"]}}],"collection":[{"href":"https:\/\/www.cnxiangfu.com\/fr\/wp-json\/wp\/v2\/product"}],"about":[{"href":"https:\/\/www.cnxiangfu.com\/fr\/wp-json\/wp\/v2\/types\/product"}],"replies":[{"embeddable":true,"href":"https:\/\/www.cnxiangfu.com\/fr\/wp-json\/wp\/v2\/comments?post=6665"}],"version-history":[{"count":7,"href":"https:\/\/www.cnxiangfu.com\/fr\/wp-json\/wp\/v2\/product\/6665\/revisions"}],"predecessor-version":[{"id":7221,"href":"https:\/\/www.cnxiangfu.com\/fr\/wp-json\/wp\/v2\/product\/6665\/revisions\/7221"}],"wp:featuredmedia":[{"embeddable":true,"href":"https:\/\/www.cnxiangfu.com\/fr\/wp-json\/wp\/v2\/media\/6077"}],"wp:attachment":[{"href":"https:\/\/www.cnxiangfu.com\/fr\/wp-json\/wp\/v2\/media?parent=6665"}],"wp:term":[{"taxonomy":"product_brand","embeddable":true,"href":"https:\/\/www.cnxiangfu.com\/fr\/wp-json\/wp\/v2\/product_brand?post=6665"},{"taxonomy":"product_cat","embeddable":true,"href":"https:\/\/www.cnxiangfu.com\/fr\/wp-json\/wp\/v2\/product_cat?post=6665"},{"taxonomy":"product_tag","embeddable":true,"href":"https:\/\/www.cnxiangfu.com\/fr\/wp-json\/wp\/v2\/product_tag?post=6665"}],"curies":[{"name":"wp","href":"https:\/\/api.w.org\/{rel}","templated":true}]}}