{"id":7010,"date":"2025-11-29T10:23:47","date_gmt":"2025-11-29T02:23:47","guid":{"rendered":"https:\/\/www.cnxiangfu.com\/?post_type=product&#038;p=7010"},"modified":"2025-11-30T16:55:57","modified_gmt":"2025-11-30T08:55:57","slug":"cadeaux-droles-assistant-social-enseignant-orthophoniste-ergotherapeute-cadeaux-sac-en-toile-pour-lanniversaire-de-noel-%e5%a4%8d%e5%88%b6-2","status":"publish","type":"product","link":"https:\/\/www.cnxiangfu.com\/fr\/produit\/cadeaux-droles-assistant-social-enseignant-orthophoniste-ergotherapeute-cadeaux-sac-en-toile-pour-lanniversaire-de-noel-%e5%a4%8d%e5%88%b6-2\/","title":{"rendered":"Sacco maquillage personnalis\u00e9 Rose Jacquard Sachet de maquillage de mode de voyage Trousse maquillage pour femmes Trousse cosm\u00e9tique"},"content":{"rendered":"\t\t<div data-elementor-type=\"product-post\" data-elementor-id=\"7010\" class=\"elementor elementor-7010 elementor-7008\" data-elementor-post-type=\"product\">\n\t\t\t\t<div class=\"elementor-element elementor-element-31f5d34 e-flex e-con-boxed e-con e-parent\" data-id=\"31f5d34\" data-element_type=\"container\" data-e-type=\"container\">\n\t\t\t\t\t<div class=\"e-con-inner\">\n\t\t\t\t<div class=\"elementor-element elementor-element-c0ce038 elementor-widget elementor-widget-image\" data-id=\"c0ce038\" data-element_type=\"widget\" data-e-type=\"widget\" data-widget_type=\"image.default\">\n\t\t\t\t\t\t\t\t\t\t\t\t\t\t\t<img fetchpriority=\"high\" decoding=\"async\" width=\"800\" height=\"800\" src=\"https:\/\/www.cnxiangfu.com\/wp-content\/uploads\/2025\/11\/9_Hab00b4d629374d0282cf9084bbfc9876x.jpg\" class=\"attachment-full size-full wp-image-7282\" alt=\"\" srcset=\"https:\/\/www.cnxiangfu.com\/wp-content\/uploads\/2025\/11\/9_Hab00b4d629374d0282cf9084bbfc9876x.jpg 800w, https:\/\/www.cnxiangfu.com\/wp-content\/uploads\/2025\/11\/9_Hab00b4d629374d0282cf9084bbfc9876x-300x300.jpg 300w, https:\/\/www.cnxiangfu.com\/wp-content\/uploads\/2025\/11\/9_Hab00b4d629374d0282cf9084bbfc9876x-150x150.jpg 150w, https:\/\/www.cnxiangfu.com\/wp-content\/uploads\/2025\/11\/9_Hab00b4d629374d0282cf9084bbfc9876x-768x768.jpg 768w, https:\/\/www.cnxiangfu.com\/wp-content\/uploads\/2025\/11\/9_Hab00b4d629374d0282cf9084bbfc9876x-650x650.jpg 650w, https:\/\/www.cnxiangfu.com\/wp-content\/uploads\/2025\/11\/9_Hab00b4d629374d0282cf9084bbfc9876x-600x600.jpg 600w, https:\/\/www.cnxiangfu.com\/wp-content\/uploads\/2025\/11\/9_Hab00b4d629374d0282cf9084bbfc9876x-100x100.jpg 100w\" sizes=\"(max-width: 800px) 100vw, 800px\" title=\"\">\t\t\t\t\t\t\t\t\t\t\t\t\t\t\t<\/div>\n\t\t\t\t<div class=\"elementor-element elementor-element-46ac89c elementor-widget elementor-widget-image\" data-id=\"46ac89c\" data-element_type=\"widget\" data-e-type=\"widget\" data-widget_type=\"image.default\">\n\t\t\t\t\t\t\t\t\t\t\t\t\t\t\t<img decoding=\"async\" width=\"800\" height=\"800\" src=\"https:\/\/www.cnxiangfu.com\/wp-content\/uploads\/2025\/11\/13_H89beb53ffaa645ba81561506198f3d99V.jpg\" class=\"attachment-full size-full wp-image-7284\" alt=\"\" srcset=\"https:\/\/www.cnxiangfu.com\/wp-content\/uploads\/2025\/11\/13_H89beb53ffaa645ba81561506198f3d99V.jpg 800w, https:\/\/www.cnxiangfu.com\/wp-content\/uploads\/2025\/11\/13_H89beb53ffaa645ba81561506198f3d99V-300x300.jpg 300w, https:\/\/www.cnxiangfu.com\/wp-content\/uploads\/2025\/11\/13_H89beb53ffaa645ba81561506198f3d99V-150x150.jpg 150w, https:\/\/www.cnxiangfu.com\/wp-content\/uploads\/2025\/11\/13_H89beb53ffaa645ba81561506198f3d99V-768x768.jpg 768w, https:\/\/www.cnxiangfu.com\/wp-content\/uploads\/2025\/11\/13_H89beb53ffaa645ba81561506198f3d99V-650x650.jpg 650w, https:\/\/www.cnxiangfu.com\/wp-content\/uploads\/2025\/11\/13_H89beb53ffaa645ba81561506198f3d99V-600x600.jpg 600w, https:\/\/www.cnxiangfu.com\/wp-content\/uploads\/2025\/11\/13_H89beb53ffaa645ba81561506198f3d99V-100x100.jpg 100w\" sizes=\"(max-width: 800px) 100vw, 800px\" title=\"\">\t\t\t\t\t\t\t\t\t\t\t\t\t\t\t<\/div>\n\t\t\t\t<div class=\"elementor-element elementor-element-94d938f elementor-widget elementor-widget-image\" data-id=\"94d938f\" data-element_type=\"widget\" data-e-type=\"widget\" data-widget_type=\"image.default\">\n\t\t\t\t\t\t\t\t\t\t\t\t\t\t\t<img decoding=\"async\" width=\"750\" height=\"1030\" src=\"https:\/\/www.cnxiangfu.com\/wp-content\/uploads\/2025\/11\/15_Haa39caf6616d4f1cb8daa46913bde400I.jpg\" class=\"attachment-full size-full wp-image-7285\" alt=\"\" srcset=\"https:\/\/www.cnxiangfu.com\/wp-content\/uploads\/2025\/11\/15_Haa39caf6616d4f1cb8daa46913bde400I.jpg 750w, https:\/\/www.cnxiangfu.com\/wp-content\/uploads\/2025\/11\/15_Haa39caf6616d4f1cb8daa46913bde400I-218x300.jpg 218w, https:\/\/www.cnxiangfu.com\/wp-content\/uploads\/2025\/11\/15_Haa39caf6616d4f1cb8daa46913bde400I-746x1024.jpg 746w, https:\/\/www.cnxiangfu.com\/wp-content\/uploads\/2025\/11\/15_Haa39caf6616d4f1cb8daa46913bde400I-600x824.jpg 600w\" sizes=\"(max-width: 750px) 100vw, 750px\" title=\"\">\t\t\t\t\t\t\t\t\t\t\t\t\t\t\t<\/div>\n\t\t\t\t\t<\/div>\n\t\t\t\t<\/div>\n\t\t\t\t<\/div>\n\t\t","protected":false},"excerpt":{"rendered":"<p>Nom du produit : Sac Taille du produit : Largeur 40cm x Hauteur 33cm (Unit\u00e9 : Centim\u00e8tres)<\/p>\n<p> Tissu du sac : Toile<\/p>\n<p>Poign\u00e9e : Sangle en coton \u00e9pais, avec une grande capacit\u00e9<\/p>\n<p>de charge Utilisation : Voyages, Shopping, Usage quotidien<\/p>\n","protected":false},"featured_media":6077,"comment_status":"open","ping_status":"closed","template":"","meta":{"_acf_changed":false},"product_brand":[],"product_cat":[97],"product_tag":[261,259,262,260,263],"class_list":{"0":"post-7010","1":"product","2":"type-product","3":"status-publish","4":"has-post-thumbnail","6":"product_cat-sacs-en-toile-personnalises","7":"product_tag-fabricants-chinois-de-sacs-cosmetiques-de-voyage","8":"product_tag-sac-de-voyage-cosmetique","9":"product_tag-sacs-cosmetiques-de-voyage-en-gros","10":"product_tag-sacs-cosmetiques-de-voyage-pour-hommes","11":"product_tag-usines-de-sacs-de-voyage-cosmetiques-en-chine","13":"first","14":"onbackorder","15":"shipping-taxable","16":"purchasable","17":"product-type-simple"},"acf":[],"_links":{"self":[{"href":"https:\/\/www.cnxiangfu.com\/fr\/wp-json\/wp\/v2\/product\/7010","targetHints":{"allow":["GET"]}}],"collection":[{"href":"https:\/\/www.cnxiangfu.com\/fr\/wp-json\/wp\/v2\/product"}],"about":[{"href":"https:\/\/www.cnxiangfu.com\/fr\/wp-json\/wp\/v2\/types\/product"}],"replies":[{"embeddable":true,"href":"https:\/\/www.cnxiangfu.com\/fr\/wp-json\/wp\/v2\/comments?post=7010"}],"version-history":[{"count":4,"href":"https:\/\/www.cnxiangfu.com\/fr\/wp-json\/wp\/v2\/product\/7010\/revisions"}],"predecessor-version":[{"id":7308,"href":"https:\/\/www.cnxiangfu.com\/fr\/wp-json\/wp\/v2\/product\/7010\/revisions\/7308"}],"wp:featuredmedia":[{"embeddable":true,"href":"https:\/\/www.cnxiangfu.com\/fr\/wp-json\/wp\/v2\/media\/6077"}],"wp:attachment":[{"href":"https:\/\/www.cnxiangfu.com\/fr\/wp-json\/wp\/v2\/media?parent=7010"}],"wp:term":[{"taxonomy":"product_brand","embeddable":true,"href":"https:\/\/www.cnxiangfu.com\/fr\/wp-json\/wp\/v2\/product_brand?post=7010"},{"taxonomy":"product_cat","embeddable":true,"href":"https:\/\/www.cnxiangfu.com\/fr\/wp-json\/wp\/v2\/product_cat?post=7010"},{"taxonomy":"product_tag","embeddable":true,"href":"https:\/\/www.cnxiangfu.com\/fr\/wp-json\/wp\/v2\/product_tag?post=7010"}],"curies":[{"name":"wp","href":"https:\/\/api.w.org\/{rel}","templated":true}]}}