{"id":7546,"date":"2025-12-01T14:54:49","date_gmt":"2025-12-01T06:54:49","guid":{"rendered":"https:\/\/www.cnxiangfu.com\/?post_type=product&#038;p=7546"},"modified":"2025-12-01T16:32:50","modified_gmt":"2025-12-01T08:32:50","slug":"grand-sac-fourre-tout-pour-femmes-sacs-a-main-legers-de-voyage-sacs-fourre-tout-de-travail-avec-fermeture-eclair-pour-les-deplacements-en-salle-de-sport-%e5%a4%8d%e5%88%b6-%e5%a4%8d%e5%88%b6","status":"publish","type":"product","link":"https:\/\/www.cnxiangfu.com\/fr\/produit\/grand-sac-fourre-tout-pour-femmes-sacs-a-main-legers-de-voyage-sacs-fourre-tout-de-travail-avec-fermeture-eclair-pour-les-deplacements-en-salle-de-sport-%e5%a4%8d%e5%88%b6-%e5%a4%8d%e5%88%b6\/","title":{"rendered":"Nouveau sac fourre-tout en toile imprim\u00e9 personnalis\u00e9 en toile (\u590d\u5236)"},"content":{"rendered":"\t\t<div data-elementor-type=\"product-post\" data-elementor-id=\"7546\" class=\"elementor elementor-7546 elementor-7544\" data-elementor-post-type=\"product\">\n\t\t\t\t<div class=\"elementor-element elementor-element-31f5d34 e-flex e-con-boxed e-con e-parent\" data-id=\"31f5d34\" data-element_type=\"container\" data-e-type=\"container\">\n\t\t\t\t\t<div class=\"e-con-inner\">\n\t\t\t\t<div class=\"elementor-element elementor-element-c0ce038 elementor-widget elementor-widget-image\" data-id=\"c0ce038\" data-element_type=\"widget\" data-e-type=\"widget\" data-widget_type=\"image.default\">\n\t\t\t\t\t\t\t\t\t\t\t\t\t\t\t<img fetchpriority=\"high\" decoding=\"async\" width=\"1500\" height=\"1500\" src=\"https:\/\/www.cnxiangfu.com\/wp-content\/uploads\/2025\/12\/4-4.jpg\" class=\"attachment-full size-full wp-image-7841\" alt=\"\" srcset=\"https:\/\/www.cnxiangfu.com\/wp-content\/uploads\/2025\/12\/4-4.jpg 1500w, https:\/\/www.cnxiangfu.com\/wp-content\/uploads\/2025\/12\/4-4-300x300.jpg 300w, https:\/\/www.cnxiangfu.com\/wp-content\/uploads\/2025\/12\/4-4-1024x1024.jpg 1024w, https:\/\/www.cnxiangfu.com\/wp-content\/uploads\/2025\/12\/4-4-150x150.jpg 150w, https:\/\/www.cnxiangfu.com\/wp-content\/uploads\/2025\/12\/4-4-768x768.jpg 768w, https:\/\/www.cnxiangfu.com\/wp-content\/uploads\/2025\/12\/4-4-650x650.jpg 650w, https:\/\/www.cnxiangfu.com\/wp-content\/uploads\/2025\/12\/4-4-1300x1300.jpg 1300w, https:\/\/www.cnxiangfu.com\/wp-content\/uploads\/2025\/12\/4-4-600x600.jpg 600w, https:\/\/www.cnxiangfu.com\/wp-content\/uploads\/2025\/12\/4-4-100x100.jpg 100w\" sizes=\"(max-width: 1500px) 100vw, 1500px\" title=\"\">\t\t\t\t\t\t\t\t\t\t\t\t\t\t\t<\/div>\n\t\t\t\t<div class=\"elementor-element elementor-element-46ac89c elementor-widget elementor-widget-image\" data-id=\"46ac89c\" data-element_type=\"widget\" data-e-type=\"widget\" data-widget_type=\"image.default\">\n\t\t\t\t\t\t\t\t\t\t\t\t\t\t\t<img decoding=\"async\" width=\"496\" height=\"1500\" src=\"https:\/\/www.cnxiangfu.com\/wp-content\/uploads\/2025\/12\/4-5.jpg\" class=\"attachment-full size-full wp-image-7842\" alt=\"\" srcset=\"https:\/\/www.cnxiangfu.com\/wp-content\/uploads\/2025\/12\/4-5.jpg 496w, https:\/\/www.cnxiangfu.com\/wp-content\/uploads\/2025\/12\/4-5-99x300.jpg 99w, https:\/\/www.cnxiangfu.com\/wp-content\/uploads\/2025\/12\/4-5-339x1024.jpg 339w\" sizes=\"(max-width: 496px) 100vw, 496px\" title=\"\">\t\t\t\t\t\t\t\t\t\t\t\t\t\t\t<\/div>\n\t\t\t\t<div class=\"elementor-element elementor-element-94d938f elementor-widget elementor-widget-image\" data-id=\"94d938f\" data-element_type=\"widget\" data-e-type=\"widget\" data-widget_type=\"image.default\">\n\t\t\t\t\t\t\t\t\t\t\t\t\t\t\t<img decoding=\"async\" width=\"489\" height=\"481\" src=\"https:\/\/www.cnxiangfu.com\/wp-content\/uploads\/2025\/12\/4-7.jpg\" class=\"attachment-full size-full wp-image-7843\" alt=\"custom polyester tote bags\u200b\" srcset=\"https:\/\/www.cnxiangfu.com\/wp-content\/uploads\/2025\/12\/4-7.jpg 489w, https:\/\/www.cnxiangfu.com\/wp-content\/uploads\/2025\/12\/4-7-300x295.jpg 300w\" sizes=\"(max-width: 489px) 100vw, 489px\" title=\"\">\t\t\t\t\t\t\t\t\t\t\t\t\t\t\t<\/div>\n\t\t\t\t<div class=\"elementor-element elementor-element-ca76c3a elementor-widget elementor-widget-image\" data-id=\"ca76c3a\" data-element_type=\"widget\" data-e-type=\"widget\" data-widget_type=\"image.default\">\n\t\t\t\t\t\t\t\t\t\t\t\t\t\t\t<img loading=\"lazy\" decoding=\"async\" width=\"356\" height=\"473\" src=\"https:\/\/www.cnxiangfu.com\/wp-content\/uploads\/2025\/12\/4-8.jpg\" class=\"attachment-full size-full wp-image-7844\" alt=\"\" srcset=\"https:\/\/www.cnxiangfu.com\/wp-content\/uploads\/2025\/12\/4-8.jpg 356w, https:\/\/www.cnxiangfu.com\/wp-content\/uploads\/2025\/12\/4-8-226x300.jpg 226w\" sizes=\"(max-width: 356px) 100vw, 356px\" title=\"\">\t\t\t\t\t\t\t\t\t\t\t\t\t\t\t<\/div>\n\t\t\t\t\t<\/div>\n\t\t\t\t<\/div>\n\t\t\t\t<\/div>\n\t\t","protected":false},"excerpt":{"rendered":"<p>Nom du produit : Sac en toile Taille du produit : Largeur 15 x Hauteur 13 x Largeur des c\u00f4t\u00e9s 5 (Unit\u00e9 : Pouces)<\/p>\n<p> Sac Tissu : Toile<\/p>\n<p>Poign\u00e9e : Sangle en coton \u00e9pais, avec une grande capacit\u00e9<\/p>\n<p>de charge Utilisation : Voyages, Shopping, Usage quotidien<\/p>\n","protected":false},"featured_media":6077,"comment_status":"open","ping_status":"closed","template":"","meta":{"_acf_changed":false},"product_brand":[],"product_cat":[117,97],"product_tag":[329,325,326,327,330,328],"class_list":{"0":"post-7546","1":"product","2":"type-product","3":"status-publish","4":"has-post-thumbnail","6":"product_cat-sac-en-polyester-personnalise","7":"product_cat-sacs-en-toile-personnalises","8":"product_tag-fabricant-de-sacs-fourre-tout-en-toile","9":"product_tag-sac-en-toile","10":"product_tag-sac-fourre-tout-en-toile","11":"product_tag-sacs-en-toile-en-gros","12":"product_tag-usine-de-sacs-en-toile","13":"product_tag-usine-de-sacs-en-toile-de-chine","15":"first","16":"onbackorder","17":"shipping-taxable","18":"purchasable","19":"product-type-simple"},"acf":[],"_links":{"self":[{"href":"https:\/\/www.cnxiangfu.com\/fr\/wp-json\/wp\/v2\/product\/7546","targetHints":{"allow":["GET"]}}],"collection":[{"href":"https:\/\/www.cnxiangfu.com\/fr\/wp-json\/wp\/v2\/product"}],"about":[{"href":"https:\/\/www.cnxiangfu.com\/fr\/wp-json\/wp\/v2\/types\/product"}],"replies":[{"embeddable":true,"href":"https:\/\/www.cnxiangfu.com\/fr\/wp-json\/wp\/v2\/comments?post=7546"}],"version-history":[{"count":3,"href":"https:\/\/www.cnxiangfu.com\/fr\/wp-json\/wp\/v2\/product\/7546\/revisions"}],"predecessor-version":[{"id":7848,"href":"https:\/\/www.cnxiangfu.com\/fr\/wp-json\/wp\/v2\/product\/7546\/revisions\/7848"}],"wp:featuredmedia":[{"embeddable":true,"href":"https:\/\/www.cnxiangfu.com\/fr\/wp-json\/wp\/v2\/media\/6077"}],"wp:attachment":[{"href":"https:\/\/www.cnxiangfu.com\/fr\/wp-json\/wp\/v2\/media?parent=7546"}],"wp:term":[{"taxonomy":"product_brand","embeddable":true,"href":"https:\/\/www.cnxiangfu.com\/fr\/wp-json\/wp\/v2\/product_brand?post=7546"},{"taxonomy":"product_cat","embeddable":true,"href":"https:\/\/www.cnxiangfu.com\/fr\/wp-json\/wp\/v2\/product_cat?post=7546"},{"taxonomy":"product_tag","embeddable":true,"href":"https:\/\/www.cnxiangfu.com\/fr\/wp-json\/wp\/v2\/product_tag?post=7546"}],"curies":[{"name":"wp","href":"https:\/\/api.w.org\/{rel}","templated":true}]}}