{"id":7692,"date":"2025-12-01T15:55:53","date_gmt":"2025-12-01T07:55:53","guid":{"rendered":"https:\/\/www.cnxiangfu.com\/?post_type=product&#038;p=7692"},"modified":"2025-12-01T16:34:09","modified_gmt":"2025-12-01T08:34:09","slug":"sac-fourre-tout-en-papier-dupont-%e5%a4%8d%e5%88%b6-4","status":"publish","type":"product","link":"https:\/\/www.cnxiangfu.com\/fr\/produit\/sac-fourre-tout-en-papier-dupont-%e5%a4%8d%e5%88%b6-4\/","title":{"rendered":"Sac en papier Dupont + PVC Sacs \u00e0 main Kraft pour femmes Sacs \u00e0 main avec poign\u00e9e sup\u00e9rieure"},"content":{"rendered":"\t\t<div data-elementor-type=\"product-post\" data-elementor-id=\"7692\" class=\"elementor elementor-7692 elementor-7690\" data-elementor-post-type=\"product\">\n\t\t\t\t<div class=\"elementor-element elementor-element-31f5d34 e-flex e-con-boxed e-con e-parent\" data-id=\"31f5d34\" data-element_type=\"container\" data-e-type=\"container\">\n\t\t\t\t\t<div class=\"e-con-inner\">\n\t\t\t\t<div class=\"elementor-element elementor-element-d8d1255 elementor-widget elementor-widget-image\" data-id=\"d8d1255\" data-element_type=\"widget\" data-e-type=\"widget\" data-widget_type=\"image.default\">\n\t\t\t\t\t\t\t\t\t\t\t\t\t\t\t<img fetchpriority=\"high\" decoding=\"async\" width=\"1251\" height=\"1500\" src=\"https:\/\/www.cnxiangfu.com\/wp-content\/uploads\/2025\/12\/5-1-2.jpg\" class=\"attachment-full size-full wp-image-7999\" alt=\"\" srcset=\"https:\/\/www.cnxiangfu.com\/wp-content\/uploads\/2025\/12\/5-1-2.jpg 1251w, https:\/\/www.cnxiangfu.com\/wp-content\/uploads\/2025\/12\/5-1-2-250x300.jpg 250w, https:\/\/www.cnxiangfu.com\/wp-content\/uploads\/2025\/12\/5-1-2-854x1024.jpg 854w, https:\/\/www.cnxiangfu.com\/wp-content\/uploads\/2025\/12\/5-1-2-768x921.jpg 768w, https:\/\/www.cnxiangfu.com\/wp-content\/uploads\/2025\/12\/5-1-2-600x719.jpg 600w\" sizes=\"(max-width: 1251px) 100vw, 1251px\" title=\"\">\t\t\t\t\t\t\t\t\t\t\t\t\t\t\t<\/div>\n\t\t\t\t<div class=\"elementor-element elementor-element-8f0895d elementor-widget elementor-widget-image\" data-id=\"8f0895d\" data-element_type=\"widget\" data-e-type=\"widget\" data-widget_type=\"image.default\">\n\t\t\t\t\t\t\t\t\t\t\t\t\t\t\t<img decoding=\"async\" width=\"1484\" height=\"1500\" src=\"https:\/\/www.cnxiangfu.com\/wp-content\/uploads\/2025\/12\/5-2-2.jpg\" class=\"attachment-full size-full wp-image-8000\" alt=\"\" srcset=\"https:\/\/www.cnxiangfu.com\/wp-content\/uploads\/2025\/12\/5-2-2.jpg 1484w, https:\/\/www.cnxiangfu.com\/wp-content\/uploads\/2025\/12\/5-2-2-297x300.jpg 297w, https:\/\/www.cnxiangfu.com\/wp-content\/uploads\/2025\/12\/5-2-2-1013x1024.jpg 1013w, https:\/\/www.cnxiangfu.com\/wp-content\/uploads\/2025\/12\/5-2-2-768x776.jpg 768w, https:\/\/www.cnxiangfu.com\/wp-content\/uploads\/2025\/12\/5-2-2-600x606.jpg 600w, https:\/\/www.cnxiangfu.com\/wp-content\/uploads\/2025\/12\/5-2-2-100x100.jpg 100w\" sizes=\"(max-width: 1484px) 100vw, 1484px\" title=\"\">\t\t\t\t\t\t\t\t\t\t\t\t\t\t\t<\/div>\n\t\t\t\t<div class=\"elementor-element elementor-element-5075dfd elementor-widget elementor-widget-image\" data-id=\"5075dfd\" data-element_type=\"widget\" data-e-type=\"widget\" data-widget_type=\"image.default\">\n\t\t\t\t\t\t\t\t\t\t\t\t\t\t\t<img decoding=\"async\" width=\"1500\" height=\"1500\" src=\"https:\/\/www.cnxiangfu.com\/wp-content\/uploads\/2025\/12\/5-3-2.jpg\" class=\"attachment-full size-full wp-image-8001\" alt=\"\" srcset=\"https:\/\/www.cnxiangfu.com\/wp-content\/uploads\/2025\/12\/5-3-2.jpg 1500w, https:\/\/www.cnxiangfu.com\/wp-content\/uploads\/2025\/12\/5-3-2-300x300.jpg 300w, https:\/\/www.cnxiangfu.com\/wp-content\/uploads\/2025\/12\/5-3-2-1024x1024.jpg 1024w, https:\/\/www.cnxiangfu.com\/wp-content\/uploads\/2025\/12\/5-3-2-150x150.jpg 150w, https:\/\/www.cnxiangfu.com\/wp-content\/uploads\/2025\/12\/5-3-2-768x768.jpg 768w, https:\/\/www.cnxiangfu.com\/wp-content\/uploads\/2025\/12\/5-3-2-650x650.jpg 650w, https:\/\/www.cnxiangfu.com\/wp-content\/uploads\/2025\/12\/5-3-2-1300x1300.jpg 1300w, https:\/\/www.cnxiangfu.com\/wp-content\/uploads\/2025\/12\/5-3-2-600x600.jpg 600w, https:\/\/www.cnxiangfu.com\/wp-content\/uploads\/2025\/12\/5-3-2-100x100.jpg 100w\" sizes=\"(max-width: 1500px) 100vw, 1500px\" title=\"\">\t\t\t\t\t\t\t\t\t\t\t\t\t\t\t<\/div>\n\t\t\t\t<div class=\"elementor-element elementor-element-8c0428a elementor-widget elementor-widget-image\" data-id=\"8c0428a\" data-element_type=\"widget\" data-e-type=\"widget\" data-widget_type=\"image.default\">\n\t\t\t\t\t\t\t\t\t\t\t\t\t\t\t<img loading=\"lazy\" decoding=\"async\" width=\"1500\" height=\"1495\" src=\"https:\/\/www.cnxiangfu.com\/wp-content\/uploads\/2025\/11\/20_91xn6BdzZGL._AC_SL1500_.jpg\" class=\"attachment-full size-full wp-image-2478\" alt=\"Customized Dupont Paper Bag\" srcset=\"https:\/\/www.cnxiangfu.com\/wp-content\/uploads\/2025\/11\/20_91xn6BdzZGL._AC_SL1500_.jpg 1500w, https:\/\/www.cnxiangfu.com\/wp-content\/uploads\/2025\/11\/20_91xn6BdzZGL._AC_SL1500_-300x300.jpg 300w, https:\/\/www.cnxiangfu.com\/wp-content\/uploads\/2025\/11\/20_91xn6BdzZGL._AC_SL1500_-1024x1021.jpg 1024w, https:\/\/www.cnxiangfu.com\/wp-content\/uploads\/2025\/11\/20_91xn6BdzZGL._AC_SL1500_-150x150.jpg 150w, https:\/\/www.cnxiangfu.com\/wp-content\/uploads\/2025\/11\/20_91xn6BdzZGL._AC_SL1500_-768x765.jpg 768w, https:\/\/www.cnxiangfu.com\/wp-content\/uploads\/2025\/11\/20_91xn6BdzZGL._AC_SL1500_-600x598.jpg 600w, https:\/\/www.cnxiangfu.com\/wp-content\/uploads\/2025\/11\/20_91xn6BdzZGL._AC_SL1500_-100x100.jpg 100w\" sizes=\"(max-width: 1500px) 100vw, 1500px\" title=\"\">\t\t\t\t\t\t\t\t\t\t\t\t\t\t\t<\/div>\n\t\t\t\t<div class=\"elementor-element elementor-element-5fac056 elementor-widget elementor-widget-image\" data-id=\"5fac056\" data-element_type=\"widget\" data-e-type=\"widget\" data-widget_type=\"image.default\">\n\t\t\t\t\t\t\t\t\t\t\t\t\t\t\t<img loading=\"lazy\" decoding=\"async\" width=\"1500\" height=\"1480\" src=\"https:\/\/www.cnxiangfu.com\/wp-content\/uploads\/2025\/12\/5-4-3.jpg\" class=\"attachment-full size-full wp-image-8002\" alt=\"\" srcset=\"https:\/\/www.cnxiangfu.com\/wp-content\/uploads\/2025\/12\/5-4-3.jpg 1500w, https:\/\/www.cnxiangfu.com\/wp-content\/uploads\/2025\/12\/5-4-3-300x296.jpg 300w, https:\/\/www.cnxiangfu.com\/wp-content\/uploads\/2025\/12\/5-4-3-1024x1010.jpg 1024w, https:\/\/www.cnxiangfu.com\/wp-content\/uploads\/2025\/12\/5-4-3-768x758.jpg 768w, https:\/\/www.cnxiangfu.com\/wp-content\/uploads\/2025\/12\/5-4-3-600x592.jpg 600w, https:\/\/www.cnxiangfu.com\/wp-content\/uploads\/2025\/12\/5-4-3-100x100.jpg 100w\" sizes=\"(max-width: 1500px) 100vw, 1500px\" title=\"\">\t\t\t\t\t\t\t\t\t\t\t\t\t\t\t<\/div>\n\t\t\t\t\t<\/div>\n\t\t\t\t<\/div>\n\t\t\t\t<\/div>\n\t\t","protected":false},"excerpt":{"rendered":"<p>Nom du produit&nbsp;: Sac<\/p>\n<p>en papier DuPont Taille du produit&nbsp;: Largeur 32cm x Hauteur 32cm x Largeur inf\u00e9rieure 15cm (unit\u00e9&nbsp;: centim\u00e8tres)<\/p>\n<p> Tissu du sac&nbsp;: PVC combin\u00e9 avec du papier<\/p>\n<p>DuPont Poign\u00e9e&nbsp;: cuir<\/p>\n<p>PU Utilisation&nbsp;: Shopping, Voyage, Plage, Supermarch\u00e9<\/p>\n","protected":false},"featured_media":7703,"comment_status":"open","ping_status":"closed","template":"","meta":{"_acf_changed":false},"product_brand":[],"product_cat":[74,100],"product_tag":[],"class_list":{"0":"post-7692","1":"product","2":"type-product","3":"status-publish","4":"has-post-thumbnail","6":"product_cat-sac-en-papier-dupont","7":"product_cat-sac-en-papier-dupont-personnalise","9":"first","10":"instock","11":"shipping-taxable","12":"purchasable","13":"product-type-simple"},"acf":[],"_links":{"self":[{"href":"https:\/\/www.cnxiangfu.com\/fr\/wp-json\/wp\/v2\/product\/7692","targetHints":{"allow":["GET"]}}],"collection":[{"href":"https:\/\/www.cnxiangfu.com\/fr\/wp-json\/wp\/v2\/product"}],"about":[{"href":"https:\/\/www.cnxiangfu.com\/fr\/wp-json\/wp\/v2\/types\/product"}],"replies":[{"embeddable":true,"href":"https:\/\/www.cnxiangfu.com\/fr\/wp-json\/wp\/v2\/comments?post=7692"}],"version-history":[{"count":3,"href":"https:\/\/www.cnxiangfu.com\/fr\/wp-json\/wp\/v2\/product\/7692\/revisions"}],"predecessor-version":[{"id":8004,"href":"https:\/\/www.cnxiangfu.com\/fr\/wp-json\/wp\/v2\/product\/7692\/revisions\/8004"}],"wp:featuredmedia":[{"embeddable":true,"href":"https:\/\/www.cnxiangfu.com\/fr\/wp-json\/wp\/v2\/media\/7703"}],"wp:attachment":[{"href":"https:\/\/www.cnxiangfu.com\/fr\/wp-json\/wp\/v2\/media?parent=7692"}],"wp:term":[{"taxonomy":"product_brand","embeddable":true,"href":"https:\/\/www.cnxiangfu.com\/fr\/wp-json\/wp\/v2\/product_brand?post=7692"},{"taxonomy":"product_cat","embeddable":true,"href":"https:\/\/www.cnxiangfu.com\/fr\/wp-json\/wp\/v2\/product_cat?post=7692"},{"taxonomy":"product_tag","embeddable":true,"href":"https:\/\/www.cnxiangfu.com\/fr\/wp-json\/wp\/v2\/product_tag?post=7692"}],"curies":[{"name":"wp","href":"https:\/\/api.w.org\/{rel}","templated":true}]}}