{"id":7763,"date":"2025-12-01T15:04:38","date_gmt":"2025-12-01T07:04:38","guid":{"rendered":"https:\/\/www.cnxiangfu.com\/product\/nouveau-sac-femme-a-grande-capacite-raye-a-une-epaule-sac-simple-et-decontracte-en-toile-decontractee-polyvalent-en-toile-mobile-double-face\/"},"modified":"2025-12-01T15:04:38","modified_gmt":"2025-12-01T07:04:38","slug":"nouveau-sac-femme-a-grande-capacite-raye-a-une-epaule-sac-simple-et-decontracte-en-toile-decontractee-polyvalent-en-toile-mobile-double-face","status":"publish","type":"product","link":"https:\/\/www.cnxiangfu.com\/fr\/produit\/nouveau-sac-femme-a-grande-capacite-raye-a-une-epaule-sac-simple-et-decontracte-en-toile-decontractee-polyvalent-en-toile-mobile-double-face\/","title":{"rendered":"Nouveau sac femme \u00e0 grande capacit\u00e9 ray\u00e9 \u00e0 une \u00e9paule, sac simple et d\u00e9contract\u00e9 en toile d\u00e9contract\u00e9e polyvalent en toile mobile, double face"},"content":{"rendered":"<p>Nom du produit : Sac<br \/>\nen toile Taille du produit : Largeur 15 x Hauteur 13 x Largeur des c\u00f4t\u00e9s 5 (Unit\u00e9 : Pouces)<br \/>\n Sac Tissu : Toile<br \/>\nPoign\u00e9e : Sangle en coton \u00e9pais, avec une grande capacit\u00e9<br \/>\nde charge Utilisation : Voyages, Shopping, Usage quotidien<\/p>\n","protected":false},"excerpt":{"rendered":"<p>Nom du produit : Sac en toile Mat\u00e9riau : toile<\/p>\n<p>Taille : 35*40*12 cm<\/p>\n<p>Style : Mode<\/p>\n<p>Province : Zhejiang, Chine<\/p>\n<p>Saison : Quatre saisons<\/p>\n<p> \u00bb Application : Voyage<\/p>\n","protected":false},"featured_media":7561,"comment_status":"closed","ping_status":"closed","template":"","meta":{"_acf_changed":false},"product_brand":[],"product_cat":[67,97],"product_tag":[],"class_list":{"0":"post-7763","1":"product","2":"type-product","3":"status-publish","4":"has-post-thumbnail","6":"product_cat-non-categorise","7":"product_cat-sacs-en-toile-personnalises","9":"first","10":"instock","11":"shipping-taxable","12":"product-type-simple"},"acf":[],"_links":{"self":[{"href":"https:\/\/www.cnxiangfu.com\/fr\/wp-json\/wp\/v2\/product\/7763","targetHints":{"allow":["GET"]}}],"collection":[{"href":"https:\/\/www.cnxiangfu.com\/fr\/wp-json\/wp\/v2\/product"}],"about":[{"href":"https:\/\/www.cnxiangfu.com\/fr\/wp-json\/wp\/v2\/types\/product"}],"replies":[{"embeddable":true,"href":"https:\/\/www.cnxiangfu.com\/fr\/wp-json\/wp\/v2\/comments?post=7763"}],"version-history":[{"count":0,"href":"https:\/\/www.cnxiangfu.com\/fr\/wp-json\/wp\/v2\/product\/7763\/revisions"}],"wp:featuredmedia":[{"embeddable":true,"href":"https:\/\/www.cnxiangfu.com\/fr\/wp-json\/wp\/v2\/media\/7561"}],"wp:attachment":[{"href":"https:\/\/www.cnxiangfu.com\/fr\/wp-json\/wp\/v2\/media?parent=7763"}],"wp:term":[{"taxonomy":"product_brand","embeddable":true,"href":"https:\/\/www.cnxiangfu.com\/fr\/wp-json\/wp\/v2\/product_brand?post=7763"},{"taxonomy":"product_cat","embeddable":true,"href":"https:\/\/www.cnxiangfu.com\/fr\/wp-json\/wp\/v2\/product_cat?post=7763"},{"taxonomy":"product_tag","embeddable":true,"href":"https:\/\/www.cnxiangfu.com\/fr\/wp-json\/wp\/v2\/product_tag?post=7763"}],"curies":[{"name":"wp","href":"https:\/\/api.w.org\/{rel}","templated":true}]}}