{"id":7939,"date":"2025-12-01T15:47:32","date_gmt":"2025-12-01T07:47:32","guid":{"rendered":"https:\/\/www.cnxiangfu.com\/product\/sac-en-toile-en-coton-creatif-trousse-cosmetique-polyvalente-pochettes-maquillage-avec-fermeture-eclair-trousse-de-toilette-de-voyage-sac-a-crayons\/"},"modified":"2025-12-01T15:47:32","modified_gmt":"2025-12-01T07:47:32","slug":"sac-en-toile-en-coton-creatif-trousse-cosmetique-polyvalente-pochettes-maquillage-avec-fermeture-eclair-trousse-de-toilette-de-voyage-sac-a-crayons","status":"publish","type":"product","link":"https:\/\/www.cnxiangfu.com\/fr\/produit\/sac-en-toile-en-coton-creatif-trousse-cosmetique-polyvalente-pochettes-maquillage-avec-fermeture-eclair-trousse-de-toilette-de-voyage-sac-a-crayons\/","title":{"rendered":"Sac en toile en coton cr\u00e9atif, trousse cosm\u00e9tique polyvalente pochettes maquillage avec fermeture \u00e9clair trousse de toilette de voyage Sac \u00e0 crayons"},"content":{"rendered":"","protected":false},"excerpt":{"rendered":"<p>Nom du produit : Trousse<br \/>\nmaquillage cosm\u00e9tique en toile Sac en toile Tissu :<br \/>\nPoign\u00e9e en toile : Sangle en coton \u00e9paisse, avec une grande capacit\u00e9<br \/>\nportante Utilisation : Voyages, shopping, usage quotidien<\/p>\n","protected":false},"featured_media":7663,"comment_status":"closed","ping_status":"closed","template":"","meta":{"_acf_changed":false},"product_brand":[],"product_cat":[67,97],"product_tag":[],"class_list":{"0":"post-7939","1":"product","2":"type-product","3":"status-publish","4":"has-post-thumbnail","6":"product_cat-non-categorise","7":"product_cat-sacs-en-toile-personnalises","9":"first","10":"onbackorder","11":"shipping-taxable","12":"purchasable","13":"product-type-simple"},"acf":[],"_links":{"self":[{"href":"https:\/\/www.cnxiangfu.com\/fr\/wp-json\/wp\/v2\/product\/7939","targetHints":{"allow":["GET"]}}],"collection":[{"href":"https:\/\/www.cnxiangfu.com\/fr\/wp-json\/wp\/v2\/product"}],"about":[{"href":"https:\/\/www.cnxiangfu.com\/fr\/wp-json\/wp\/v2\/types\/product"}],"replies":[{"embeddable":true,"href":"https:\/\/www.cnxiangfu.com\/fr\/wp-json\/wp\/v2\/comments?post=7939"}],"version-history":[{"count":0,"href":"https:\/\/www.cnxiangfu.com\/fr\/wp-json\/wp\/v2\/product\/7939\/revisions"}],"wp:featuredmedia":[{"embeddable":true,"href":"https:\/\/www.cnxiangfu.com\/fr\/wp-json\/wp\/v2\/media\/7663"}],"wp:attachment":[{"href":"https:\/\/www.cnxiangfu.com\/fr\/wp-json\/wp\/v2\/media?parent=7939"}],"wp:term":[{"taxonomy":"product_brand","embeddable":true,"href":"https:\/\/www.cnxiangfu.com\/fr\/wp-json\/wp\/v2\/product_brand?post=7939"},{"taxonomy":"product_cat","embeddable":true,"href":"https:\/\/www.cnxiangfu.com\/fr\/wp-json\/wp\/v2\/product_cat?post=7939"},{"taxonomy":"product_tag","embeddable":true,"href":"https:\/\/www.cnxiangfu.com\/fr\/wp-json\/wp\/v2\/product_tag?post=7939"}],"curies":[{"name":"wp","href":"https:\/\/api.w.org\/{rel}","templated":true}]}}