{"id":8029,"date":"2025-12-01T16:17:00","date_gmt":"2025-12-01T08:17:00","guid":{"rendered":"https:\/\/www.cnxiangfu.com\/product\/sac-tote-en-nylon-impermeable-pour-femmes-sac-a-main-leger-de-createur-avec-fermeture-eclair-sac-a-main-elegant-et-durable\/"},"modified":"2025-12-01T16:17:00","modified_gmt":"2025-12-01T08:17:00","slug":"sac-tote-en-nylon-impermeable-pour-femmes-sac-a-main-leger-de-createur-avec-fermeture-eclair-sac-a-main-elegant-et-durable","status":"publish","type":"product","link":"https:\/\/www.cnxiangfu.com\/fr\/produit\/sac-tote-en-nylon-impermeable-pour-femmes-sac-a-main-leger-de-createur-avec-fermeture-eclair-sac-a-main-elegant-et-durable\/","title":{"rendered":"Sac tote en nylon imperm\u00e9able pour femmes Sac \u00e0 main l\u00e9ger de cr\u00e9ateur avec fermeture \u00e9clair, sac \u00e0 main \u00e9l\u00e9gant et durable"},"content":{"rendered":"","protected":false},"excerpt":{"rendered":"<p>Nom du produit : sac en nylon Mat\u00e9riau : nylon<\/p>\n<p>Taille : 35*40*12 cm<\/p>\n<p>Style : Province<\/p>\n<p>de la mode : Zhejiang, Chine<\/p>\n<p>Saison : Quatre saisons<\/p>\n<p> \u00ab Application : Voyage<\/p>\n","protected":false},"featured_media":7715,"comment_status":"closed","ping_status":"closed","template":"","meta":{"_acf_changed":false},"product_brand":[],"product_cat":[473],"product_tag":[],"class_list":{"0":"post-8029","1":"product","2":"type-product","3":"status-publish","4":"has-post-thumbnail","6":"product_cat-uncategorized","8":"first","9":"instock","10":"shipping-taxable","11":"purchasable","12":"product-type-simple"},"acf":[],"_links":{"self":[{"href":"https:\/\/www.cnxiangfu.com\/fr\/wp-json\/wp\/v2\/product\/8029","targetHints":{"allow":["GET"]}}],"collection":[{"href":"https:\/\/www.cnxiangfu.com\/fr\/wp-json\/wp\/v2\/product"}],"about":[{"href":"https:\/\/www.cnxiangfu.com\/fr\/wp-json\/wp\/v2\/types\/product"}],"replies":[{"embeddable":true,"href":"https:\/\/www.cnxiangfu.com\/fr\/wp-json\/wp\/v2\/comments?post=8029"}],"version-history":[{"count":0,"href":"https:\/\/www.cnxiangfu.com\/fr\/wp-json\/wp\/v2\/product\/8029\/revisions"}],"wp:featuredmedia":[{"embeddable":true,"href":"https:\/\/www.cnxiangfu.com\/fr\/wp-json\/wp\/v2\/media\/7715"}],"wp:attachment":[{"href":"https:\/\/www.cnxiangfu.com\/fr\/wp-json\/wp\/v2\/media?parent=8029"}],"wp:term":[{"taxonomy":"product_brand","embeddable":true,"href":"https:\/\/www.cnxiangfu.com\/fr\/wp-json\/wp\/v2\/product_brand?post=8029"},{"taxonomy":"product_cat","embeddable":true,"href":"https:\/\/www.cnxiangfu.com\/fr\/wp-json\/wp\/v2\/product_cat?post=8029"},{"taxonomy":"product_tag","embeddable":true,"href":"https:\/\/www.cnxiangfu.com\/fr\/wp-json\/wp\/v2\/product_tag?post=8029"}],"curies":[{"name":"wp","href":"https:\/\/api.w.org\/{rel}","templated":true}]}}