{"id":8043,"date":"2025-12-01T16:36:40","date_gmt":"2025-12-01T08:36:40","guid":{"rendered":"https:\/\/www.cnxiangfu.com\/product\/sacs-de-courses-reutilisables-en-pack-4-sac-de-courses-en-toile-robuste-avec-poches-laterales-sacs-fourre-tout-pliants-avec-poignee-grand-sac-polyvalent-pour-les-courses-plage-pique-orange-noi\/"},"modified":"2025-12-01T16:51:59","modified_gmt":"2025-12-01T08:51:59","slug":"sacs-de-courses-reutilisables-en-pack-4-sac-de-courses-en-toile-robuste-avec-poches-laterales-sacs-fourre-tout-pliants-avec-poignee-grand-sac-polyvalent-pour-les-courses-plage-pique-orange-noi","status":"publish","type":"product","link":"https:\/\/www.cnxiangfu.com\/fr\/produit\/sacs-de-courses-reutilisables-en-pack-4-sac-de-courses-en-toile-robuste-avec-poches-laterales-sacs-fourre-tout-pliants-avec-poignee-grand-sac-polyvalent-pour-les-courses-plage-pique-orange-noi\/","title":{"rendered":"Sacs de courses r\u00e9utilisables en pack 4, sac de courses en toile robuste avec poches lat\u00e9rales, sacs fourre-tout pliants avec poign\u00e9e, grand sac polyvalent pour les courses, plage, pique-, orange, noir"},"content":{"rendered":"\t\t<div data-elementor-type=\"product-post\" data-elementor-id=\"8043\" class=\"elementor elementor-8043 elementor-7719\" data-elementor-post-type=\"product\">\n\t\t\t\t<div class=\"elementor-element elementor-element-a7ab826 e-flex e-con-boxed e-con e-parent\" data-id=\"a7ab826\" data-element_type=\"container\" data-e-type=\"container\">\n\t\t\t\t\t<div class=\"e-con-inner\">\n\t\t\t\t<div class=\"elementor-element elementor-element-b156202 elementor-widget elementor-widget-image\" data-id=\"b156202\" data-element_type=\"widget\" data-e-type=\"widget\" data-widget_type=\"image.default\">\n\t\t\t\t\t\t\t\t\t\t\t\t\t\t\t<img fetchpriority=\"high\" decoding=\"async\" width=\"800\" height=\"741\" src=\"https:\/\/www.cnxiangfu.com\/wp-content\/uploads\/2025\/12\/2_71z13GghSRL._AC_SL1500_-1024x948.jpg\" class=\"attachment-large size-large wp-image-8260\" alt=\"\" srcset=\"https:\/\/www.cnxiangfu.com\/wp-content\/uploads\/2025\/12\/2_71z13GghSRL._AC_SL1500_-1024x948.jpg 1024w, https:\/\/www.cnxiangfu.com\/wp-content\/uploads\/2025\/12\/2_71z13GghSRL._AC_SL1500_-300x278.jpg 300w, https:\/\/www.cnxiangfu.com\/wp-content\/uploads\/2025\/12\/2_71z13GghSRL._AC_SL1500_-768x711.jpg 768w, https:\/\/www.cnxiangfu.com\/wp-content\/uploads\/2025\/12\/2_71z13GghSRL._AC_SL1500_-600x556.jpg 600w, https:\/\/www.cnxiangfu.com\/wp-content\/uploads\/2025\/12\/2_71z13GghSRL._AC_SL1500_.jpg 1500w\" sizes=\"(max-width: 800px) 100vw, 800px\" title=\"\">\t\t\t\t\t\t\t\t\t\t\t\t\t\t\t<\/div>\n\t\t\t\t\t<\/div>\n\t\t\t\t<\/div>\n\t\t<div class=\"elementor-element elementor-element-83ee3fa e-flex e-con-boxed e-con e-parent\" data-id=\"83ee3fa\" data-element_type=\"container\" data-e-type=\"container\">\n\t\t\t\t\t<div class=\"e-con-inner\">\n\t\t\t\t<div class=\"elementor-element elementor-element-4fe8dfb elementor-widget elementor-widget-image\" data-id=\"4fe8dfb\" data-element_type=\"widget\" data-e-type=\"widget\" data-widget_type=\"image.default\">\n\t\t\t\t\t\t\t\t\t\t\t\t\t\t\t<img decoding=\"async\" width=\"800\" height=\"738\" src=\"https:\/\/www.cnxiangfu.com\/wp-content\/uploads\/2025\/12\/3_81hJO7E-a2L._AC_SL1500_-1024x945.jpg\" class=\"attachment-large size-large wp-image-8261\" alt=\"\" srcset=\"https:\/\/www.cnxiangfu.com\/wp-content\/uploads\/2025\/12\/3_81hJO7E-a2L._AC_SL1500_-1024x945.jpg 1024w, https:\/\/www.cnxiangfu.com\/wp-content\/uploads\/2025\/12\/3_81hJO7E-a2L._AC_SL1500_-300x277.jpg 300w, https:\/\/www.cnxiangfu.com\/wp-content\/uploads\/2025\/12\/3_81hJO7E-a2L._AC_SL1500_-768x709.jpg 768w, https:\/\/www.cnxiangfu.com\/wp-content\/uploads\/2025\/12\/3_81hJO7E-a2L._AC_SL1500_-600x554.jpg 600w, https:\/\/www.cnxiangfu.com\/wp-content\/uploads\/2025\/12\/3_81hJO7E-a2L._AC_SL1500_.jpg 1500w\" sizes=\"(max-width: 800px) 100vw, 800px\" title=\"\">\t\t\t\t\t\t\t\t\t\t\t\t\t\t\t<\/div>\n\t\t\t\t\t<\/div>\n\t\t\t\t<\/div>\n\t\t\t\t<\/div>\n\t\t","protected":false},"excerpt":{"rendered":"<p>Nom du produit : Sac en toile Mat\u00e9riau : toile<\/p>\n<p>Taille : 35*40*12 cm<\/p>\n<p>Style : Mode<\/p>\n<p>Province : Zhejiang, Chine<\/p>\n<p>Saison : Quatre saisons<\/p>\n<p> \u00bb Application : Voyage<\/p>\n","protected":false},"featured_media":8044,"comment_status":"closed","ping_status":"closed","template":"","meta":{"_acf_changed":false},"product_brand":[],"product_cat":[473],"product_tag":[],"class_list":{"0":"post-8043","1":"product","2":"type-product","3":"status-publish","4":"has-post-thumbnail","6":"product_cat-uncategorized","8":"first","9":"instock","10":"shipping-taxable","11":"purchasable","12":"product-type-simple"},"acf":[],"_links":{"self":[{"href":"https:\/\/www.cnxiangfu.com\/fr\/wp-json\/wp\/v2\/product\/8043","targetHints":{"allow":["GET"]}}],"collection":[{"href":"https:\/\/www.cnxiangfu.com\/fr\/wp-json\/wp\/v2\/product"}],"about":[{"href":"https:\/\/www.cnxiangfu.com\/fr\/wp-json\/wp\/v2\/types\/product"}],"replies":[{"embeddable":true,"href":"https:\/\/www.cnxiangfu.com\/fr\/wp-json\/wp\/v2\/comments?post=8043"}],"version-history":[{"count":1,"href":"https:\/\/www.cnxiangfu.com\/fr\/wp-json\/wp\/v2\/product\/8043\/revisions"}],"predecessor-version":[{"id":8262,"href":"https:\/\/www.cnxiangfu.com\/fr\/wp-json\/wp\/v2\/product\/8043\/revisions\/8262"}],"wp:featuredmedia":[{"embeddable":true,"href":"https:\/\/www.cnxiangfu.com\/fr\/wp-json\/wp\/v2\/media\/8044"}],"wp:attachment":[{"href":"https:\/\/www.cnxiangfu.com\/fr\/wp-json\/wp\/v2\/media?parent=8043"}],"wp:term":[{"taxonomy":"product_brand","embeddable":true,"href":"https:\/\/www.cnxiangfu.com\/fr\/wp-json\/wp\/v2\/product_brand?post=8043"},{"taxonomy":"product_cat","embeddable":true,"href":"https:\/\/www.cnxiangfu.com\/fr\/wp-json\/wp\/v2\/product_cat?post=8043"},{"taxonomy":"product_tag","embeddable":true,"href":"https:\/\/www.cnxiangfu.com\/fr\/wp-json\/wp\/v2\/product_tag?post=8043"}],"curies":[{"name":"wp","href":"https:\/\/api.w.org\/{rel}","templated":true}]}}