{"id":8244,"date":"2025-12-01T14:59:12","date_gmt":"2025-12-01T06:59:12","guid":{"rendered":"https:\/\/www.cnxiangfu.com\/product\/sacs-de-cosmetiques-pour-femmes-trousse-de-cosmetiques-seersucker-trousse-de-maquillage-rayee-pour-articles-de-toilette-de-voyage-grande-pochette-organisatrice-esthetique-pour-femmes-sacs-a-main-p-2\/"},"modified":"2025-12-01T14:59:12","modified_gmt":"2025-12-01T06:59:12","slug":"sacs-de-cosmetiques-pour-femmes-trousse-de-cosmetiques-seersucker-trousse-de-maquillage-rayee-pour-articles-de-toilette-de-voyage-grande-pochette-organisatrice-esthetique-pour-femmes-sacs-a-main-p-2","status":"publish","type":"product","link":"https:\/\/www.cnxiangfu.com\/fr\/produit\/sacs-de-cosmetiques-pour-femmes-trousse-de-cosmetiques-seersucker-trousse-de-maquillage-rayee-pour-articles-de-toilette-de-voyage-grande-pochette-organisatrice-esthetique-pour-femmes-sacs-a-main-p-2\/","title":{"rendered":"Sacs de cosm\u00e9tiques pour femmes, trousse de cosm\u00e9tiques Seersucker, trousse de maquillage ray\u00e9e pour articles de toilette de voyage, grande pochette organisatrice esth\u00e9tique pour femmes, sacs \u00e0 main pour filles, sacs \u00e0 main, marron"},"content":{"rendered":"<p>Nom du produit : Sac<br \/>\nen toile Taille du produit : Largeur 15 x Hauteur 13 x Largeur des c\u00f4t\u00e9s 5 (Unit\u00e9 : Pouces)<br \/>\n Sac Tissu : Toile<br \/>\nPoign\u00e9e : Sangle en coton \u00e9pais, avec une grande capacit\u00e9<br \/>\nde charge Utilisation : Voyages, Shopping, Usage quotidien<\/p>\n","protected":false},"excerpt":{"rendered":"<p>Nom du produit : Sac en toile Taille du produit : Largeur 15 x Hauteur 13 x Largeur des c\u00f4t\u00e9s 5 (Unit\u00e9 : Pouces) Sac Tissu : Toile Poign\u00e9e : Sangle en coton \u00e9pais, avec une grande capacit\u00e9 de charge Utilisation : Voyages, Shopping, Usage quotidien<\/p>\n","protected":false},"featured_media":7548,"comment_status":"closed","ping_status":"closed","template":"","meta":{"_acf_changed":false},"product_brand":[],"product_cat":[473],"product_tag":[],"class_list":{"0":"post-8244","1":"product","2":"type-product","3":"status-publish","4":"has-post-thumbnail","6":"product_cat-uncategorized","8":"first","9":"onbackorder","10":"shipping-taxable","11":"purchasable","12":"product-type-simple"},"acf":[],"_links":{"self":[{"href":"https:\/\/www.cnxiangfu.com\/fr\/wp-json\/wp\/v2\/product\/8244","targetHints":{"allow":["GET"]}}],"collection":[{"href":"https:\/\/www.cnxiangfu.com\/fr\/wp-json\/wp\/v2\/product"}],"about":[{"href":"https:\/\/www.cnxiangfu.com\/fr\/wp-json\/wp\/v2\/types\/product"}],"replies":[{"embeddable":true,"href":"https:\/\/www.cnxiangfu.com\/fr\/wp-json\/wp\/v2\/comments?post=8244"}],"version-history":[{"count":0,"href":"https:\/\/www.cnxiangfu.com\/fr\/wp-json\/wp\/v2\/product\/8244\/revisions"}],"wp:featuredmedia":[{"embeddable":true,"href":"https:\/\/www.cnxiangfu.com\/fr\/wp-json\/wp\/v2\/media\/7548"}],"wp:attachment":[{"href":"https:\/\/www.cnxiangfu.com\/fr\/wp-json\/wp\/v2\/media?parent=8244"}],"wp:term":[{"taxonomy":"product_brand","embeddable":true,"href":"https:\/\/www.cnxiangfu.com\/fr\/wp-json\/wp\/v2\/product_brand?post=8244"},{"taxonomy":"product_cat","embeddable":true,"href":"https:\/\/www.cnxiangfu.com\/fr\/wp-json\/wp\/v2\/product_cat?post=8244"},{"taxonomy":"product_tag","embeddable":true,"href":"https:\/\/www.cnxiangfu.com\/fr\/wp-json\/wp\/v2\/product_tag?post=8244"}],"curies":[{"name":"wp","href":"https:\/\/api.w.org\/{rel}","templated":true}]}}