{"id":8296,"date":"2025-12-01T17:01:04","date_gmt":"2025-12-01T09:01:04","guid":{"rendered":"https:\/\/www.cnxiangfu.com\/?post_type=product&#038;p=8296"},"modified":"2025-12-02T08:55:27","modified_gmt":"2025-12-02T00:55:27","slug":"sac-fourre-tout-en-toile-dun-seul-pack-avec-poche-exterieure-sac-de-courses-reutilisable-fermeture-eclair-superieure-essentiels-quotidiens-noir-%e5%a4%8d%e5%88%b6","status":"publish","type":"product","link":"https:\/\/www.cnxiangfu.com\/fr\/produit\/sac-fourre-tout-en-toile-dun-seul-pack-avec-poche-exterieure-sac-de-courses-reutilisable-fermeture-eclair-superieure-essentiels-quotidiens-noir-%e5%a4%8d%e5%88%b6\/","title":{"rendered":"Cadeaux sacs fourre-tout en toile pour femmes, sacs fourre-tout en toile, sac de courses r\u00e9utilisables"},"content":{"rendered":"\t\t<div data-elementor-type=\"product-post\" data-elementor-id=\"8296\" class=\"elementor elementor-8296 elementor-8294\" data-elementor-post-type=\"product\">\n\t\t\t\t<div class=\"elementor-element elementor-element-31f5d34 e-flex e-con-boxed e-con e-parent\" data-id=\"31f5d34\" data-element_type=\"container\" data-e-type=\"container\">\n\t\t\t\t\t<div class=\"e-con-inner\">\n\t\t\t\t<div class=\"elementor-element elementor-element-c55fcd3 elementor-widget elementor-widget-image\" data-id=\"c55fcd3\" data-element_type=\"widget\" data-e-type=\"widget\" data-widget_type=\"image.default\">\n\t\t\t\t\t\t\t\t\t\t\t\t\t\t\t<img fetchpriority=\"high\" decoding=\"async\" width=\"1500\" height=\"1500\" src=\"https:\/\/www.cnxiangfu.com\/wp-content\/uploads\/2025\/11\/6_91agwMUoZpL._AC_SL1500_.jpg\" class=\"attachment-full size-full wp-image-7755\" alt=\"\" srcset=\"https:\/\/www.cnxiangfu.com\/wp-content\/uploads\/2025\/11\/6_91agwMUoZpL._AC_SL1500_.jpg 1500w, https:\/\/www.cnxiangfu.com\/wp-content\/uploads\/2025\/11\/6_91agwMUoZpL._AC_SL1500_-300x300.jpg 300w, https:\/\/www.cnxiangfu.com\/wp-content\/uploads\/2025\/11\/6_91agwMUoZpL._AC_SL1500_-1024x1024.jpg 1024w, https:\/\/www.cnxiangfu.com\/wp-content\/uploads\/2025\/11\/6_91agwMUoZpL._AC_SL1500_-150x150.jpg 150w, https:\/\/www.cnxiangfu.com\/wp-content\/uploads\/2025\/11\/6_91agwMUoZpL._AC_SL1500_-768x768.jpg 768w, https:\/\/www.cnxiangfu.com\/wp-content\/uploads\/2025\/11\/6_91agwMUoZpL._AC_SL1500_-650x650.jpg 650w, https:\/\/www.cnxiangfu.com\/wp-content\/uploads\/2025\/11\/6_91agwMUoZpL._AC_SL1500_-1300x1300.jpg 1300w, https:\/\/www.cnxiangfu.com\/wp-content\/uploads\/2025\/11\/6_91agwMUoZpL._AC_SL1500_-600x600.jpg 600w, https:\/\/www.cnxiangfu.com\/wp-content\/uploads\/2025\/11\/6_91agwMUoZpL._AC_SL1500_-100x100.jpg 100w\" sizes=\"(max-width: 1500px) 100vw, 1500px\" title=\"\">\t\t\t\t\t\t\t\t\t\t\t\t\t\t\t<\/div>\n\t\t\t\t<div class=\"elementor-element elementor-element-7f7039a elementor-widget elementor-widget-image\" data-id=\"7f7039a\" data-element_type=\"widget\" data-e-type=\"widget\" data-widget_type=\"image.default\">\n\t\t\t\t\t\t\t\t\t\t\t\t\t\t\t<img decoding=\"async\" width=\"1023\" height=\"1500\" src=\"https:\/\/www.cnxiangfu.com\/wp-content\/uploads\/2025\/11\/7_61tWpHO81XL._AC_SL1500_.jpg\" class=\"attachment-full size-full wp-image-7756\" alt=\"\" srcset=\"https:\/\/www.cnxiangfu.com\/wp-content\/uploads\/2025\/11\/7_61tWpHO81XL._AC_SL1500_.jpg 1023w, https:\/\/www.cnxiangfu.com\/wp-content\/uploads\/2025\/11\/7_61tWpHO81XL._AC_SL1500_-205x300.jpg 205w, https:\/\/www.cnxiangfu.com\/wp-content\/uploads\/2025\/11\/7_61tWpHO81XL._AC_SL1500_-698x1024.jpg 698w, https:\/\/www.cnxiangfu.com\/wp-content\/uploads\/2025\/11\/7_61tWpHO81XL._AC_SL1500_-768x1126.jpg 768w, https:\/\/www.cnxiangfu.com\/wp-content\/uploads\/2025\/11\/7_61tWpHO81XL._AC_SL1500_-600x880.jpg 600w\" sizes=\"(max-width: 1023px) 100vw, 1023px\" title=\"\">\t\t\t\t\t\t\t\t\t\t\t\t\t\t\t<\/div>\n\t\t\t\t<div class=\"elementor-element elementor-element-68495ec elementor-widget elementor-widget-image\" data-id=\"68495ec\" data-element_type=\"widget\" data-e-type=\"widget\" data-widget_type=\"image.default\">\n\t\t\t\t\t\t\t\t\t\t\t\t\t\t\t<img decoding=\"async\" width=\"1500\" height=\"1500\" src=\"https:\/\/www.cnxiangfu.com\/wp-content\/uploads\/2025\/11\/5_81X7g3hrnzL._AC_SL1500_.jpg\" class=\"attachment-full size-full wp-image-7754\" alt=\"\" srcset=\"https:\/\/www.cnxiangfu.com\/wp-content\/uploads\/2025\/11\/5_81X7g3hrnzL._AC_SL1500_.jpg 1500w, https:\/\/www.cnxiangfu.com\/wp-content\/uploads\/2025\/11\/5_81X7g3hrnzL._AC_SL1500_-300x300.jpg 300w, https:\/\/www.cnxiangfu.com\/wp-content\/uploads\/2025\/11\/5_81X7g3hrnzL._AC_SL1500_-1024x1024.jpg 1024w, https:\/\/www.cnxiangfu.com\/wp-content\/uploads\/2025\/11\/5_81X7g3hrnzL._AC_SL1500_-150x150.jpg 150w, https:\/\/www.cnxiangfu.com\/wp-content\/uploads\/2025\/11\/5_81X7g3hrnzL._AC_SL1500_-768x768.jpg 768w, https:\/\/www.cnxiangfu.com\/wp-content\/uploads\/2025\/11\/5_81X7g3hrnzL._AC_SL1500_-650x650.jpg 650w, https:\/\/www.cnxiangfu.com\/wp-content\/uploads\/2025\/11\/5_81X7g3hrnzL._AC_SL1500_-1300x1300.jpg 1300w, https:\/\/www.cnxiangfu.com\/wp-content\/uploads\/2025\/11\/5_81X7g3hrnzL._AC_SL1500_-600x600.jpg 600w, https:\/\/www.cnxiangfu.com\/wp-content\/uploads\/2025\/11\/5_81X7g3hrnzL._AC_SL1500_-100x100.jpg 100w\" sizes=\"(max-width: 1500px) 100vw, 1500px\" title=\"\">\t\t\t\t\t\t\t\t\t\t\t\t\t\t\t<\/div>\n\t\t\t\t\t<\/div>\n\t\t\t\t<\/div>\n\t\t\t\t<\/div>\n\t\t","protected":false},"excerpt":{"rendered":"<p>Nom du produit : Sac en toile Taille du produit : Largeur 35x Hauteur 45 (Unit\u00e9 : Pouces)<\/p>\n<p> Tissu du sac : Toile<\/p>\n<p>Poign\u00e9e : Sangle en coton \u00e9pais, avec une grande capacit\u00e9<\/p>\n<p>de charge Utilisation : Voyage, shopping, usage quotidien<\/p>\n","protected":false},"featured_media":6077,"comment_status":"open","ping_status":"closed","template":"","meta":{"_acf_changed":false},"product_brand":[],"product_cat":[97],"product_tag":[329,325,326,327,330,328],"class_list":{"0":"post-8296","1":"product","2":"type-product","3":"status-publish","4":"has-post-thumbnail","6":"product_cat-sacs-en-toile-personnalises","7":"product_tag-fabricant-de-sacs-fourre-tout-en-toile","8":"product_tag-sac-en-toile","9":"product_tag-sac-fourre-tout-en-toile","10":"product_tag-sacs-en-toile-en-gros","11":"product_tag-usine-de-sacs-en-toile","12":"product_tag-usine-de-sacs-en-toile-de-chine","14":"first","15":"onbackorder","16":"shipping-taxable","17":"purchasable","18":"product-type-simple"},"acf":[],"_links":{"self":[{"href":"https:\/\/www.cnxiangfu.com\/fr\/wp-json\/wp\/v2\/product\/8296","targetHints":{"allow":["GET"]}}],"collection":[{"href":"https:\/\/www.cnxiangfu.com\/fr\/wp-json\/wp\/v2\/product"}],"about":[{"href":"https:\/\/www.cnxiangfu.com\/fr\/wp-json\/wp\/v2\/types\/product"}],"replies":[{"embeddable":true,"href":"https:\/\/www.cnxiangfu.com\/fr\/wp-json\/wp\/v2\/comments?post=8296"}],"version-history":[{"count":3,"href":"https:\/\/www.cnxiangfu.com\/fr\/wp-json\/wp\/v2\/product\/8296\/revisions"}],"predecessor-version":[{"id":8555,"href":"https:\/\/www.cnxiangfu.com\/fr\/wp-json\/wp\/v2\/product\/8296\/revisions\/8555"}],"wp:featuredmedia":[{"embeddable":true,"href":"https:\/\/www.cnxiangfu.com\/fr\/wp-json\/wp\/v2\/media\/6077"}],"wp:attachment":[{"href":"https:\/\/www.cnxiangfu.com\/fr\/wp-json\/wp\/v2\/media?parent=8296"}],"wp:term":[{"taxonomy":"product_brand","embeddable":true,"href":"https:\/\/www.cnxiangfu.com\/fr\/wp-json\/wp\/v2\/product_brand?post=8296"},{"taxonomy":"product_cat","embeddable":true,"href":"https:\/\/www.cnxiangfu.com\/fr\/wp-json\/wp\/v2\/product_cat?post=8296"},{"taxonomy":"product_tag","embeddable":true,"href":"https:\/\/www.cnxiangfu.com\/fr\/wp-json\/wp\/v2\/product_tag?post=8296"}],"curies":[{"name":"wp","href":"https:\/\/api.w.org\/{rel}","templated":true}]}}