{"id":8329,"date":"2025-12-01T17:19:03","date_gmt":"2025-12-01T09:19:03","guid":{"rendered":"https:\/\/www.cnxiangfu.com\/?post_type=product&#038;p=8329"},"modified":"2025-12-02T08:53:51","modified_gmt":"2025-12-02T00:53:51","slug":"sac-fourre-tout-en-toile-dun-seul-pack-avec-poche-exterieure-sac-de-courses-reutilisable-fermeture-eclair-superieure-essentiels-quotidiens-noir-%e5%a4%8d%e5%88%b6-%e5%a4%8d%e5%88%b6","status":"publish","type":"product","link":"https:\/\/www.cnxiangfu.com\/fr\/produit\/sac-fourre-tout-en-toile-dun-seul-pack-avec-poche-exterieure-sac-de-courses-reutilisable-fermeture-eclair-superieure-essentiels-quotidiens-noir-%e5%a4%8d%e5%88%b6-%e5%a4%8d%e5%88%b6\/","title":{"rendered":"Sac tote en vente chaude pour femmes, sac tote mignon pour le travail ou le prof, sac de plage en toile, sac \u00e0 livres avec poche"},"content":{"rendered":"\t\t<div data-elementor-type=\"product-post\" data-elementor-id=\"8329\" class=\"elementor elementor-8329 elementor-8327\" data-elementor-post-type=\"product\">\n\t\t\t\t<div class=\"elementor-element elementor-element-31f5d34 e-flex e-con-boxed e-con e-parent\" data-id=\"31f5d34\" data-element_type=\"container\" data-e-type=\"container\">\n\t\t\t\t\t<div class=\"e-con-inner\">\n\t\t\t\t<div class=\"elementor-element elementor-element-c55fcd3 elementor-widget elementor-widget-image\" data-id=\"c55fcd3\" data-element_type=\"widget\" data-e-type=\"widget\" data-widget_type=\"image.default\">\n\t\t\t\t\t\t\t\t\t\t\t\t\t\t\t<img fetchpriority=\"high\" decoding=\"async\" width=\"1338\" height=\"1453\" src=\"https:\/\/www.cnxiangfu.com\/wp-content\/uploads\/2025\/12\/6_81ufy2zOLDL._AC_SL1500_.jpg\" class=\"attachment-full size-full wp-image-8456\" alt=\"\" srcset=\"https:\/\/www.cnxiangfu.com\/wp-content\/uploads\/2025\/12\/6_81ufy2zOLDL._AC_SL1500_.jpg 1338w, https:\/\/www.cnxiangfu.com\/wp-content\/uploads\/2025\/12\/6_81ufy2zOLDL._AC_SL1500_-276x300.jpg 276w, https:\/\/www.cnxiangfu.com\/wp-content\/uploads\/2025\/12\/6_81ufy2zOLDL._AC_SL1500_-943x1024.jpg 943w, https:\/\/www.cnxiangfu.com\/wp-content\/uploads\/2025\/12\/6_81ufy2zOLDL._AC_SL1500_-768x834.jpg 768w, https:\/\/www.cnxiangfu.com\/wp-content\/uploads\/2025\/12\/6_81ufy2zOLDL._AC_SL1500_-600x652.jpg 600w\" sizes=\"(max-width: 1338px) 100vw, 1338px\" title=\"\">\t\t\t\t\t\t\t\t\t\t\t\t\t\t\t<\/div>\n\t\t\t\t<div class=\"elementor-element elementor-element-7f7039a elementor-widget elementor-widget-image\" data-id=\"7f7039a\" data-element_type=\"widget\" data-e-type=\"widget\" data-widget_type=\"image.default\">\n\t\t\t\t\t\t\t\t\t\t\t\t\t\t\t<img decoding=\"async\" width=\"1172\" height=\"1116\" src=\"https:\/\/www.cnxiangfu.com\/wp-content\/uploads\/2025\/12\/7_71Laz828L0L._AC_SL1400_.jpg\" class=\"attachment-full size-full wp-image-8457\" alt=\"\" srcset=\"https:\/\/www.cnxiangfu.com\/wp-content\/uploads\/2025\/12\/7_71Laz828L0L._AC_SL1400_.jpg 1172w, https:\/\/www.cnxiangfu.com\/wp-content\/uploads\/2025\/12\/7_71Laz828L0L._AC_SL1400_-300x286.jpg 300w, https:\/\/www.cnxiangfu.com\/wp-content\/uploads\/2025\/12\/7_71Laz828L0L._AC_SL1400_-1024x975.jpg 1024w, https:\/\/www.cnxiangfu.com\/wp-content\/uploads\/2025\/12\/7_71Laz828L0L._AC_SL1400_-768x731.jpg 768w, https:\/\/www.cnxiangfu.com\/wp-content\/uploads\/2025\/12\/7_71Laz828L0L._AC_SL1400_-600x571.jpg 600w\" sizes=\"(max-width: 1172px) 100vw, 1172px\" title=\"\">\t\t\t\t\t\t\t\t\t\t\t\t\t\t\t<\/div>\n\t\t\t\t<div class=\"elementor-element elementor-element-68495ec elementor-widget elementor-widget-image\" data-id=\"68495ec\" data-element_type=\"widget\" data-e-type=\"widget\" data-widget_type=\"image.default\">\n\t\t\t\t\t\t\t\t\t\t\t\t\t\t\t<img decoding=\"async\" width=\"1500\" height=\"1200\" src=\"https:\/\/www.cnxiangfu.com\/wp-content\/uploads\/2025\/12\/8_81TNVt1E-iL._AC_SL1500_.jpg\" class=\"attachment-full size-full wp-image-8458\" alt=\"\" srcset=\"https:\/\/www.cnxiangfu.com\/wp-content\/uploads\/2025\/12\/8_81TNVt1E-iL._AC_SL1500_.jpg 1500w, https:\/\/www.cnxiangfu.com\/wp-content\/uploads\/2025\/12\/8_81TNVt1E-iL._AC_SL1500_-300x240.jpg 300w, https:\/\/www.cnxiangfu.com\/wp-content\/uploads\/2025\/12\/8_81TNVt1E-iL._AC_SL1500_-1024x819.jpg 1024w, https:\/\/www.cnxiangfu.com\/wp-content\/uploads\/2025\/12\/8_81TNVt1E-iL._AC_SL1500_-768x614.jpg 768w, https:\/\/www.cnxiangfu.com\/wp-content\/uploads\/2025\/12\/8_81TNVt1E-iL._AC_SL1500_-600x480.jpg 600w\" sizes=\"(max-width: 1500px) 100vw, 1500px\" title=\"\">\t\t\t\t\t\t\t\t\t\t\t\t\t\t\t<\/div>\n\t\t\t\t<div class=\"elementor-element elementor-element-af9e745 elementor-widget elementor-widget-image\" data-id=\"af9e745\" data-element_type=\"widget\" data-e-type=\"widget\" data-widget_type=\"image.default\">\n\t\t\t\t\t\t\t\t\t\t\t\t\t\t\t<img loading=\"lazy\" decoding=\"async\" width=\"1361\" height=\"1500\" src=\"https:\/\/www.cnxiangfu.com\/wp-content\/uploads\/2025\/12\/10_818tDthfjNL._AC_SL1500_.jpg\" class=\"attachment-full size-full wp-image-8460\" alt=\"\" srcset=\"https:\/\/www.cnxiangfu.com\/wp-content\/uploads\/2025\/12\/10_818tDthfjNL._AC_SL1500_.jpg 1361w, https:\/\/www.cnxiangfu.com\/wp-content\/uploads\/2025\/12\/10_818tDthfjNL._AC_SL1500_-272x300.jpg 272w, https:\/\/www.cnxiangfu.com\/wp-content\/uploads\/2025\/12\/10_818tDthfjNL._AC_SL1500_-929x1024.jpg 929w, https:\/\/www.cnxiangfu.com\/wp-content\/uploads\/2025\/12\/10_818tDthfjNL._AC_SL1500_-768x846.jpg 768w, https:\/\/www.cnxiangfu.com\/wp-content\/uploads\/2025\/12\/10_818tDthfjNL._AC_SL1500_-600x661.jpg 600w\" sizes=\"(max-width: 1361px) 100vw, 1361px\" title=\"\">\t\t\t\t\t\t\t\t\t\t\t\t\t\t\t<\/div>\n\t\t\t\t<div class=\"elementor-element elementor-element-baa36b5 elementor-widget elementor-widget-image\" data-id=\"baa36b5\" data-element_type=\"widget\" data-e-type=\"widget\" data-widget_type=\"image.default\">\n\t\t\t\t\t\t\t\t\t\t\t\t\t\t\t<img loading=\"lazy\" decoding=\"async\" width=\"1252\" height=\"1500\" src=\"https:\/\/www.cnxiangfu.com\/wp-content\/uploads\/2025\/12\/9_81I9XcX7liL._AC_SL1500_.jpg\" class=\"attachment-full size-full wp-image-8459\" alt=\"\" srcset=\"https:\/\/www.cnxiangfu.com\/wp-content\/uploads\/2025\/12\/9_81I9XcX7liL._AC_SL1500_.jpg 1252w, https:\/\/www.cnxiangfu.com\/wp-content\/uploads\/2025\/12\/9_81I9XcX7liL._AC_SL1500_-250x300.jpg 250w, https:\/\/www.cnxiangfu.com\/wp-content\/uploads\/2025\/12\/9_81I9XcX7liL._AC_SL1500_-855x1024.jpg 855w, https:\/\/www.cnxiangfu.com\/wp-content\/uploads\/2025\/12\/9_81I9XcX7liL._AC_SL1500_-768x920.jpg 768w, https:\/\/www.cnxiangfu.com\/wp-content\/uploads\/2025\/12\/9_81I9XcX7liL._AC_SL1500_-600x719.jpg 600w\" sizes=\"(max-width: 1252px) 100vw, 1252px\" title=\"\">\t\t\t\t\t\t\t\t\t\t\t\t\t\t\t<\/div>\n\t\t\t\t\t<\/div>\n\t\t\t\t<\/div>\n\t\t\t\t<\/div>\n\t\t","protected":false},"excerpt":{"rendered":"<p>Nom du produit : Sac non tiss\u00e9 Taille du produit : Largeur 35x Hauteur 35 (Unit\u00e9 : Pouces)<\/p>\n<p> Tissu du sac : Non tiss\u00e9<\/p>\n<p>Poign\u00e9e : Sangle non tiss\u00e9e, avec une grande capacit\u00e9<\/p>\n<p>portante Utilisation : Voyage, Shopping, Usage quotidien<\/p>\n","protected":false},"featured_media":6077,"comment_status":"open","ping_status":"closed","template":"","meta":{"_acf_changed":false},"product_brand":[],"product_cat":[114],"product_tag":[329,325,326,327,330,328],"class_list":{"0":"post-8329","1":"product","2":"type-product","3":"status-publish","4":"has-post-thumbnail","6":"product_cat-sac-non-tisse-personnalise","7":"product_tag-fabricant-de-sacs-fourre-tout-en-toile","8":"product_tag-sac-en-toile","9":"product_tag-sac-fourre-tout-en-toile","10":"product_tag-sacs-en-toile-en-gros","11":"product_tag-usine-de-sacs-en-toile","12":"product_tag-usine-de-sacs-en-toile-de-chine","14":"first","15":"onbackorder","16":"shipping-taxable","17":"purchasable","18":"product-type-simple"},"acf":[],"_links":{"self":[{"href":"https:\/\/www.cnxiangfu.com\/fr\/wp-json\/wp\/v2\/product\/8329","targetHints":{"allow":["GET"]}}],"collection":[{"href":"https:\/\/www.cnxiangfu.com\/fr\/wp-json\/wp\/v2\/product"}],"about":[{"href":"https:\/\/www.cnxiangfu.com\/fr\/wp-json\/wp\/v2\/types\/product"}],"replies":[{"embeddable":true,"href":"https:\/\/www.cnxiangfu.com\/fr\/wp-json\/wp\/v2\/comments?post=8329"}],"version-history":[{"count":3,"href":"https:\/\/www.cnxiangfu.com\/fr\/wp-json\/wp\/v2\/product\/8329\/revisions"}],"predecessor-version":[{"id":8462,"href":"https:\/\/www.cnxiangfu.com\/fr\/wp-json\/wp\/v2\/product\/8329\/revisions\/8462"}],"wp:featuredmedia":[{"embeddable":true,"href":"https:\/\/www.cnxiangfu.com\/fr\/wp-json\/wp\/v2\/media\/6077"}],"wp:attachment":[{"href":"https:\/\/www.cnxiangfu.com\/fr\/wp-json\/wp\/v2\/media?parent=8329"}],"wp:term":[{"taxonomy":"product_brand","embeddable":true,"href":"https:\/\/www.cnxiangfu.com\/fr\/wp-json\/wp\/v2\/product_brand?post=8329"},{"taxonomy":"product_cat","embeddable":true,"href":"https:\/\/www.cnxiangfu.com\/fr\/wp-json\/wp\/v2\/product_cat?post=8329"},{"taxonomy":"product_tag","embeddable":true,"href":"https:\/\/www.cnxiangfu.com\/fr\/wp-json\/wp\/v2\/product_tag?post=8329"}],"curies":[{"name":"wp","href":"https:\/\/api.w.org\/{rel}","templated":true}]}}