{"id":8408,"date":"2025-12-02T08:53:15","date_gmt":"2025-12-02T00:53:15","guid":{"rendered":"https:\/\/www.cnxiangfu.com\/product\/sacs-fourre-tout-en-toile-de-jute-saintrygo-de-12-pieces-avec-poignee-sacs-cadeaux-vierges-reutilisables-pour-les-demoiselles-dhonneur-pour-faire-du-shopping-et-du-bricolage-mariage-12x12x7\/"},"modified":"2025-12-02T08:55:41","modified_gmt":"2025-12-02T00:55:41","slug":"sacs-fourre-tout-en-toile-de-jute-saintrygo-de-12-pieces-avec-poignee-sacs-cadeaux-vierges-reutilisables-pour-les-demoiselles-dhonneur-pour-faire-du-shopping-et-du-bricolage-mariage-12x12x7","status":"publish","type":"product","link":"https:\/\/www.cnxiangfu.com\/fr\/produit\/sacs-fourre-tout-en-toile-de-jute-saintrygo-de-12-pieces-avec-poignee-sacs-cadeaux-vierges-reutilisables-pour-les-demoiselles-dhonneur-pour-faire-du-shopping-et-du-bricolage-mariage-12x12x7\/","title":{"rendered":"Sacs fourre-tout en toile de jute Saintrygo de 12 pi\u00e8ces avec poign\u00e9e Sacs cadeaux vierges r\u00e9utilisables pour les demoiselles d\u2019honneur pour faire du shopping et du bricolage mariage, 12x12x7,7 pouces (jute)"},"content":{"rendered":"\t\t<div data-elementor-type=\"product-post\" data-elementor-id=\"8408\" class=\"elementor elementor-8408 elementor-8389\" data-elementor-post-type=\"product\">\n\t\t\t\t<div class=\"elementor-element elementor-element-cc58b10 e-flex e-con-boxed e-con e-parent\" data-id=\"cc58b10\" data-element_type=\"container\" data-e-type=\"container\">\n\t\t\t\t\t<div class=\"e-con-inner\">\n\t\t\t\t<div class=\"elementor-element elementor-element-fa8a3c8 elementor-widget elementor-widget-image\" data-id=\"fa8a3c8\" data-element_type=\"widget\" data-e-type=\"widget\" data-widget_type=\"image.default\">\n\t\t\t\t\t\t\t\t\t\t\t\t\t\t\t<img fetchpriority=\"high\" decoding=\"async\" width=\"800\" height=\"800\" src=\"https:\/\/www.cnxiangfu.com\/wp-content\/uploads\/2025\/12\/2_91wBzP8vORL._AC_SL1500_-1024x1024.jpg\" class=\"attachment-large size-large wp-image-8575\" alt=\"\" srcset=\"https:\/\/www.cnxiangfu.com\/wp-content\/uploads\/2025\/12\/2_91wBzP8vORL._AC_SL1500_-1024x1024.jpg 1024w, https:\/\/www.cnxiangfu.com\/wp-content\/uploads\/2025\/12\/2_91wBzP8vORL._AC_SL1500_-300x300.jpg 300w, https:\/\/www.cnxiangfu.com\/wp-content\/uploads\/2025\/12\/2_91wBzP8vORL._AC_SL1500_-150x150.jpg 150w, https:\/\/www.cnxiangfu.com\/wp-content\/uploads\/2025\/12\/2_91wBzP8vORL._AC_SL1500_-768x768.jpg 768w, https:\/\/www.cnxiangfu.com\/wp-content\/uploads\/2025\/12\/2_91wBzP8vORL._AC_SL1500_-650x650.jpg 650w, https:\/\/www.cnxiangfu.com\/wp-content\/uploads\/2025\/12\/2_91wBzP8vORL._AC_SL1500_-1300x1300.jpg 1300w, https:\/\/www.cnxiangfu.com\/wp-content\/uploads\/2025\/12\/2_91wBzP8vORL._AC_SL1500_-600x600.jpg 600w, https:\/\/www.cnxiangfu.com\/wp-content\/uploads\/2025\/12\/2_91wBzP8vORL._AC_SL1500_-100x100.jpg 100w, https:\/\/www.cnxiangfu.com\/wp-content\/uploads\/2025\/12\/2_91wBzP8vORL._AC_SL1500_.jpg 1500w\" sizes=\"(max-width: 800px) 100vw, 800px\" title=\"\">\t\t\t\t\t\t\t\t\t\t\t\t\t\t\t<\/div>\n\t\t\t\t\t<\/div>\n\t\t\t\t<\/div>\n\t\t<div class=\"elementor-element elementor-element-b75de77 e-flex e-con-boxed e-con e-parent\" data-id=\"b75de77\" data-element_type=\"container\" data-e-type=\"container\">\n\t\t\t\t\t<div class=\"e-con-inner\">\n\t\t\t\t<div class=\"elementor-element elementor-element-dec8261 elementor-widget elementor-widget-image\" data-id=\"dec8261\" data-element_type=\"widget\" data-e-type=\"widget\" data-widget_type=\"image.default\">\n\t\t\t\t\t\t\t\t\t\t\t\t\t\t\t<img decoding=\"async\" width=\"800\" height=\"800\" src=\"https:\/\/www.cnxiangfu.com\/wp-content\/uploads\/2025\/12\/3_91IEcIpDZL._AC_SL1500_-1024x1024.jpg\" class=\"attachment-large size-large wp-image-8576\" alt=\"\" srcset=\"https:\/\/www.cnxiangfu.com\/wp-content\/uploads\/2025\/12\/3_91IEcIpDZL._AC_SL1500_-1024x1024.jpg 1024w, https:\/\/www.cnxiangfu.com\/wp-content\/uploads\/2025\/12\/3_91IEcIpDZL._AC_SL1500_-300x300.jpg 300w, https:\/\/www.cnxiangfu.com\/wp-content\/uploads\/2025\/12\/3_91IEcIpDZL._AC_SL1500_-150x150.jpg 150w, https:\/\/www.cnxiangfu.com\/wp-content\/uploads\/2025\/12\/3_91IEcIpDZL._AC_SL1500_-768x768.jpg 768w, https:\/\/www.cnxiangfu.com\/wp-content\/uploads\/2025\/12\/3_91IEcIpDZL._AC_SL1500_-650x650.jpg 650w, https:\/\/www.cnxiangfu.com\/wp-content\/uploads\/2025\/12\/3_91IEcIpDZL._AC_SL1500_-1300x1300.jpg 1300w, https:\/\/www.cnxiangfu.com\/wp-content\/uploads\/2025\/12\/3_91IEcIpDZL._AC_SL1500_-600x600.jpg 600w, https:\/\/www.cnxiangfu.com\/wp-content\/uploads\/2025\/12\/3_91IEcIpDZL._AC_SL1500_-100x100.jpg 100w, https:\/\/www.cnxiangfu.com\/wp-content\/uploads\/2025\/12\/3_91IEcIpDZL._AC_SL1500_.jpg 1500w\" sizes=\"(max-width: 800px) 100vw, 800px\" title=\"\">\t\t\t\t\t\t\t\t\t\t\t\t\t\t\t<\/div>\n\t\t\t\t\t<\/div>\n\t\t\t\t<\/div>\n\t\t\t\t<\/div>\n\t\t","protected":false},"excerpt":{"rendered":"<p>Nom du produit : sac en jute Mat\u00e9riau : Jute<\/p>\n<p>Taille : 35*40*12 cm<\/p>\n<p>Style : Mode<\/p>\n<p>Province : Zhejiang, Chine<\/p>\n<p>Saison : Quatre saisons<\/p>\n<p> \u00bb Application : Voyage<\/p>\n","protected":false},"featured_media":8409,"comment_status":"closed","ping_status":"closed","template":"","meta":{"_acf_changed":false},"product_brand":[],"product_cat":[475,106],"product_tag":[],"class_list":{"0":"post-8408","1":"product","2":"type-product","3":"status-publish","4":"has-post-thumbnail","6":"product_cat-sac-en-jute","7":"product_cat-sac-en-jute-personnalise","9":"first","10":"onbackorder","11":"shipping-taxable","12":"purchasable","13":"product-type-simple"},"acf":[],"_links":{"self":[{"href":"https:\/\/www.cnxiangfu.com\/fr\/wp-json\/wp\/v2\/product\/8408","targetHints":{"allow":["GET"]}}],"collection":[{"href":"https:\/\/www.cnxiangfu.com\/fr\/wp-json\/wp\/v2\/product"}],"about":[{"href":"https:\/\/www.cnxiangfu.com\/fr\/wp-json\/wp\/v2\/types\/product"}],"replies":[{"embeddable":true,"href":"https:\/\/www.cnxiangfu.com\/fr\/wp-json\/wp\/v2\/comments?post=8408"}],"version-history":[{"count":1,"href":"https:\/\/www.cnxiangfu.com\/fr\/wp-json\/wp\/v2\/product\/8408\/revisions"}],"predecessor-version":[{"id":8577,"href":"https:\/\/www.cnxiangfu.com\/fr\/wp-json\/wp\/v2\/product\/8408\/revisions\/8577"}],"wp:featuredmedia":[{"embeddable":true,"href":"https:\/\/www.cnxiangfu.com\/fr\/wp-json\/wp\/v2\/media\/8409"}],"wp:attachment":[{"href":"https:\/\/www.cnxiangfu.com\/fr\/wp-json\/wp\/v2\/media?parent=8408"}],"wp:term":[{"taxonomy":"product_brand","embeddable":true,"href":"https:\/\/www.cnxiangfu.com\/fr\/wp-json\/wp\/v2\/product_brand?post=8408"},{"taxonomy":"product_cat","embeddable":true,"href":"https:\/\/www.cnxiangfu.com\/fr\/wp-json\/wp\/v2\/product_cat?post=8408"},{"taxonomy":"product_tag","embeddable":true,"href":"https:\/\/www.cnxiangfu.com\/fr\/wp-json\/wp\/v2\/product_tag?post=8408"}],"curies":[{"name":"wp","href":"https:\/\/api.w.org\/{rel}","templated":true}]}}