{"id":8485,"date":"2025-12-01T17:42:20","date_gmt":"2025-12-01T09:42:20","guid":{"rendered":"https:\/\/www.cnxiangfu.com\/product\/sacs-fourre-tout-en-toile-extra-larges-avec-fermeture-eclair-22-pouces-robustes-sac-fourre-tout-premium-zippe-haut-zippe-100-coton-bio-robuste-sac-multiusages-en-toile-lavable\/"},"modified":"2025-12-02T08:54:07","modified_gmt":"2025-12-02T00:54:07","slug":"sacs-fourre-tout-en-toile-extra-larges-avec-fermeture-eclair-22-pouces-robustes-sac-fourre-tout-premium-zippe-haut-zippe-100-coton-bio-robuste-sac-multiusages-en-toile-lavable","status":"publish","type":"product","link":"https:\/\/www.cnxiangfu.com\/fr\/produit\/sacs-fourre-tout-en-toile-extra-larges-avec-fermeture-eclair-22-pouces-robustes-sac-fourre-tout-premium-zippe-haut-zippe-100-coton-bio-robuste-sac-multiusages-en-toile-lavable\/","title":{"rendered":"Sacs fourre-tout en toile extra larges avec fermeture \u00e9clair &#8211; 22 pouces robustes, sac fourre-tout premium zipp\u00e9 &#8211; haut zipp\u00e9, 100 % coton bio, robuste, sac multiusages en toile lavable"},"content":{"rendered":"\t\t<div data-elementor-type=\"product-post\" data-elementor-id=\"8485\" class=\"elementor elementor-8485 elementor-8352\" data-elementor-post-type=\"product\">\n\t\t\t\t<div class=\"elementor-element elementor-element-4a5b415 e-flex e-con-boxed e-con e-parent\" data-id=\"4a5b415\" data-element_type=\"container\" data-e-type=\"container\">\n\t\t\t\t\t<div class=\"e-con-inner\">\n\t\t\t\t\t<\/div>\n\t\t\t\t<\/div>\n\t\t<div class=\"elementor-element elementor-element-1969240 e-flex e-con-boxed e-con e-parent\" data-id=\"1969240\" data-element_type=\"container\" data-e-type=\"container\">\n\t\t\t\t\t<div class=\"e-con-inner\">\n\t\t\t\t<div class=\"elementor-element elementor-element-b738867 elementor-widget elementor-widget-image\" data-id=\"b738867\" data-element_type=\"widget\" data-e-type=\"widget\" data-widget_type=\"image.default\">\n\t\t\t\t\t\t\t\t\t\t\t\t\t\t\t<img fetchpriority=\"high\" decoding=\"async\" width=\"800\" height=\"1015\" src=\"https:\/\/www.cnxiangfu.com\/wp-content\/uploads\/2025\/12\/2_614exXJ7ryL._AC_SL1500_-807x1024.jpg\" class=\"attachment-large size-large wp-image-8488\" alt=\"\" srcset=\"https:\/\/www.cnxiangfu.com\/wp-content\/uploads\/2025\/12\/2_614exXJ7ryL._AC_SL1500_-807x1024.jpg 807w, https:\/\/www.cnxiangfu.com\/wp-content\/uploads\/2025\/12\/2_614exXJ7ryL._AC_SL1500_-237x300.jpg 237w, https:\/\/www.cnxiangfu.com\/wp-content\/uploads\/2025\/12\/2_614exXJ7ryL._AC_SL1500_-768x974.jpg 768w, https:\/\/www.cnxiangfu.com\/wp-content\/uploads\/2025\/12\/2_614exXJ7ryL._AC_SL1500_-600x761.jpg 600w, https:\/\/www.cnxiangfu.com\/wp-content\/uploads\/2025\/12\/2_614exXJ7ryL._AC_SL1500_.jpg 1130w\" sizes=\"(max-width: 800px) 100vw, 800px\" title=\"\">\t\t\t\t\t\t\t\t\t\t\t\t\t\t\t<\/div>\n\t\t\t\t\t<\/div>\n\t\t\t\t<\/div>\n\t\t\t\t<\/div>\n\t\t","protected":false},"excerpt":{"rendered":"<p>Nom du produit : Sac en toile Mat\u00e9riau : toile<\/p>\n<p>Taille : 35*40*12 cm<\/p>\n<p>Style : Mode<\/p>\n<p>Province : Zhejiang, Chine<\/p>\n<p>Saison : Quatre saisons<\/p>\n<p> \u00bb Application : Voyage<\/p>\n","protected":false},"featured_media":8353,"comment_status":"closed","ping_status":"closed","template":"","meta":{"_acf_changed":false},"product_brand":[],"product_cat":[473],"product_tag":[],"class_list":{"0":"post-8485","1":"product","2":"type-product","3":"status-publish","4":"has-post-thumbnail","6":"product_cat-uncategorized","8":"first","9":"instock","10":"shipping-taxable","11":"purchasable","12":"product-type-simple"},"acf":[],"_links":{"self":[{"href":"https:\/\/www.cnxiangfu.com\/fr\/wp-json\/wp\/v2\/product\/8485","targetHints":{"allow":["GET"]}}],"collection":[{"href":"https:\/\/www.cnxiangfu.com\/fr\/wp-json\/wp\/v2\/product"}],"about":[{"href":"https:\/\/www.cnxiangfu.com\/fr\/wp-json\/wp\/v2\/types\/product"}],"replies":[{"embeddable":true,"href":"https:\/\/www.cnxiangfu.com\/fr\/wp-json\/wp\/v2\/comments?post=8485"}],"version-history":[{"count":1,"href":"https:\/\/www.cnxiangfu.com\/fr\/wp-json\/wp\/v2\/product\/8485\/revisions"}],"predecessor-version":[{"id":8489,"href":"https:\/\/www.cnxiangfu.com\/fr\/wp-json\/wp\/v2\/product\/8485\/revisions\/8489"}],"wp:featuredmedia":[{"embeddable":true,"href":"https:\/\/www.cnxiangfu.com\/fr\/wp-json\/wp\/v2\/media\/8353"}],"wp:attachment":[{"href":"https:\/\/www.cnxiangfu.com\/fr\/wp-json\/wp\/v2\/media?parent=8485"}],"wp:term":[{"taxonomy":"product_brand","embeddable":true,"href":"https:\/\/www.cnxiangfu.com\/fr\/wp-json\/wp\/v2\/product_brand?post=8485"},{"taxonomy":"product_cat","embeddable":true,"href":"https:\/\/www.cnxiangfu.com\/fr\/wp-json\/wp\/v2\/product_cat?post=8485"},{"taxonomy":"product_tag","embeddable":true,"href":"https:\/\/www.cnxiangfu.com\/fr\/wp-json\/wp\/v2\/product_tag?post=8485"}],"curies":[{"name":"wp","href":"https:\/\/api.w.org\/{rel}","templated":true}]}}