{"id":8501,"date":"2025-12-01T17:46:37","date_gmt":"2025-12-01T09:46:37","guid":{"rendered":"https:\/\/www.cnxiangfu.com\/product\/sacs-a-straps-en-tissu-satine-personnalises-en-usine-pochettes-de-soins-cosmetiques-en-satin-semblant-a-la-soie-pochettes-anti-poussiere-masques-pour-les-yeux-sacs-de-rangement-pour-sous-vetements\/"},"modified":"2025-12-01T17:46:37","modified_gmt":"2025-12-01T09:46:37","slug":"sacs-a-straps-en-tissu-satine-personnalises-en-usine-pochettes-de-soins-cosmetiques-en-satin-semblant-a-la-soie-pochettes-anti-poussiere-masques-pour-les-yeux-sacs-de-rangement-pour-sous-vetements","status":"publish","type":"product","link":"https:\/\/www.cnxiangfu.com\/fr\/produit\/sacs-a-straps-en-tissu-satine-personnalises-en-usine-pochettes-de-soins-cosmetiques-en-satin-semblant-a-la-soie-pochettes-anti-poussiere-masques-pour-les-yeux-sacs-de-rangement-pour-sous-vetements\/","title":{"rendered":"Sacs \u00e0 straps en tissu satin\u00e9 personnalis\u00e9s en usine, pochettes de soins cosm\u00e9tiques en satin semblant \u00e0 la soie, pochettes anti-poussi\u00e8re, masques pour les yeux, sacs de rangement pour sous-v\u00eatements"},"content":{"rendered":"","protected":false},"excerpt":{"rendered":"<p>Nom du produit : Sac en toile Mat\u00e9riau : toile<\/p>\n<p>Taille : 35*40*12 cm<\/p>\n<p>Style : Mode<\/p>\n<p>Province : Zhejiang, Chine<\/p>\n<p>Saison : Quatre saisons<\/p>\n<p> \u00bb Application : Voyage<\/p>\n","protected":false},"featured_media":8361,"comment_status":"closed","ping_status":"closed","template":"","meta":{"_acf_changed":false},"product_brand":[],"product_cat":[473],"product_tag":[],"class_list":{"0":"post-8501","1":"product","2":"type-product","3":"status-publish","4":"has-post-thumbnail","6":"product_cat-uncategorized","8":"first","9":"instock","10":"shipping-taxable","11":"purchasable","12":"product-type-simple"},"acf":[],"_links":{"self":[{"href":"https:\/\/www.cnxiangfu.com\/fr\/wp-json\/wp\/v2\/product\/8501","targetHints":{"allow":["GET"]}}],"collection":[{"href":"https:\/\/www.cnxiangfu.com\/fr\/wp-json\/wp\/v2\/product"}],"about":[{"href":"https:\/\/www.cnxiangfu.com\/fr\/wp-json\/wp\/v2\/types\/product"}],"replies":[{"embeddable":true,"href":"https:\/\/www.cnxiangfu.com\/fr\/wp-json\/wp\/v2\/comments?post=8501"}],"version-history":[{"count":0,"href":"https:\/\/www.cnxiangfu.com\/fr\/wp-json\/wp\/v2\/product\/8501\/revisions"}],"wp:featuredmedia":[{"embeddable":true,"href":"https:\/\/www.cnxiangfu.com\/fr\/wp-json\/wp\/v2\/media\/8361"}],"wp:attachment":[{"href":"https:\/\/www.cnxiangfu.com\/fr\/wp-json\/wp\/v2\/media?parent=8501"}],"wp:term":[{"taxonomy":"product_brand","embeddable":true,"href":"https:\/\/www.cnxiangfu.com\/fr\/wp-json\/wp\/v2\/product_brand?post=8501"},{"taxonomy":"product_cat","embeddable":true,"href":"https:\/\/www.cnxiangfu.com\/fr\/wp-json\/wp\/v2\/product_cat?post=8501"},{"taxonomy":"product_tag","embeddable":true,"href":"https:\/\/www.cnxiangfu.com\/fr\/wp-json\/wp\/v2\/product_tag?post=8501"}],"curies":[{"name":"wp","href":"https:\/\/api.w.org\/{rel}","templated":true}]}}