{"id":8592,"date":"2025-12-01T17:49:33","date_gmt":"2025-12-01T09:49:33","guid":{"rendered":"https:\/\/www.cnxiangfu.com\/product\/sac-en-velours-en-daim-pour-femmes-2024-nouvel-automne-et-hiver-sac-en-cuir-mat-a-grande-capacite-a-epaule-sac-fourre-tout-haut-de-gamme-texture-pour-les-navettes\/"},"modified":"2025-12-01T17:49:33","modified_gmt":"2025-12-01T09:49:33","slug":"sac-en-velours-en-daim-pour-femmes-2024-nouvel-automne-et-hiver-sac-en-cuir-mat-a-grande-capacite-a-epaule-sac-fourre-tout-haut-de-gamme-texture-pour-les-navettes","status":"publish","type":"product","link":"https:\/\/www.cnxiangfu.com\/fr\/produit\/sac-en-velours-en-daim-pour-femmes-2024-nouvel-automne-et-hiver-sac-en-cuir-mat-a-grande-capacite-a-epaule-sac-fourre-tout-haut-de-gamme-texture-pour-les-navettes\/","title":{"rendered":"Sac en velours en daim pour femmes 2024 nouvel automne et hiver, sac en cuir mat \u00e0 grande capacit\u00e9 \u00e0 \u00e9paule, sac fourre-tout haut de gamme texture pour les navettes,"},"content":{"rendered":"","protected":false},"excerpt":{"rendered":"<p>Nom du produit : Sac en toile Mat\u00e9riau : toile<\/p>\n<p>Taille : 35*40*12 cm<\/p>\n<p>Style : Mode<\/p>\n<p>Province : Zhejiang, Chine<\/p>\n<p>Saison : Quatre saisons<\/p>\n<p> \u00bb Application : Voyage<\/p>\n","protected":false},"featured_media":8367,"comment_status":"closed","ping_status":"closed","template":"","meta":{"_acf_changed":false},"product_brand":[],"product_cat":[473],"product_tag":[],"class_list":{"0":"post-8592","1":"product","2":"type-product","3":"status-publish","4":"has-post-thumbnail","6":"product_cat-uncategorized","8":"first","9":"instock","10":"shipping-taxable","11":"purchasable","12":"product-type-simple"},"acf":[],"_links":{"self":[{"href":"https:\/\/www.cnxiangfu.com\/fr\/wp-json\/wp\/v2\/product\/8592","targetHints":{"allow":["GET"]}}],"collection":[{"href":"https:\/\/www.cnxiangfu.com\/fr\/wp-json\/wp\/v2\/product"}],"about":[{"href":"https:\/\/www.cnxiangfu.com\/fr\/wp-json\/wp\/v2\/types\/product"}],"replies":[{"embeddable":true,"href":"https:\/\/www.cnxiangfu.com\/fr\/wp-json\/wp\/v2\/comments?post=8592"}],"version-history":[{"count":0,"href":"https:\/\/www.cnxiangfu.com\/fr\/wp-json\/wp\/v2\/product\/8592\/revisions"}],"wp:featuredmedia":[{"embeddable":true,"href":"https:\/\/www.cnxiangfu.com\/fr\/wp-json\/wp\/v2\/media\/8367"}],"wp:attachment":[{"href":"https:\/\/www.cnxiangfu.com\/fr\/wp-json\/wp\/v2\/media?parent=8592"}],"wp:term":[{"taxonomy":"product_brand","embeddable":true,"href":"https:\/\/www.cnxiangfu.com\/fr\/wp-json\/wp\/v2\/product_brand?post=8592"},{"taxonomy":"product_cat","embeddable":true,"href":"https:\/\/www.cnxiangfu.com\/fr\/wp-json\/wp\/v2\/product_cat?post=8592"},{"taxonomy":"product_tag","embeddable":true,"href":"https:\/\/www.cnxiangfu.com\/fr\/wp-json\/wp\/v2\/product_tag?post=8592"}],"curies":[{"name":"wp","href":"https:\/\/api.w.org\/{rel}","templated":true}]}}