{"id":8849,"date":"2025-12-02T10:07:37","date_gmt":"2025-12-02T02:07:37","guid":{"rendered":"https:\/\/www.cnxiangfu.com\/?post_type=product&#038;p=8849"},"modified":"2025-12-02T15:50:59","modified_gmt":"2025-12-02T07:50:59","slug":"sac-a-dos-en-filet-naturel-style-sac-de-sport-de-sport-avec-porte-bouteilles-zippe-sac-de-plage-en-ficelle-pour-voyager-en-nage-bleu-%e5%a4%8d%e5%88%b6","status":"publish","type":"product","link":"https:\/\/www.cnxiangfu.com\/fr\/produit\/sac-a-dos-en-filet-naturel-style-sac-de-sport-de-sport-avec-porte-bouteilles-zippe-sac-de-plage-en-ficelle-pour-voyager-en-nage-bleu-%e5%a4%8d%e5%88%b6\/","title":{"rendered":"Ensemble de 12 sacs \u00e0 dos durables en polyester \u00e0 cordon avec poche \u00e0 fermeture \u00e9clair avant 15&nbsp;\u00bb de largeur x 18&nbsp;\u00bb de haut"},"content":{"rendered":"\t\t<div data-elementor-type=\"product-post\" data-elementor-id=\"8849\" class=\"elementor elementor-8849 elementor-8847\" data-elementor-post-type=\"product\">\n\t\t\t\t<div class=\"elementor-element elementor-element-001c724 e-flex e-con-boxed e-con e-parent\" data-id=\"001c724\" data-element_type=\"container\" data-e-type=\"container\">\n\t\t\t\t\t<div class=\"e-con-inner\">\n\t\t\t\t<div class=\"elementor-element elementor-element-b77144a elementor-widget elementor-widget-image\" data-id=\"b77144a\" data-element_type=\"widget\" data-e-type=\"widget\" data-widget_type=\"image.default\">\n\t\t\t\t\t\t\t\t\t\t\t\t\t\t\t<img fetchpriority=\"high\" decoding=\"async\" width=\"800\" height=\"837\" src=\"https:\/\/www.cnxiangfu.com\/wp-content\/uploads\/2025\/12\/4-4-7.jpg\" class=\"attachment-large size-large wp-image-9642\" alt=\"\" srcset=\"https:\/\/www.cnxiangfu.com\/wp-content\/uploads\/2025\/12\/4-4-7.jpg 958w, https:\/\/www.cnxiangfu.com\/wp-content\/uploads\/2025\/12\/4-4-7-287x300.jpg 287w, https:\/\/www.cnxiangfu.com\/wp-content\/uploads\/2025\/12\/4-4-7-768x803.jpg 768w, https:\/\/www.cnxiangfu.com\/wp-content\/uploads\/2025\/12\/4-4-7-600x628.jpg 600w\" sizes=\"(max-width: 800px) 100vw, 800px\" title=\"\">\t\t\t\t\t\t\t\t\t\t\t\t\t\t\t<\/div>\n\t\t\t\t<div class=\"elementor-element elementor-element-cf46212 elementor-widget elementor-widget-image\" data-id=\"cf46212\" data-element_type=\"widget\" data-e-type=\"widget\" data-widget_type=\"image.default\">\n\t\t\t\t\t\t\t\t\t\t\t\t\t\t\t<img decoding=\"async\" width=\"835\" height=\"865\" src=\"https:\/\/www.cnxiangfu.com\/wp-content\/uploads\/2025\/12\/4-5-7.jpg\" class=\"attachment-full size-full wp-image-9643\" alt=\"\" srcset=\"https:\/\/www.cnxiangfu.com\/wp-content\/uploads\/2025\/12\/4-5-7.jpg 835w, https:\/\/www.cnxiangfu.com\/wp-content\/uploads\/2025\/12\/4-5-7-290x300.jpg 290w, https:\/\/www.cnxiangfu.com\/wp-content\/uploads\/2025\/12\/4-5-7-768x796.jpg 768w, https:\/\/www.cnxiangfu.com\/wp-content\/uploads\/2025\/12\/4-5-7-600x622.jpg 600w\" sizes=\"(max-width: 835px) 100vw, 835px\" title=\"\">\t\t\t\t\t\t\t\t\t\t\t\t\t\t\t<\/div>\n\t\t\t\t<div class=\"elementor-element elementor-element-f16fcf2 elementor-widget elementor-widget-image\" data-id=\"f16fcf2\" data-element_type=\"widget\" data-e-type=\"widget\" data-widget_type=\"image.default\">\n\t\t\t\t\t\t\t\t\t\t\t\t\t\t\t<img decoding=\"async\" width=\"765\" height=\"804\" src=\"https:\/\/www.cnxiangfu.com\/wp-content\/uploads\/2025\/12\/4-6-7.jpg\" class=\"attachment-full size-full wp-image-9644\" alt=\"\" srcset=\"https:\/\/www.cnxiangfu.com\/wp-content\/uploads\/2025\/12\/4-6-7.jpg 765w, https:\/\/www.cnxiangfu.com\/wp-content\/uploads\/2025\/12\/4-6-7-285x300.jpg 285w, https:\/\/www.cnxiangfu.com\/wp-content\/uploads\/2025\/12\/4-6-7-600x631.jpg 600w\" sizes=\"(max-width: 765px) 100vw, 765px\" title=\"\">\t\t\t\t\t\t\t\t\t\t\t\t\t\t\t<\/div>\n\t\t\t\t<div class=\"elementor-element elementor-element-f0738b0 elementor-widget elementor-widget-image\" data-id=\"f0738b0\" data-element_type=\"widget\" data-e-type=\"widget\" data-widget_type=\"image.default\">\n\t\t\t\t\t\t\t\t\t\t\t\t\t\t\t<img loading=\"lazy\" decoding=\"async\" width=\"836\" height=\"859\" src=\"https:\/\/www.cnxiangfu.com\/wp-content\/uploads\/2025\/12\/4-7-5.jpg\" class=\"attachment-full size-full wp-image-9645\" alt=\"\" srcset=\"https:\/\/www.cnxiangfu.com\/wp-content\/uploads\/2025\/12\/4-7-5.jpg 836w, https:\/\/www.cnxiangfu.com\/wp-content\/uploads\/2025\/12\/4-7-5-292x300.jpg 292w, https:\/\/www.cnxiangfu.com\/wp-content\/uploads\/2025\/12\/4-7-5-768x789.jpg 768w, https:\/\/www.cnxiangfu.com\/wp-content\/uploads\/2025\/12\/4-7-5-600x617.jpg 600w\" sizes=\"(max-width: 836px) 100vw, 836px\" title=\"\">\t\t\t\t\t\t\t\t\t\t\t\t\t\t\t<\/div>\n\t\t\t\t<div class=\"elementor-element elementor-element-088b230 elementor-widget elementor-widget-image\" data-id=\"088b230\" data-element_type=\"widget\" data-e-type=\"widget\" data-widget_type=\"image.default\">\n\t\t\t\t\t\t\t\t\t\t\t\t\t\t\t<img loading=\"lazy\" decoding=\"async\" width=\"760\" height=\"805\" src=\"https:\/\/www.cnxiangfu.com\/wp-content\/uploads\/2025\/12\/4-8-6.jpg\" class=\"attachment-full size-full wp-image-9646\" alt=\"\" srcset=\"https:\/\/www.cnxiangfu.com\/wp-content\/uploads\/2025\/12\/4-8-6.jpg 760w, https:\/\/www.cnxiangfu.com\/wp-content\/uploads\/2025\/12\/4-8-6-283x300.jpg 283w, https:\/\/www.cnxiangfu.com\/wp-content\/uploads\/2025\/12\/4-8-6-600x636.jpg 600w\" sizes=\"(max-width: 760px) 100vw, 760px\" title=\"\">\t\t\t\t\t\t\t\t\t\t\t\t\t\t\t<\/div>\n\t\t\t\t\t<\/div>\n\t\t\t\t<\/div>\n\t\t\t\t<\/div>\n\t\t","protected":false},"excerpt":{"rendered":"<p>Nom du produit : Sac \u00e0 cordon Mat\u00e9riau : Cordon<\/p>\n<p>, taille : 35*40*12 cm<\/p>\n<p>Style : Mode<\/p>\n<p>Province : Zhejiang, Chine<\/p>\n<p>Saison : Quatre saisons<\/p>\n<p> \u00bb Application : Voyage<\/p>\n","protected":false},"featured_media":8859,"comment_status":"closed","ping_status":"closed","template":"","meta":{"_acf_changed":false},"product_brand":[],"product_cat":[70],"product_tag":[],"class_list":{"0":"post-8849","1":"product","2":"type-product","3":"status-publish","4":"has-post-thumbnail","6":"product_cat-drawstring-bag","8":"first","9":"onbackorder","10":"shipping-taxable","11":"purchasable","12":"product-type-simple"},"acf":[],"_links":{"self":[{"href":"https:\/\/www.cnxiangfu.com\/fr\/wp-json\/wp\/v2\/product\/8849","targetHints":{"allow":["GET"]}}],"collection":[{"href":"https:\/\/www.cnxiangfu.com\/fr\/wp-json\/wp\/v2\/product"}],"about":[{"href":"https:\/\/www.cnxiangfu.com\/fr\/wp-json\/wp\/v2\/types\/product"}],"replies":[{"embeddable":true,"href":"https:\/\/www.cnxiangfu.com\/fr\/wp-json\/wp\/v2\/comments?post=8849"}],"version-history":[{"count":3,"href":"https:\/\/www.cnxiangfu.com\/fr\/wp-json\/wp\/v2\/product\/8849\/revisions"}],"predecessor-version":[{"id":9648,"href":"https:\/\/www.cnxiangfu.com\/fr\/wp-json\/wp\/v2\/product\/8849\/revisions\/9648"}],"wp:featuredmedia":[{"embeddable":true,"href":"https:\/\/www.cnxiangfu.com\/fr\/wp-json\/wp\/v2\/media\/8859"}],"wp:attachment":[{"href":"https:\/\/www.cnxiangfu.com\/fr\/wp-json\/wp\/v2\/media?parent=8849"}],"wp:term":[{"taxonomy":"product_brand","embeddable":true,"href":"https:\/\/www.cnxiangfu.com\/fr\/wp-json\/wp\/v2\/product_brand?post=8849"},{"taxonomy":"product_cat","embeddable":true,"href":"https:\/\/www.cnxiangfu.com\/fr\/wp-json\/wp\/v2\/product_cat?post=8849"},{"taxonomy":"product_tag","embeddable":true,"href":"https:\/\/www.cnxiangfu.com\/fr\/wp-json\/wp\/v2\/product_tag?post=8849"}],"curies":[{"name":"wp","href":"https:\/\/api.w.org\/{rel}","templated":true}]}}