{"id":9129,"date":"2025-12-02T14:12:45","date_gmt":"2025-12-02T06:12:45","guid":{"rendered":"https:\/\/www.cnxiangfu.com\/?post_type=product&#038;p=9129"},"modified":"2025-12-02T15:42:00","modified_gmt":"2025-12-02T07:42:00","slug":"sacs-cadeaux-reutilisables-en-toile-premium-en-toile-fabriques-en-toile-naturelle-avec-poignee-travail-bricolage-shopping-%e5%a4%8d%e5%88%b6-%e5%a4%8d%e5%88%b6-%e5%a4%8d%e5%88%b6-%e5%a4%8d-5","status":"publish","type":"product","link":"https:\/\/www.cnxiangfu.com\/fr\/produit\/sacs-cadeaux-reutilisables-en-toile-premium-en-toile-fabriques-en-toile-naturelle-avec-poignee-travail-bricolage-shopping-%e5%a4%8d%e5%88%b6-%e5%a4%8d%e5%88%b6-%e5%a4%8d%e5%88%b6-%e5%a4%8d-5\/","title":{"rendered":"Saquet de maquillage transparente \u00e0 4 sachets Fermeture \u00e9clair Rangement de voyage Rangement imperm\u00e9able Pochette de transport Organisateurs de sacs zipp\u00e9s pour les voyages, les toilettes, les dortoirs universitaires, les organisateurs de placard, les d\u00e9corations de No\u00ebl, le rangement des jouets avec poign\u00e9es"},"content":{"rendered":"\t\t<div data-elementor-type=\"product-post\" data-elementor-id=\"9129\" class=\"elementor elementor-9129 elementor-9127\" data-elementor-post-type=\"product\">\n\t\t\t\t<div class=\"elementor-element elementor-element-eb41879 e-flex e-con-boxed e-con e-parent\" data-id=\"eb41879\" data-element_type=\"container\" data-e-type=\"container\">\n\t\t\t\t\t<div class=\"e-con-inner\">\n\t\t\t\t\t<\/div>\n\t\t\t\t<\/div>\n\t\t<div class=\"elementor-element elementor-element-5ae096d e-flex e-con-boxed e-con e-parent\" data-id=\"5ae096d\" data-element_type=\"container\" data-e-type=\"container\">\n\t\t\t\t\t<div class=\"e-con-inner\">\n\t\t\t\t<div class=\"elementor-element elementor-element-ed78f2d elementor-widget elementor-widget-image\" data-id=\"ed78f2d\" data-element_type=\"widget\" data-e-type=\"widget\" data-widget_type=\"image.default\">\n\t\t\t\t\t\t\t\t\t\t\t\t\t\t\t<img fetchpriority=\"high\" decoding=\"async\" width=\"800\" height=\"800\" src=\"https:\/\/www.cnxiangfu.com\/wp-content\/uploads\/2025\/12\/4-5-10-1024x1024.jpg\" class=\"attachment-large size-large wp-image-9550\" alt=\"\" srcset=\"https:\/\/www.cnxiangfu.com\/wp-content\/uploads\/2025\/12\/4-5-10-1024x1024.jpg 1024w, https:\/\/www.cnxiangfu.com\/wp-content\/uploads\/2025\/12\/4-5-10-300x300.jpg 300w, https:\/\/www.cnxiangfu.com\/wp-content\/uploads\/2025\/12\/4-5-10-150x150.jpg 150w, https:\/\/www.cnxiangfu.com\/wp-content\/uploads\/2025\/12\/4-5-10-768x768.jpg 768w, https:\/\/www.cnxiangfu.com\/wp-content\/uploads\/2025\/12\/4-5-10-650x650.jpg 650w, https:\/\/www.cnxiangfu.com\/wp-content\/uploads\/2025\/12\/4-5-10-1300x1300.jpg 1300w, https:\/\/www.cnxiangfu.com\/wp-content\/uploads\/2025\/12\/4-5-10-600x600.jpg 600w, https:\/\/www.cnxiangfu.com\/wp-content\/uploads\/2025\/12\/4-5-10-100x100.jpg 100w, https:\/\/www.cnxiangfu.com\/wp-content\/uploads\/2025\/12\/4-5-10.jpg 1500w\" sizes=\"(max-width: 800px) 100vw, 800px\" title=\"\">\t\t\t\t\t\t\t\t\t\t\t\t\t\t\t<\/div>\n\t\t\t\t<div class=\"elementor-element elementor-element-88adbd6 elementor-widget elementor-widget-image\" data-id=\"88adbd6\" data-element_type=\"widget\" data-e-type=\"widget\" data-widget_type=\"image.default\">\n\t\t\t\t\t\t\t\t\t\t\t\t\t\t\t<img decoding=\"async\" width=\"1500\" height=\"1493\" src=\"https:\/\/www.cnxiangfu.com\/wp-content\/uploads\/2025\/12\/4-6-10.jpg\" class=\"attachment-full size-full wp-image-9551\" alt=\"\" srcset=\"https:\/\/www.cnxiangfu.com\/wp-content\/uploads\/2025\/12\/4-6-10.jpg 1500w, https:\/\/www.cnxiangfu.com\/wp-content\/uploads\/2025\/12\/4-6-10-300x300.jpg 300w, https:\/\/www.cnxiangfu.com\/wp-content\/uploads\/2025\/12\/4-6-10-1024x1019.jpg 1024w, https:\/\/www.cnxiangfu.com\/wp-content\/uploads\/2025\/12\/4-6-10-150x150.jpg 150w, https:\/\/www.cnxiangfu.com\/wp-content\/uploads\/2025\/12\/4-6-10-768x764.jpg 768w, https:\/\/www.cnxiangfu.com\/wp-content\/uploads\/2025\/12\/4-6-10-600x597.jpg 600w, https:\/\/www.cnxiangfu.com\/wp-content\/uploads\/2025\/12\/4-6-10-100x100.jpg 100w\" sizes=\"(max-width: 1500px) 100vw, 1500px\" title=\"\">\t\t\t\t\t\t\t\t\t\t\t\t\t\t\t<\/div>\n\t\t\t\t<div class=\"elementor-element elementor-element-7df335e elementor-widget elementor-widget-image\" data-id=\"7df335e\" data-element_type=\"widget\" data-e-type=\"widget\" data-widget_type=\"image.default\">\n\t\t\t\t\t\t\t\t\t\t\t\t\t\t\t<img decoding=\"async\" width=\"1024\" height=\"1024\" src=\"https:\/\/www.cnxiangfu.com\/wp-content\/uploads\/2025\/12\/4-7-7.jpg\" class=\"attachment-full size-full wp-image-9552\" alt=\"\" srcset=\"https:\/\/www.cnxiangfu.com\/wp-content\/uploads\/2025\/12\/4-7-7.jpg 1024w, https:\/\/www.cnxiangfu.com\/wp-content\/uploads\/2025\/12\/4-7-7-300x300.jpg 300w, https:\/\/www.cnxiangfu.com\/wp-content\/uploads\/2025\/12\/4-7-7-150x150.jpg 150w, https:\/\/www.cnxiangfu.com\/wp-content\/uploads\/2025\/12\/4-7-7-768x768.jpg 768w, https:\/\/www.cnxiangfu.com\/wp-content\/uploads\/2025\/12\/4-7-7-650x650.jpg 650w, https:\/\/www.cnxiangfu.com\/wp-content\/uploads\/2025\/12\/4-7-7-600x600.jpg 600w, https:\/\/www.cnxiangfu.com\/wp-content\/uploads\/2025\/12\/4-7-7-100x100.jpg 100w\" sizes=\"(max-width: 1024px) 100vw, 1024px\" title=\"\">\t\t\t\t\t\t\t\t\t\t\t\t\t\t\t<\/div>\n\t\t\t\t<div class=\"elementor-element elementor-element-6a2a776 elementor-widget elementor-widget-image\" data-id=\"6a2a776\" data-element_type=\"widget\" data-e-type=\"widget\" data-widget_type=\"image.default\">\n\t\t\t\t\t\t\t\t\t\t\t\t\t\t\t<img loading=\"lazy\" decoding=\"async\" width=\"1482\" height=\"1500\" src=\"https:\/\/www.cnxiangfu.com\/wp-content\/uploads\/2025\/12\/4-8-9.jpg\" class=\"attachment-full size-full wp-image-9553\" alt=\"\" srcset=\"https:\/\/www.cnxiangfu.com\/wp-content\/uploads\/2025\/12\/4-8-9.jpg 1482w, https:\/\/www.cnxiangfu.com\/wp-content\/uploads\/2025\/12\/4-8-9-296x300.jpg 296w, https:\/\/www.cnxiangfu.com\/wp-content\/uploads\/2025\/12\/4-8-9-1012x1024.jpg 1012w, https:\/\/www.cnxiangfu.com\/wp-content\/uploads\/2025\/12\/4-8-9-768x777.jpg 768w, https:\/\/www.cnxiangfu.com\/wp-content\/uploads\/2025\/12\/4-8-9-600x607.jpg 600w, https:\/\/www.cnxiangfu.com\/wp-content\/uploads\/2025\/12\/4-8-9-100x100.jpg 100w\" sizes=\"(max-width: 1482px) 100vw, 1482px\" title=\"\">\t\t\t\t\t\t\t\t\t\t\t\t\t\t\t<\/div>\n\t\t\t\t<div class=\"elementor-element elementor-element-421aa0e elementor-widget elementor-widget-image\" data-id=\"421aa0e\" data-element_type=\"widget\" data-e-type=\"widget\" data-widget_type=\"image.default\">\n\t\t\t\t\t\t\t\t\t\t\t\t\t\t\t<img loading=\"lazy\" decoding=\"async\" width=\"1500\" height=\"1478\" src=\"https:\/\/www.cnxiangfu.com\/wp-content\/uploads\/2025\/12\/4-9-6.jpg\" class=\"attachment-full size-full wp-image-9554\" alt=\"\" srcset=\"https:\/\/www.cnxiangfu.com\/wp-content\/uploads\/2025\/12\/4-9-6.jpg 1500w, https:\/\/www.cnxiangfu.com\/wp-content\/uploads\/2025\/12\/4-9-6-300x296.jpg 300w, https:\/\/www.cnxiangfu.com\/wp-content\/uploads\/2025\/12\/4-9-6-1024x1009.jpg 1024w, https:\/\/www.cnxiangfu.com\/wp-content\/uploads\/2025\/12\/4-9-6-768x757.jpg 768w, https:\/\/www.cnxiangfu.com\/wp-content\/uploads\/2025\/12\/4-9-6-600x591.jpg 600w, https:\/\/www.cnxiangfu.com\/wp-content\/uploads\/2025\/12\/4-9-6-100x100.jpg 100w\" sizes=\"(max-width: 1500px) 100vw, 1500px\" title=\"\">\t\t\t\t\t\t\t\t\t\t\t\t\t\t\t<\/div>\n\t\t\t\t\t<\/div>\n\t\t\t\t<\/div>\n\t\t\t\t<\/div>\n\t\t","protected":false},"excerpt":{"rendered":"<p>Nom du produit : Sac en toile Mat\u00e9riau : toile<\/p>\n<p>Taille : 20,5*14,5*6,3 pouces<\/p>\n<p>Style : Mode<\/p>\n<p>Province : Zhejiang, Chine<\/p>\n<p>Saison : Quatre saisons<\/p>\n<p> \u00ab Application : Voyage<\/p>\n","protected":false},"featured_media":9143,"comment_status":"closed","ping_status":"closed","template":"","meta":{"_acf_changed":false},"product_brand":[],"product_cat":[473],"product_tag":[],"class_list":{"0":"post-9129","1":"product","2":"type-product","3":"status-publish","4":"has-post-thumbnail","6":"product_cat-uncategorized","8":"first","9":"onbackorder","10":"shipping-taxable","11":"purchasable","12":"product-type-simple"},"acf":[],"_links":{"self":[{"href":"https:\/\/www.cnxiangfu.com\/fr\/wp-json\/wp\/v2\/product\/9129","targetHints":{"allow":["GET"]}}],"collection":[{"href":"https:\/\/www.cnxiangfu.com\/fr\/wp-json\/wp\/v2\/product"}],"about":[{"href":"https:\/\/www.cnxiangfu.com\/fr\/wp-json\/wp\/v2\/types\/product"}],"replies":[{"embeddable":true,"href":"https:\/\/www.cnxiangfu.com\/fr\/wp-json\/wp\/v2\/comments?post=9129"}],"version-history":[{"count":3,"href":"https:\/\/www.cnxiangfu.com\/fr\/wp-json\/wp\/v2\/product\/9129\/revisions"}],"predecessor-version":[{"id":9559,"href":"https:\/\/www.cnxiangfu.com\/fr\/wp-json\/wp\/v2\/product\/9129\/revisions\/9559"}],"wp:featuredmedia":[{"embeddable":true,"href":"https:\/\/www.cnxiangfu.com\/fr\/wp-json\/wp\/v2\/media\/9143"}],"wp:attachment":[{"href":"https:\/\/www.cnxiangfu.com\/fr\/wp-json\/wp\/v2\/media?parent=9129"}],"wp:term":[{"taxonomy":"product_brand","embeddable":true,"href":"https:\/\/www.cnxiangfu.com\/fr\/wp-json\/wp\/v2\/product_brand?post=9129"},{"taxonomy":"product_cat","embeddable":true,"href":"https:\/\/www.cnxiangfu.com\/fr\/wp-json\/wp\/v2\/product_cat?post=9129"},{"taxonomy":"product_tag","embeddable":true,"href":"https:\/\/www.cnxiangfu.com\/fr\/wp-json\/wp\/v2\/product_tag?post=9129"}],"curies":[{"name":"wp","href":"https:\/\/api.w.org\/{rel}","templated":true}]}}