{"id":9491,"date":"2025-12-02T13:42:29","date_gmt":"2025-12-02T05:42:29","guid":{"rendered":"https:\/\/www.cnxiangfu.com\/product\/grands-sacs-cadeaux-en-papier-kraft-de-13x7x13-pouces-avec-poignees-sacs-en-papier-brun-recyclables-en-vrac-de-50-pouces-pour-les-affaires-les-produits-derives-les-sacs-cadeaux-les-courses-les-mag\/"},"modified":"2025-12-02T15:41:37","modified_gmt":"2025-12-02T07:41:37","slug":"grands-sacs-cadeaux-en-papier-kraft-de-13x7x13-pouces-avec-poignees-sacs-en-papier-brun-recyclables-en-vrac-de-50-pouces-pour-les-affaires-les-produits-derives-les-sacs-cadeaux-les-courses-les-mag","status":"publish","type":"product","link":"https:\/\/www.cnxiangfu.com\/fr\/produit\/grands-sacs-cadeaux-en-papier-kraft-de-13x7x13-pouces-avec-poignees-sacs-en-papier-brun-recyclables-en-vrac-de-50-pouces-pour-les-affaires-les-produits-derives-les-sacs-cadeaux-les-courses-les-mag\/","title":{"rendered":"Grands sacs cadeaux en papier Kraft de 13x7x13 pouces avec poign\u00e9es Sacs en papier brun recyclables en vrac de 50 pouces pour les affaires, les produits d\u00e9riv\u00e9s, les sacs cadeaux, les courses, les magasins, les plats \u00e0 emporter, les f\u00eates d\u2019anniversaire"},"content":{"rendered":"\t\t<div data-elementor-type=\"product-post\" data-elementor-id=\"9491\" class=\"elementor elementor-9491 elementor-9099\" data-elementor-post-type=\"product\">\n\t\t\t\t<div class=\"elementor-element elementor-element-521ac68 e-flex e-con-boxed e-con e-parent\" data-id=\"521ac68\" data-element_type=\"container\" data-e-type=\"container\">\n\t\t\t\t\t<div class=\"e-con-inner\">\n\t\t\t\t<div class=\"elementor-element elementor-element-1de83d6 elementor-widget elementor-widget-image\" data-id=\"1de83d6\" data-element_type=\"widget\" data-e-type=\"widget\" data-widget_type=\"image.default\">\n\t\t\t\t\t\t\t\t\t\t\t\t\t\t\t<img fetchpriority=\"high\" decoding=\"async\" width=\"800\" height=\"800\" src=\"https:\/\/www.cnxiangfu.com\/wp-content\/uploads\/2025\/12\/3_61uqFWPNoYL._AC_SL1500_-1024x1024.jpg\" class=\"attachment-large size-large wp-image-9495\" alt=\"\" srcset=\"https:\/\/www.cnxiangfu.com\/wp-content\/uploads\/2025\/12\/3_61uqFWPNoYL._AC_SL1500_-1024x1024.jpg 1024w, https:\/\/www.cnxiangfu.com\/wp-content\/uploads\/2025\/12\/3_61uqFWPNoYL._AC_SL1500_-300x300.jpg 300w, https:\/\/www.cnxiangfu.com\/wp-content\/uploads\/2025\/12\/3_61uqFWPNoYL._AC_SL1500_-150x150.jpg 150w, https:\/\/www.cnxiangfu.com\/wp-content\/uploads\/2025\/12\/3_61uqFWPNoYL._AC_SL1500_-768x768.jpg 768w, https:\/\/www.cnxiangfu.com\/wp-content\/uploads\/2025\/12\/3_61uqFWPNoYL._AC_SL1500_-650x650.jpg 650w, https:\/\/www.cnxiangfu.com\/wp-content\/uploads\/2025\/12\/3_61uqFWPNoYL._AC_SL1500_-1300x1300.jpg 1300w, https:\/\/www.cnxiangfu.com\/wp-content\/uploads\/2025\/12\/3_61uqFWPNoYL._AC_SL1500_-600x600.jpg 600w, https:\/\/www.cnxiangfu.com\/wp-content\/uploads\/2025\/12\/3_61uqFWPNoYL._AC_SL1500_-100x100.jpg 100w, https:\/\/www.cnxiangfu.com\/wp-content\/uploads\/2025\/12\/3_61uqFWPNoYL._AC_SL1500_.jpg 1500w\" sizes=\"(max-width: 800px) 100vw, 800px\" title=\"\">\t\t\t\t\t\t\t\t\t\t\t\t\t\t\t<\/div>\n\t\t\t\t\t<\/div>\n\t\t\t\t<\/div>\n\t\t<div class=\"elementor-element elementor-element-199286e e-flex e-con-boxed e-con e-parent\" data-id=\"199286e\" data-element_type=\"container\" data-e-type=\"container\">\n\t\t\t\t\t<div class=\"e-con-inner\">\n\t\t\t\t<div class=\"elementor-element elementor-element-3141a41 elementor-widget elementor-widget-image\" data-id=\"3141a41\" data-element_type=\"widget\" data-e-type=\"widget\" data-widget_type=\"image.default\">\n\t\t\t\t\t\t\t\t\t\t\t\t\t\t\t<img decoding=\"async\" width=\"800\" height=\"800\" src=\"https:\/\/www.cnxiangfu.com\/wp-content\/uploads\/2025\/12\/5_71l9Tm3ugTL._AC_SL1500_-1024x1024.jpg\" class=\"attachment-large size-large wp-image-9496\" alt=\"\" srcset=\"https:\/\/www.cnxiangfu.com\/wp-content\/uploads\/2025\/12\/5_71l9Tm3ugTL._AC_SL1500_-1024x1024.jpg 1024w, https:\/\/www.cnxiangfu.com\/wp-content\/uploads\/2025\/12\/5_71l9Tm3ugTL._AC_SL1500_-300x300.jpg 300w, https:\/\/www.cnxiangfu.com\/wp-content\/uploads\/2025\/12\/5_71l9Tm3ugTL._AC_SL1500_-150x150.jpg 150w, https:\/\/www.cnxiangfu.com\/wp-content\/uploads\/2025\/12\/5_71l9Tm3ugTL._AC_SL1500_-768x768.jpg 768w, https:\/\/www.cnxiangfu.com\/wp-content\/uploads\/2025\/12\/5_71l9Tm3ugTL._AC_SL1500_-650x650.jpg 650w, https:\/\/www.cnxiangfu.com\/wp-content\/uploads\/2025\/12\/5_71l9Tm3ugTL._AC_SL1500_-1300x1300.jpg 1300w, https:\/\/www.cnxiangfu.com\/wp-content\/uploads\/2025\/12\/5_71l9Tm3ugTL._AC_SL1500_-600x600.jpg 600w, https:\/\/www.cnxiangfu.com\/wp-content\/uploads\/2025\/12\/5_71l9Tm3ugTL._AC_SL1500_-100x100.jpg 100w, https:\/\/www.cnxiangfu.com\/wp-content\/uploads\/2025\/12\/5_71l9Tm3ugTL._AC_SL1500_.jpg 1500w\" sizes=\"(max-width: 800px) 100vw, 800px\" title=\"\">\t\t\t\t\t\t\t\t\t\t\t\t\t\t\t<\/div>\n\t\t\t\t\t<\/div>\n\t\t\t\t<\/div>\n\t\t\t\t<\/div>\n\t\t","protected":false},"excerpt":{"rendered":"<p>Nom du produit : Sac en toile Mat\u00e9riau : toile<\/p>\n<p>Taille : 35*40*12 cm<\/p>\n<p>Style : Mode<\/p>\n<p>Province : Zhejiang, Chine<\/p>\n<p>Saison : Quatre saisons<\/p>\n<p> \u00bb Application : Voyage<\/p>\n","protected":false},"featured_media":9105,"comment_status":"closed","ping_status":"closed","template":"","meta":{"_acf_changed":false},"product_brand":[],"product_cat":[473],"product_tag":[],"class_list":{"0":"post-9491","1":"product","2":"type-product","3":"status-publish","4":"has-post-thumbnail","6":"product_cat-uncategorized","8":"first","9":"onbackorder","10":"shipping-taxable","11":"purchasable","12":"product-type-simple"},"acf":[],"_links":{"self":[{"href":"https:\/\/www.cnxiangfu.com\/fr\/wp-json\/wp\/v2\/product\/9491","targetHints":{"allow":["GET"]}}],"collection":[{"href":"https:\/\/www.cnxiangfu.com\/fr\/wp-json\/wp\/v2\/product"}],"about":[{"href":"https:\/\/www.cnxiangfu.com\/fr\/wp-json\/wp\/v2\/types\/product"}],"replies":[{"embeddable":true,"href":"https:\/\/www.cnxiangfu.com\/fr\/wp-json\/wp\/v2\/comments?post=9491"}],"version-history":[{"count":1,"href":"https:\/\/www.cnxiangfu.com\/fr\/wp-json\/wp\/v2\/product\/9491\/revisions"}],"predecessor-version":[{"id":9497,"href":"https:\/\/www.cnxiangfu.com\/fr\/wp-json\/wp\/v2\/product\/9491\/revisions\/9497"}],"wp:featuredmedia":[{"embeddable":true,"href":"https:\/\/www.cnxiangfu.com\/fr\/wp-json\/wp\/v2\/media\/9105"}],"wp:attachment":[{"href":"https:\/\/www.cnxiangfu.com\/fr\/wp-json\/wp\/v2\/media?parent=9491"}],"wp:term":[{"taxonomy":"product_brand","embeddable":true,"href":"https:\/\/www.cnxiangfu.com\/fr\/wp-json\/wp\/v2\/product_brand?post=9491"},{"taxonomy":"product_cat","embeddable":true,"href":"https:\/\/www.cnxiangfu.com\/fr\/wp-json\/wp\/v2\/product_cat?post=9491"},{"taxonomy":"product_tag","embeddable":true,"href":"https:\/\/www.cnxiangfu.com\/fr\/wp-json\/wp\/v2\/product_tag?post=9491"}],"curies":[{"name":"wp","href":"https:\/\/api.w.org\/{rel}","templated":true}]}}