{"id":964,"date":"2025-10-16T14:02:03","date_gmt":"2025-10-16T06:02:03","guid":{"rendered":"https:\/\/www.cnxiangfu.com\/product\/sac-a-cordon-de-serrage\/"},"modified":"2025-11-07T16:18:54","modified_gmt":"2025-11-07T08:18:54","slug":"sac-a-cordon-de-serrage","status":"publish","type":"product","link":"https:\/\/www.cnxiangfu.com\/fr\/produit\/sac-a-cordon-de-serrage\/","title":{"rendered":"2025 Nouveau style Velours c\u00f4tel\u00e9 Sac \u00e0 bandouli\u00e8re unique pour femmes, style \u00e9tudiant cor\u00e9en, grande capacit\u00e9, litt\u00e9raire et simple, sac \u00e0 provisions polyvalent"},"content":{"rendered":"\t\t<div data-elementor-type=\"product-post\" data-elementor-id=\"964\" class=\"elementor elementor-964\" data-elementor-post-type=\"product\">\n\t\t\t\t<div class=\"elementor-element elementor-element-31f5d34 e-flex e-con-boxed e-con e-parent\" data-id=\"31f5d34\" data-element_type=\"container\" data-e-type=\"container\">\n\t\t\t\t\t<div class=\"e-con-inner\">\n\t\t\t\t<div class=\"elementor-element elementor-element-8de0144 elementor-widget elementor-widget-image\" data-id=\"8de0144\" data-element_type=\"widget\" data-e-type=\"widget\" data-widget_type=\"image.default\">\n\t\t\t\t\t\t\t\t\t\t\t\t\t\t\t<img fetchpriority=\"high\" decoding=\"async\" width=\"1500\" height=\"1500\" src=\"https:\/\/www.cnxiangfu.com\/wp-content\/uploads\/2025\/10\/18_71HBwmiSHL._AC_SL1500_.jpg\" class=\"attachment-full size-full wp-image-3631\" alt=\"\" srcset=\"https:\/\/www.cnxiangfu.com\/wp-content\/uploads\/2025\/10\/18_71HBwmiSHL._AC_SL1500_.jpg 1500w, https:\/\/www.cnxiangfu.com\/wp-content\/uploads\/2025\/10\/18_71HBwmiSHL._AC_SL1500_-300x300.jpg 300w, https:\/\/www.cnxiangfu.com\/wp-content\/uploads\/2025\/10\/18_71HBwmiSHL._AC_SL1500_-1024x1024.jpg 1024w, https:\/\/www.cnxiangfu.com\/wp-content\/uploads\/2025\/10\/18_71HBwmiSHL._AC_SL1500_-150x150.jpg 150w, https:\/\/www.cnxiangfu.com\/wp-content\/uploads\/2025\/10\/18_71HBwmiSHL._AC_SL1500_-768x768.jpg 768w, https:\/\/www.cnxiangfu.com\/wp-content\/uploads\/2025\/10\/18_71HBwmiSHL._AC_SL1500_-650x650.jpg 650w, https:\/\/www.cnxiangfu.com\/wp-content\/uploads\/2025\/10\/18_71HBwmiSHL._AC_SL1500_-1300x1300.jpg 1300w, https:\/\/www.cnxiangfu.com\/wp-content\/uploads\/2025\/10\/18_71HBwmiSHL._AC_SL1500_-600x600.jpg 600w, https:\/\/www.cnxiangfu.com\/wp-content\/uploads\/2025\/10\/18_71HBwmiSHL._AC_SL1500_-100x100.jpg 100w\" sizes=\"(max-width: 1500px) 100vw, 1500px\" title=\"\">\t\t\t\t\t\t\t\t\t\t\t\t\t\t\t<\/div>\n\t\t\t\t<div class=\"elementor-element elementor-element-c0ce038 elementor-widget elementor-widget-image\" data-id=\"c0ce038\" data-element_type=\"widget\" data-e-type=\"widget\" data-widget_type=\"image.default\">\n\t\t\t\t\t\t\t\t\t\t\t\t\t\t\t<img decoding=\"async\" width=\"1500\" height=\"1490\" src=\"https:\/\/www.cnxiangfu.com\/wp-content\/uploads\/2025\/10\/14_71XvDgu49rL._AC_SL1500_.jpg\" class=\"attachment-full size-full wp-image-3632\" alt=\"\" srcset=\"https:\/\/www.cnxiangfu.com\/wp-content\/uploads\/2025\/10\/14_71XvDgu49rL._AC_SL1500_.jpg 1500w, https:\/\/www.cnxiangfu.com\/wp-content\/uploads\/2025\/10\/14_71XvDgu49rL._AC_SL1500_-300x298.jpg 300w, https:\/\/www.cnxiangfu.com\/wp-content\/uploads\/2025\/10\/14_71XvDgu49rL._AC_SL1500_-1024x1017.jpg 1024w, https:\/\/www.cnxiangfu.com\/wp-content\/uploads\/2025\/10\/14_71XvDgu49rL._AC_SL1500_-150x150.jpg 150w, https:\/\/www.cnxiangfu.com\/wp-content\/uploads\/2025\/10\/14_71XvDgu49rL._AC_SL1500_-768x763.jpg 768w, https:\/\/www.cnxiangfu.com\/wp-content\/uploads\/2025\/10\/14_71XvDgu49rL._AC_SL1500_-600x596.jpg 600w, https:\/\/www.cnxiangfu.com\/wp-content\/uploads\/2025\/10\/14_71XvDgu49rL._AC_SL1500_-100x100.jpg 100w\" sizes=\"(max-width: 1500px) 100vw, 1500px\" title=\"\">\t\t\t\t\t\t\t\t\t\t\t\t\t\t\t<\/div>\n\t\t\t\t<div class=\"elementor-element elementor-element-ea0474f elementor-widget elementor-widget-image\" data-id=\"ea0474f\" data-element_type=\"widget\" data-e-type=\"widget\" data-widget_type=\"image.default\">\n\t\t\t\t\t\t\t\t\t\t\t\t\t\t\t<img decoding=\"async\" width=\"1500\" height=\"1483\" src=\"https:\/\/www.cnxiangfu.com\/wp-content\/uploads\/2025\/10\/24_71yGEc88mcL._AC_SL1500_.jpg\" class=\"attachment-full size-full wp-image-3633\" alt=\"\" srcset=\"https:\/\/www.cnxiangfu.com\/wp-content\/uploads\/2025\/10\/24_71yGEc88mcL._AC_SL1500_.jpg 1500w, https:\/\/www.cnxiangfu.com\/wp-content\/uploads\/2025\/10\/24_71yGEc88mcL._AC_SL1500_-300x297.jpg 300w, https:\/\/www.cnxiangfu.com\/wp-content\/uploads\/2025\/10\/24_71yGEc88mcL._AC_SL1500_-1024x1012.jpg 1024w, https:\/\/www.cnxiangfu.com\/wp-content\/uploads\/2025\/10\/24_71yGEc88mcL._AC_SL1500_-768x759.jpg 768w, https:\/\/www.cnxiangfu.com\/wp-content\/uploads\/2025\/10\/24_71yGEc88mcL._AC_SL1500_-600x593.jpg 600w, https:\/\/www.cnxiangfu.com\/wp-content\/uploads\/2025\/10\/24_71yGEc88mcL._AC_SL1500_-100x100.jpg 100w\" sizes=\"(max-width: 1500px) 100vw, 1500px\" title=\"\">\t\t\t\t\t\t\t\t\t\t\t\t\t\t\t<\/div>\n\t\t\t\t\t<\/div>\n\t\t\t\t<\/div>\n\t\t\t\t<\/div>\n\t\t","protected":false},"excerpt":{"rendered":"<p>Nom du produit&nbsp;: Sac<\/p>\n<p>en toile Taille du produit&nbsp;: Largeur 35cm x Hauteur 40cm (unit\u00e9&nbsp;: centim\u00e8tres)<\/p>\n<p>Sac Tissu&nbsp;: 12 unit\u00e9s de coton semi-blanchi<\/p>\n<p>Poign\u00e9e&nbsp;: corde de coton Utilisation&nbsp;: Sac<\/p>\n<p>\u00e0 bijoux, sac<\/p>\n<p>de rangement Style&nbsp;: Mode<\/p>\n<p>M\u00e9thode personnalisable&nbsp;: Impression personnalisable et dimensions<\/p>\n<p>Pays d\u2019origine&nbsp;: Zhejiang, Chine<\/p>\n","protected":false},"featured_media":3841,"comment_status":"open","ping_status":"closed","template":"","meta":{"_acf_changed":false},"product_brand":[],"product_cat":[67,109],"product_tag":[],"class_list":{"0":"post-964","1":"product","2":"type-product","3":"status-publish","4":"has-post-thumbnail","6":"product_cat-non-categorise","7":"product_cat-sac-a-provisions-pliable","9":"first","10":"instock","11":"sale","12":"shipping-taxable","13":"purchasable","14":"product-type-simple"},"acf":[],"_links":{"self":[{"href":"https:\/\/www.cnxiangfu.com\/fr\/wp-json\/wp\/v2\/product\/964","targetHints":{"allow":["GET"]}}],"collection":[{"href":"https:\/\/www.cnxiangfu.com\/fr\/wp-json\/wp\/v2\/product"}],"about":[{"href":"https:\/\/www.cnxiangfu.com\/fr\/wp-json\/wp\/v2\/types\/product"}],"replies":[{"embeddable":true,"href":"https:\/\/www.cnxiangfu.com\/fr\/wp-json\/wp\/v2\/comments?post=964"}],"version-history":[{"count":12,"href":"https:\/\/www.cnxiangfu.com\/fr\/wp-json\/wp\/v2\/product\/964\/revisions"}],"predecessor-version":[{"id":3634,"href":"https:\/\/www.cnxiangfu.com\/fr\/wp-json\/wp\/v2\/product\/964\/revisions\/3634"}],"wp:featuredmedia":[{"embeddable":true,"href":"https:\/\/www.cnxiangfu.com\/fr\/wp-json\/wp\/v2\/media\/3841"}],"wp:attachment":[{"href":"https:\/\/www.cnxiangfu.com\/fr\/wp-json\/wp\/v2\/media?parent=964"}],"wp:term":[{"taxonomy":"product_brand","embeddable":true,"href":"https:\/\/www.cnxiangfu.com\/fr\/wp-json\/wp\/v2\/product_brand?post=964"},{"taxonomy":"product_cat","embeddable":true,"href":"https:\/\/www.cnxiangfu.com\/fr\/wp-json\/wp\/v2\/product_cat?post=964"},{"taxonomy":"product_tag","embeddable":true,"href":"https:\/\/www.cnxiangfu.com\/fr\/wp-json\/wp\/v2\/product_tag?post=964"}],"curies":[{"name":"wp","href":"https:\/\/api.w.org\/{rel}","templated":true}]}}