{"id":989,"date":"2025-10-16T13:58:13","date_gmt":"2025-10-16T05:58:13","guid":{"rendered":"https:\/\/www.cnxiangfu.com\/product\/molleton\/"},"modified":"2025-10-30T14:12:04","modified_gmt":"2025-10-30T06:12:04","slug":"molleton","status":"publish","type":"product","link":"https:\/\/www.cnxiangfu.com\/fr\/produit\/molleton\/","title":{"rendered":"Molleton"},"content":{"rendered":"\t\t<div data-elementor-type=\"product-post\" data-elementor-id=\"989\" class=\"elementor elementor-989 elementor-669\" data-elementor-post-type=\"product\">\n\t\t\t\t<div class=\"elementor-element elementor-element-31f5d34 e-flex e-con-boxed e-con e-parent\" data-id=\"31f5d34\" data-element_type=\"container\" data-e-type=\"container\">\n\t\t\t\t\t<div class=\"e-con-inner\">\n\t\t\t\t<div class=\"elementor-element elementor-element-8de0144 elementor-widget elementor-widget-image\" data-id=\"8de0144\" data-element_type=\"widget\" data-e-type=\"widget\" data-widget_type=\"image.default\">\n\t\t\t\t\t\t\t\t\t\t\t\t\t\t\t<img fetchpriority=\"high\" decoding=\"async\" width=\"800\" height=\"800\" src=\"https:\/\/www.cnxiangfu.com\/wp-content\/uploads\/2025\/10\/\u8be6\u60c5\u9875A1_WH_800x800px-7.jpg\" class=\"attachment-full size-full wp-image-995\" alt=\"\" srcset=\"https:\/\/www.cnxiangfu.com\/wp-content\/uploads\/2025\/10\/\u8be6\u60c5\u9875A1_WH_800x800px-7.jpg 800w, https:\/\/www.cnxiangfu.com\/wp-content\/uploads\/2025\/10\/\u8be6\u60c5\u9875A1_WH_800x800px-7-300x300.jpg 300w, https:\/\/www.cnxiangfu.com\/wp-content\/uploads\/2025\/10\/\u8be6\u60c5\u9875A1_WH_800x800px-7-150x150.jpg 150w, https:\/\/www.cnxiangfu.com\/wp-content\/uploads\/2025\/10\/\u8be6\u60c5\u9875A1_WH_800x800px-7-768x768.jpg 768w, https:\/\/www.cnxiangfu.com\/wp-content\/uploads\/2025\/10\/\u8be6\u60c5\u9875A1_WH_800x800px-7-650x650.jpg 650w, https:\/\/www.cnxiangfu.com\/wp-content\/uploads\/2025\/10\/\u8be6\u60c5\u9875A1_WH_800x800px-7-600x600.jpg 600w, https:\/\/www.cnxiangfu.com\/wp-content\/uploads\/2025\/10\/\u8be6\u60c5\u9875A1_WH_800x800px-7-100x100.jpg 100w\" sizes=\"(max-width: 800px) 100vw, 800px\" title=\"\">\t\t\t\t\t\t\t\t\t\t\t\t\t\t\t<\/div>\n\t\t\t\t<div class=\"elementor-element elementor-element-c0ce038 elementor-widget elementor-widget-image\" data-id=\"c0ce038\" data-element_type=\"widget\" data-e-type=\"widget\" data-widget_type=\"image.default\">\n\t\t\t\t\t\t\t\t\t\t\t\t\t\t\t<img decoding=\"async\" width=\"800\" height=\"800\" src=\"https:\/\/www.cnxiangfu.com\/wp-content\/uploads\/2025\/10\/\u8be6\u60c5\u9875A2_WH_800x800px-6.jpg\" class=\"attachment-full size-full wp-image-996\" alt=\"\" srcset=\"https:\/\/www.cnxiangfu.com\/wp-content\/uploads\/2025\/10\/\u8be6\u60c5\u9875A2_WH_800x800px-6.jpg 800w, https:\/\/www.cnxiangfu.com\/wp-content\/uploads\/2025\/10\/\u8be6\u60c5\u9875A2_WH_800x800px-6-300x300.jpg 300w, https:\/\/www.cnxiangfu.com\/wp-content\/uploads\/2025\/10\/\u8be6\u60c5\u9875A2_WH_800x800px-6-150x150.jpg 150w, https:\/\/www.cnxiangfu.com\/wp-content\/uploads\/2025\/10\/\u8be6\u60c5\u9875A2_WH_800x800px-6-768x768.jpg 768w, https:\/\/www.cnxiangfu.com\/wp-content\/uploads\/2025\/10\/\u8be6\u60c5\u9875A2_WH_800x800px-6-650x650.jpg 650w, https:\/\/www.cnxiangfu.com\/wp-content\/uploads\/2025\/10\/\u8be6\u60c5\u9875A2_WH_800x800px-6-600x600.jpg 600w, https:\/\/www.cnxiangfu.com\/wp-content\/uploads\/2025\/10\/\u8be6\u60c5\u9875A2_WH_800x800px-6-100x100.jpg 100w\" sizes=\"(max-width: 800px) 100vw, 800px\" title=\"\">\t\t\t\t\t\t\t\t\t\t\t\t\t\t\t<\/div>\n\t\t\t\t<div class=\"elementor-element elementor-element-ea0474f elementor-widget elementor-widget-image\" data-id=\"ea0474f\" data-element_type=\"widget\" data-e-type=\"widget\" data-widget_type=\"image.default\">\n\t\t\t\t\t\t\t\t\t\t\t\t\t\t\t<img decoding=\"async\" width=\"800\" height=\"800\" src=\"https:\/\/www.cnxiangfu.com\/wp-content\/uploads\/2025\/10\/\u8be6\u60c5\u9875A3_WH_800x800px-4.jpg\" class=\"attachment-full size-full wp-image-997\" alt=\"\" srcset=\"https:\/\/www.cnxiangfu.com\/wp-content\/uploads\/2025\/10\/\u8be6\u60c5\u9875A3_WH_800x800px-4.jpg 800w, https:\/\/www.cnxiangfu.com\/wp-content\/uploads\/2025\/10\/\u8be6\u60c5\u9875A3_WH_800x800px-4-300x300.jpg 300w, https:\/\/www.cnxiangfu.com\/wp-content\/uploads\/2025\/10\/\u8be6\u60c5\u9875A3_WH_800x800px-4-150x150.jpg 150w, https:\/\/www.cnxiangfu.com\/wp-content\/uploads\/2025\/10\/\u8be6\u60c5\u9875A3_WH_800x800px-4-768x768.jpg 768w, https:\/\/www.cnxiangfu.com\/wp-content\/uploads\/2025\/10\/\u8be6\u60c5\u9875A3_WH_800x800px-4-650x650.jpg 650w, https:\/\/www.cnxiangfu.com\/wp-content\/uploads\/2025\/10\/\u8be6\u60c5\u9875A3_WH_800x800px-4-600x600.jpg 600w, https:\/\/www.cnxiangfu.com\/wp-content\/uploads\/2025\/10\/\u8be6\u60c5\u9875A3_WH_800x800px-4-100x100.jpg 100w\" sizes=\"(max-width: 800px) 100vw, 800px\" title=\"\">\t\t\t\t\t\t\t\t\t\t\t\t\t\t\t<\/div>\n\t\t\t\t\t<\/div>\n\t\t\t\t<\/div>\n\t\t\t\t<\/div>\n\t\t","protected":false},"excerpt":{"rendered":"<p>Nom du produit&nbsp;: Sac<\/p>\n<p>seau en polaire Taille du produit&nbsp;: Largeur 18cm x Hauteur 20cm x Largeur inf\u00e9rieure 18cm (unit\u00e9&nbsp;: centim\u00e8tres)<\/p>\n<p> Tissu du sac&nbsp;: Polaire<\/p>\n<p>Poign\u00e9e&nbsp;: Polaire Utilisation&nbsp;: Shopping<\/p>\n<p>, Voyage, Supermarch\u00e9<\/p>\n","protected":false},"featured_media":991,"comment_status":"open","ping_status":"closed","template":"","meta":{"_acf_changed":false},"product_brand":[],"product_cat":[72],"product_tag":[],"class_list":{"0":"post-989","1":"product","2":"type-product","3":"status-publish","4":"has-post-thumbnail","6":"product_cat-sac-thermique","8":"first","9":"instock","10":"shipping-taxable","11":"product-type-simple"},"acf":[],"_links":{"self":[{"href":"https:\/\/www.cnxiangfu.com\/fr\/wp-json\/wp\/v2\/product\/989","targetHints":{"allow":["GET"]}}],"collection":[{"href":"https:\/\/www.cnxiangfu.com\/fr\/wp-json\/wp\/v2\/product"}],"about":[{"href":"https:\/\/www.cnxiangfu.com\/fr\/wp-json\/wp\/v2\/types\/product"}],"replies":[{"embeddable":true,"href":"https:\/\/www.cnxiangfu.com\/fr\/wp-json\/wp\/v2\/comments?post=989"}],"version-history":[{"count":1,"href":"https:\/\/www.cnxiangfu.com\/fr\/wp-json\/wp\/v2\/product\/989\/revisions"}],"predecessor-version":[{"id":1003,"href":"https:\/\/www.cnxiangfu.com\/fr\/wp-json\/wp\/v2\/product\/989\/revisions\/1003"}],"wp:featuredmedia":[{"embeddable":true,"href":"https:\/\/www.cnxiangfu.com\/fr\/wp-json\/wp\/v2\/media\/991"}],"wp:attachment":[{"href":"https:\/\/www.cnxiangfu.com\/fr\/wp-json\/wp\/v2\/media?parent=989"}],"wp:term":[{"taxonomy":"product_brand","embeddable":true,"href":"https:\/\/www.cnxiangfu.com\/fr\/wp-json\/wp\/v2\/product_brand?post=989"},{"taxonomy":"product_cat","embeddable":true,"href":"https:\/\/www.cnxiangfu.com\/fr\/wp-json\/wp\/v2\/product_cat?post=989"},{"taxonomy":"product_tag","embeddable":true,"href":"https:\/\/www.cnxiangfu.com\/fr\/wp-json\/wp\/v2\/product_tag?post=989"}],"curies":[{"name":"wp","href":"https:\/\/api.w.org\/{rel}","templated":true}]}}